{"id":40887,"date":"2026-03-04T23:25:37","date_gmt":"2026-03-04T23:25:37","guid":{"rendered":"https:\/\/maniadasmoedas.pt\/?post_type=product&#038;p=40887"},"modified":"2026-03-27T23:58:55","modified_gmt":"2026-03-27T23:58:55","slug":"moeda-2e-alemanha-2026-konrad-adenauer-certificada","status":"publish","type":"product","link":"https:\/\/maniadasmoedas.pt\/?product=moeda-2e-alemanha-2026-konrad-adenauer-certificada","title":{"rendered":"Moeda 2\u20ac Alemanha 2026 &#8211; Konrad Adenauer &#8211; Certificada"},"content":{"rendered":"\t\t<div data-elementor-type=\"wp-post\" data-elementor-id=\"40887\" class=\"elementor elementor-40887\">\n\t\t\t\t\t\t<section class=\"elementor-section elementor-top-section elementor-element elementor-element-1fdb79d elementor-section-boxed elementor-section-height-default elementor-section-height-default wpr-particle-no wpr-jarallax-no wpr-parallax-no wpr-sticky-section-no\" data-id=\"1fdb79d\" data-element_type=\"section\" data-e-type=\"section\">\n\t\t\t\t\t\t<div class=\"elementor-container elementor-column-gap-default\">\n\t\t\t\t\t<div class=\"elementor-column elementor-col-100 elementor-top-column elementor-element elementor-element-63ba0cbc\" data-id=\"63ba0cbc\" data-element_type=\"column\" data-e-type=\"column\">\n\t\t\t<div class=\"elementor-widget-wrap elementor-element-populated\">\n\t\t\t\t\t\t<div class=\"elementor-element elementor-element-665ca8ca elementor-widget elementor-widget-text-editor\" data-id=\"665ca8ca\" data-element_type=\"widget\" data-e-type=\"widget\" data-widget_type=\"text-editor.default\">\n\t\t\t\t<div class=\"elementor-widget-container\">\n\t\t\t\t\t\t\t\t\t<p>Moeda de 2\u20ac da Alemanha de 2026 alusiva a Konrad Adenauer &#8211; Certificada<\/p><p>Moeda em estado UNC certificada por n\u00f3s.<\/p><p><b>Limitado a 15 unidades!<\/b><\/p><p>Mais abaixo tem a informa\u00e7\u00e3o sobre o que s\u00e3o moedas certificadas por n\u00f3s!<\/p>\t\t\t\t\t\t\t\t<\/div>\n\t\t\t\t<\/div>\n\t\t\t\t\t<\/div>\n\t\t<\/div>\n\t\t\t\t\t<\/div>\n\t\t<\/section>\n\t\t\t\t<section class=\"elementor-section elementor-top-section elementor-element elementor-element-24813a4 elementor-section-boxed elementor-section-height-default elementor-section-height-default wpr-particle-no wpr-jarallax-no wpr-parallax-no wpr-sticky-section-no\" data-id=\"24813a4\" data-element_type=\"section\" data-e-type=\"section\">\n\t\t\t\t\t\t<div class=\"elementor-container elementor-column-gap-default\">\n\t\t\t\t\t<div class=\"elementor-column elementor-col-100 elementor-top-column elementor-element elementor-element-24c8541\" data-id=\"24c8541\" data-element_type=\"column\" data-e-type=\"column\">\n\t\t\t<div class=\"elementor-widget-wrap elementor-element-populated\">\n\t\t\t\t\t\t<div class=\"elementor-element elementor-element-3286e46 elementor-widget elementor-widget-heading\" data-id=\"3286e46\" data-element_type=\"widget\" data-e-type=\"widget\" data-widget_type=\"heading.default\">\n\t\t\t\t<div class=\"elementor-widget-container\">\n\t\t\t\t\t<h2 class=\"elementor-heading-title elementor-size-default\">Listagem de Moedas certificadas<\/h2>\t\t\t\t<\/div>\n\t\t\t\t<\/div>\n\t\t\t\t\t<\/div>\n\t\t<\/div>\n\t\t\t\t\t<\/div>\n\t\t<\/section>\n\t\t\t\t<section class=\"elementor-section elementor-top-section elementor-element elementor-element-99cee03 elementor-section-boxed elementor-section-height-default elementor-section-height-default wpr-particle-no wpr-jarallax-no wpr-parallax-no wpr-sticky-section-no\" data-id=\"99cee03\" data-element_type=\"section\" data-e-type=\"section\">\n\t\t\t\t\t\t<div class=\"elementor-container elementor-column-gap-default\">\n\t\t\t\t\t<div class=\"elementor-column elementor-col-100 elementor-top-column elementor-element elementor-element-6731bd8\" data-id=\"6731bd8\" data-element_type=\"column\" data-e-type=\"column\">\n\t\t\t<div class=\"elementor-widget-wrap elementor-element-populated\">\n\t\t\t\t\t\t<div class=\"elementor-element elementor-element-7db2587 elementor-widget elementor-widget-text-editor\" data-id=\"7db2587\" data-element_type=\"widget\" data-e-type=\"widget\" data-widget_type=\"text-editor.default\">\n\t\t\t\t<div class=\"elementor-widget-container\">\n\t\t\t\t\t\t\t\t\t<table width=\"848\"><tbody><tr><td width=\"68\">N\u00daMERO<\/td><td width=\"68\">ANO<\/td><td width=\"68\">CERTIFICA\u00c7\u00c3O<\/td><td width=\"68\">EMISS\u00c3O<\/td><td width=\"98\">ID<\/td><td width=\"80\">PA\u00cdS<\/td><td width=\"186\">MOTIVO<\/td><td width=\"77\">DATA<\/td><td width=\"135\">NOME DE REGISTO<\/td><\/tr><tr><td>683<\/td><td>26<\/td><td>1<\/td><td>1<\/td><td>683261 &#8211; 1\/15<\/td><td>Alemanha<\/td><td>Konrad<\/td><td>&#8211;<\/td><td>Mania das Moedas<\/td><\/tr><tr><td>683<\/td><td>26<\/td><td>1<\/td><td>2<\/td><td>683261 &#8211; 2\/15<\/td><td>Alemanha<\/td><td>Konrad<\/td><td>&#8211;<\/td><td>Mania das Moedas<\/td><\/tr><tr><td>683<\/td><td>26<\/td><td>1<\/td><td>3<\/td><td>683261 &#8211; 3\/15<\/td><td>Alemanha<\/td><td>Konrad<\/td><td>&#8211;<\/td><td>Mania das Moedas<\/td><\/tr><tr><td>683<\/td><td>26<\/td><td>1<\/td><td>4<\/td><td>683261 &#8211; 4\/15<\/td><td>Alemanha<\/td><td>Konrad<\/td><td>&#8211;<\/td><td>Mania das Moedas<\/td><\/tr><tr><td>683<\/td><td>26<\/td><td>1<\/td><td>5<\/td><td>683261 &#8211; 5\/15<\/td><td>Alemanha<\/td><td>Konrad<\/td><td>&#8211;<\/td><td>Mania das Moedas<\/td><\/tr><tr><td>683<\/td><td>26<\/td><td>1<\/td><td>6<\/td><td>683261 &#8211; 6\/15<\/td><td>Alemanha<\/td><td>Konrad<\/td><td>&#8211;<\/td><td>Mania das Moedas<\/td><\/tr><tr><td>683<\/td><td>26<\/td><td>1<\/td><td>7<\/td><td>683261 &#8211; 7\/15<\/td><td>Alemanha<\/td><td>Konrad<\/td><td>&#8211;<\/td><td>Mania das Moedas<\/td><\/tr><tr><td>683<\/td><td>26<\/td><td>1<\/td><td>8<\/td><td>683261 &#8211; 8\/15<\/td><td>Alemanha<\/td><td>Konrad<\/td><td>&#8211;<\/td><td>Mania das Moedas<\/td><\/tr><tr><td>683<\/td><td>26<\/td><td>1<\/td><td>9<\/td><td>683261 &#8211; 9\/15<\/td><td>Alemanha<\/td><td>Konrad<\/td><td>&#8211;<\/td><td>Mania das Moedas<\/td><\/tr><tr><td>683<\/td><td>26<\/td><td>1<\/td><td>10<\/td><td>683261 &#8211; 10\/15<\/td><td>Alemanha<\/td><td>Konrad<\/td><td>&#8211;<\/td><td>Mania das Moedas<\/td><\/tr><tr><td>683<\/td><td>26<\/td><td>1<\/td><td>11<\/td><td>683261 &#8211; 11\/15<\/td><td>Alemanha<\/td><td>Konrad<\/td><td>&#8211;<\/td><td>Mania das Moedas<\/td><\/tr><tr><td>683<\/td><td>26<\/td><td>1<\/td><td>12<\/td><td>683261 &#8211; 12\/15<\/td><td>Alemanha<\/td><td>Konrad<\/td><td>&#8211;<\/td><td>Mania das Moedas<\/td><\/tr><tr><td>683<\/td><td>26<\/td><td>1<\/td><td>13<\/td><td>683261 &#8211; 13\/15<\/td><td>Alemanha<\/td><td>Konrad<\/td><td>&#8211;<\/td><td>Mania das Moedas<\/td><\/tr><tr><td>683<\/td><td>26<\/td><td>1<\/td><td>14<\/td><td>683261 &#8211; 14\/15<\/td><td>Alemanha<\/td><td>Konrad<\/td><td>&#8211;<\/td><td>Mania das Moedas<\/td><\/tr><tr><td>683<\/td><td>26<\/td><td>1<\/td><td>15<\/td><td>683261 &#8211; 15\/15<\/td><td>Alemanha<\/td><td>Konrad<\/td><td>\u00a0<\/td><td>Mania das Moedas<\/td><\/tr><\/tbody><\/table>\t\t\t\t\t\t\t\t<\/div>\n\t\t\t\t<\/div>\n\t\t\t\t\t<\/div>\n\t\t<\/div>\n\t\t\t\t\t<\/div>\n\t\t<\/section>\n\t\t\t\t<section class=\"elementor-section elementor-top-section elementor-element elementor-element-0d6aa5b elementor-section-boxed elementor-section-height-default elementor-section-height-default wpr-particle-no wpr-jarallax-no wpr-parallax-no wpr-sticky-section-no\" data-id=\"0d6aa5b\" data-element_type=\"section\" data-e-type=\"section\">\n\t\t\t\t\t\t<div class=\"elementor-container elementor-column-gap-default\">\n\t\t\t\t\t<div class=\"elementor-column elementor-col-100 elementor-top-column elementor-element elementor-element-ed5c963\" data-id=\"ed5c963\" data-element_type=\"column\" data-e-type=\"column\">\n\t\t\t<div class=\"elementor-widget-wrap elementor-element-populated\">\n\t\t\t\t\t\t<div class=\"elementor-element elementor-element-bb7de2b elementor-widget elementor-widget-heading\" data-id=\"bb7de2b\" data-element_type=\"widget\" data-e-type=\"widget\" data-widget_type=\"heading.default\">\n\t\t\t\t<div class=\"elementor-widget-container\">\n\t\t\t\t\t<h2 class=\"elementor-heading-title elementor-size-default\"><a href=\"https:\/\/maniadasmoedas.pt\/?page_id=40025\" target=\"_blank\">O que s\u00e3o moedas certificadas?<\/a><\/h2>\t\t\t\t<\/div>\n\t\t\t\t<\/div>\n\t\t\t\t\t<\/div>\n\t\t<\/div>\n\t\t\t\t\t<\/div>\n\t\t<\/section>\n\t\t\t\t<\/div>\n\t\t","protected":false},"excerpt":{"rendered":"<p>Moeda de 2\u20ac da Alemanha de 2026 alusiva a Konrad Adenauer &#8211; Certificada<\/p>\n<p>Moeda em estado UNC certificada por n\u00f3s.<\/p>\n<p>Limitado a 15 unidades!<\/p>\n<p>Mais abaixo tem a informa\u00e7\u00e3o sobre o que s\u00e3o moedas certificadas por n\u00f3s!<\/p>\n","protected":false},"featured_media":40903,"comment_status":"closed","ping_status":"closed","template":"","meta":{"_acf_changed":false,"_uag_custom_page_level_css":""},"product_brand":[],"product_cat":[255,15],"product_tag":[],"class_list":{"0":"post-40887","1":"product","2":"type-product","3":"status-publish","4":"has-post-thumbnail","6":"product_cat-certificadas","7":"product_cat-todos","8":"thunk-woo-product-list","9":"opn-qv-enable","10":"open-woo-hover-","11":"open-single-product-tab-horizontal","12":"open-shadow-","13":"open-shadow-hover-","15":"first","16":"instock","17":"shipping-taxable","18":"purchasable","19":"product-type-variable"},"acf":[],"yoast_head":"<!-- This site is optimized with the Yoast SEO plugin v27.4 - https:\/\/yoast.com\/product\/yoast-seo-wordpress\/ -->\n<title>Moeda 2\u20ac Alemanha 2026 - Konrad Adenauer - Certificada - Mania das Moedas<\/title>\n<meta name=\"description\" content=\"Moeda 2\u20ac Alemanha 2026 - Konrad Adenauer - Certificada\" \/>\n<meta name=\"robots\" content=\"index, follow, max-snippet:-1, max-image-preview:large, max-video-preview:-1\" \/>\n<link rel=\"canonical\" href=\"https:\/\/maniadasmoedas.pt\/?product=moeda-2e-alemanha-2026-konrad-adenauer-certificada\" \/>\n<meta property=\"og:locale\" content=\"pt_PT\" \/>\n<meta property=\"og:type\" content=\"article\" \/>\n<meta property=\"og:title\" content=\"Moeda 2\u20ac Alemanha 2026 - Konrad Adenauer - Certificada - Mania das Moedas\" \/>\n<meta property=\"og:description\" content=\"Moeda 2\u20ac Alemanha 2026 - Konrad Adenauer - Certificada\" \/>\n<meta property=\"og:url\" content=\"https:\/\/maniadasmoedas.pt\/?product=moeda-2e-alemanha-2026-konrad-adenauer-certificada\" \/>\n<meta property=\"og:site_name\" content=\"Mania das Moedas\" \/>\n<meta property=\"article:modified_time\" content=\"2026-03-27T23:58:55+00:00\" \/>\n<meta property=\"og:image\" content=\"https:\/\/maniadasmoedas.pt\/wp-content\/uploads\/2026\/03\/Untitled-1.jpg\" \/>\n\t<meta property=\"og:image:width\" content=\"500\" \/>\n\t<meta property=\"og:image:height\" content=\"650\" \/>\n\t<meta property=\"og:image:type\" content=\"image\/jpeg\" \/>\n<meta name=\"twitter:card\" content=\"summary_large_image\" \/>\n<meta name=\"twitter:label1\" content=\"Tempo estimado de leitura\" \/>\n\t<meta name=\"twitter:data1\" content=\"2 minutos\" \/>\n<script type=\"application\/ld+json\" class=\"yoast-schema-graph\">{\"@context\":\"https:\\\/\\\/schema.org\",\"@graph\":[{\"@type\":\"WebPage\",\"@id\":\"https:\\\/\\\/maniadasmoedas.pt\\\/?product=moeda-2e-alemanha-2026-konrad-adenauer-certificada\",\"url\":\"https:\\\/\\\/maniadasmoedas.pt\\\/?product=moeda-2e-alemanha-2026-konrad-adenauer-certificada\",\"name\":\"Moeda 2\u20ac Alemanha 2026 - Konrad Adenauer - Certificada - Mania das Moedas\",\"isPartOf\":{\"@id\":\"https:\\\/\\\/maniadasmoedas.pt\\\/#website\"},\"primaryImageOfPage\":{\"@id\":\"https:\\\/\\\/maniadasmoedas.pt\\\/?product=moeda-2e-alemanha-2026-konrad-adenauer-certificada#primaryimage\"},\"image\":{\"@id\":\"https:\\\/\\\/maniadasmoedas.pt\\\/?product=moeda-2e-alemanha-2026-konrad-adenauer-certificada#primaryimage\"},\"thumbnailUrl\":\"https:\\\/\\\/maniadasmoedas.pt\\\/wp-content\\\/uploads\\\/2026\\\/03\\\/Untitled-1.jpg\",\"datePublished\":\"2026-03-04T23:25:37+00:00\",\"dateModified\":\"2026-03-27T23:58:55+00:00\",\"description\":\"Moeda 2\u20ac Alemanha 2026 - Konrad Adenauer - Certificada\",\"breadcrumb\":{\"@id\":\"https:\\\/\\\/maniadasmoedas.pt\\\/?product=moeda-2e-alemanha-2026-konrad-adenauer-certificada#breadcrumb\"},\"inLanguage\":\"pt-PT\",\"potentialAction\":[{\"@type\":\"ReadAction\",\"target\":[\"https:\\\/\\\/maniadasmoedas.pt\\\/?product=moeda-2e-alemanha-2026-konrad-adenauer-certificada\"]}]},{\"@type\":\"ImageObject\",\"inLanguage\":\"pt-PT\",\"@id\":\"https:\\\/\\\/maniadasmoedas.pt\\\/?product=moeda-2e-alemanha-2026-konrad-adenauer-certificada#primaryimage\",\"url\":\"https:\\\/\\\/maniadasmoedas.pt\\\/wp-content\\\/uploads\\\/2026\\\/03\\\/Untitled-1.jpg\",\"contentUrl\":\"https:\\\/\\\/maniadasmoedas.pt\\\/wp-content\\\/uploads\\\/2026\\\/03\\\/Untitled-1.jpg\",\"width\":500,\"height\":650,\"caption\":\"Moeda 2\u20ac Alemanha 2026 - Konrad Adenauer\"},{\"@type\":\"BreadcrumbList\",\"@id\":\"https:\\\/\\\/maniadasmoedas.pt\\\/?product=moeda-2e-alemanha-2026-konrad-adenauer-certificada#breadcrumb\",\"itemListElement\":[{\"@type\":\"ListItem\",\"position\":1,\"name\":\"In\u00edcio\",\"item\":\"https:\\\/\\\/maniadasmoedas.pt\\\/\"},{\"@type\":\"ListItem\",\"position\":2,\"name\":\"Elementor #34262\",\"item\":\"https:\\\/\\\/maniadasmoedas.pt\\\/?page_id=34262\"},{\"@type\":\"ListItem\",\"position\":3,\"name\":\"Moeda 2\u20ac Alemanha 2026 &#8211; Konrad Adenauer &#8211; Certificada\"}]},{\"@type\":\"WebSite\",\"@id\":\"https:\\\/\\\/maniadasmoedas.pt\\\/#website\",\"url\":\"https:\\\/\\\/maniadasmoedas.pt\\\/\",\"name\":\"ManiaDasMoedas\",\"description\":\"Uma Moeda Nunca Vem S\u00f3!\",\"publisher\":{\"@id\":\"https:\\\/\\\/maniadasmoedas.pt\\\/#\\\/schema\\\/person\\\/489ba095c99ab0b617a4e66e2783b41f\"},\"potentialAction\":[{\"@type\":\"SearchAction\",\"target\":{\"@type\":\"EntryPoint\",\"urlTemplate\":\"https:\\\/\\\/maniadasmoedas.pt\\\/?s={search_term_string}\"},\"query-input\":{\"@type\":\"PropertyValueSpecification\",\"valueRequired\":true,\"valueName\":\"search_term_string\"}}],\"inLanguage\":\"pt-PT\"},{\"@type\":[\"Person\",\"Organization\"],\"@id\":\"https:\\\/\\\/maniadasmoedas.pt\\\/#\\\/schema\\\/person\\\/489ba095c99ab0b617a4e66e2783b41f\",\"name\":\"AGabriel\",\"image\":{\"@type\":\"ImageObject\",\"inLanguage\":\"pt-PT\",\"@id\":\"https:\\\/\\\/maniadasmoedas.pt\\\/wp-content\\\/uploads\\\/2020\\\/05\\\/cropped-logo-site.fw_-2-2.png\",\"url\":\"https:\\\/\\\/maniadasmoedas.pt\\\/wp-content\\\/uploads\\\/2020\\\/05\\\/cropped-logo-site.fw_-2-2.png\",\"contentUrl\":\"https:\\\/\\\/maniadasmoedas.pt\\\/wp-content\\\/uploads\\\/2020\\\/05\\\/cropped-logo-site.fw_-2-2.png\",\"width\":100,\"height\":100,\"caption\":\"AGabriel\"},\"logo\":{\"@id\":\"https:\\\/\\\/maniadasmoedas.pt\\\/wp-content\\\/uploads\\\/2020\\\/05\\\/cropped-logo-site.fw_-2-2.png\"}}]}<\/script>\n<!-- \/ Yoast SEO plugin. -->","yoast_head_json":{"title":"Moeda 2\u20ac Alemanha 2026 - Konrad Adenauer - Certificada - Mania das Moedas","description":"Moeda 2\u20ac Alemanha 2026 - Konrad Adenauer - Certificada","robots":{"index":"index","follow":"follow","max-snippet":"max-snippet:-1","max-image-preview":"max-image-preview:large","max-video-preview":"max-video-preview:-1"},"canonical":"https:\/\/maniadasmoedas.pt\/?product=moeda-2e-alemanha-2026-konrad-adenauer-certificada","og_locale":"pt_PT","og_type":"article","og_title":"Moeda 2\u20ac Alemanha 2026 - Konrad Adenauer - Certificada - Mania das Moedas","og_description":"Moeda 2\u20ac Alemanha 2026 - Konrad Adenauer - Certificada","og_url":"https:\/\/maniadasmoedas.pt\/?product=moeda-2e-alemanha-2026-konrad-adenauer-certificada","og_site_name":"Mania das Moedas","article_modified_time":"2026-03-27T23:58:55+00:00","og_image":[{"width":500,"height":650,"url":"https:\/\/maniadasmoedas.pt\/wp-content\/uploads\/2026\/03\/Untitled-1.jpg","type":"image\/jpeg"}],"twitter_card":"summary_large_image","twitter_misc":{"Tempo estimado de leitura":"2 minutos"},"schema":{"@context":"https:\/\/schema.org","@graph":[{"@type":"WebPage","@id":"https:\/\/maniadasmoedas.pt\/?product=moeda-2e-alemanha-2026-konrad-adenauer-certificada","url":"https:\/\/maniadasmoedas.pt\/?product=moeda-2e-alemanha-2026-konrad-adenauer-certificada","name":"Moeda 2\u20ac Alemanha 2026 - Konrad Adenauer - Certificada - Mania das Moedas","isPartOf":{"@id":"https:\/\/maniadasmoedas.pt\/#website"},"primaryImageOfPage":{"@id":"https:\/\/maniadasmoedas.pt\/?product=moeda-2e-alemanha-2026-konrad-adenauer-certificada#primaryimage"},"image":{"@id":"https:\/\/maniadasmoedas.pt\/?product=moeda-2e-alemanha-2026-konrad-adenauer-certificada#primaryimage"},"thumbnailUrl":"https:\/\/maniadasmoedas.pt\/wp-content\/uploads\/2026\/03\/Untitled-1.jpg","datePublished":"2026-03-04T23:25:37+00:00","dateModified":"2026-03-27T23:58:55+00:00","description":"Moeda 2\u20ac Alemanha 2026 - Konrad Adenauer - Certificada","breadcrumb":{"@id":"https:\/\/maniadasmoedas.pt\/?product=moeda-2e-alemanha-2026-konrad-adenauer-certificada#breadcrumb"},"inLanguage":"pt-PT","potentialAction":[{"@type":"ReadAction","target":["https:\/\/maniadasmoedas.pt\/?product=moeda-2e-alemanha-2026-konrad-adenauer-certificada"]}]},{"@type":"ImageObject","inLanguage":"pt-PT","@id":"https:\/\/maniadasmoedas.pt\/?product=moeda-2e-alemanha-2026-konrad-adenauer-certificada#primaryimage","url":"https:\/\/maniadasmoedas.pt\/wp-content\/uploads\/2026\/03\/Untitled-1.jpg","contentUrl":"https:\/\/maniadasmoedas.pt\/wp-content\/uploads\/2026\/03\/Untitled-1.jpg","width":500,"height":650,"caption":"Moeda 2\u20ac Alemanha 2026 - Konrad Adenauer"},{"@type":"BreadcrumbList","@id":"https:\/\/maniadasmoedas.pt\/?product=moeda-2e-alemanha-2026-konrad-adenauer-certificada#breadcrumb","itemListElement":[{"@type":"ListItem","position":1,"name":"In\u00edcio","item":"https:\/\/maniadasmoedas.pt\/"},{"@type":"ListItem","position":2,"name":"Elementor #34262","item":"https:\/\/maniadasmoedas.pt\/?page_id=34262"},{"@type":"ListItem","position":3,"name":"Moeda 2\u20ac Alemanha 2026 &#8211; Konrad Adenauer &#8211; Certificada"}]},{"@type":"WebSite","@id":"https:\/\/maniadasmoedas.pt\/#website","url":"https:\/\/maniadasmoedas.pt\/","name":"ManiaDasMoedas","description":"Uma Moeda Nunca Vem S\u00f3!","publisher":{"@id":"https:\/\/maniadasmoedas.pt\/#\/schema\/person\/489ba095c99ab0b617a4e66e2783b41f"},"potentialAction":[{"@type":"SearchAction","target":{"@type":"EntryPoint","urlTemplate":"https:\/\/maniadasmoedas.pt\/?s={search_term_string}"},"query-input":{"@type":"PropertyValueSpecification","valueRequired":true,"valueName":"search_term_string"}}],"inLanguage":"pt-PT"},{"@type":["Person","Organization"],"@id":"https:\/\/maniadasmoedas.pt\/#\/schema\/person\/489ba095c99ab0b617a4e66e2783b41f","name":"AGabriel","image":{"@type":"ImageObject","inLanguage":"pt-PT","@id":"https:\/\/maniadasmoedas.pt\/wp-content\/uploads\/2020\/05\/cropped-logo-site.fw_-2-2.png","url":"https:\/\/maniadasmoedas.pt\/wp-content\/uploads\/2020\/05\/cropped-logo-site.fw_-2-2.png","contentUrl":"https:\/\/maniadasmoedas.pt\/wp-content\/uploads\/2020\/05\/cropped-logo-site.fw_-2-2.png","width":100,"height":100,"caption":"AGabriel"},"logo":{"@id":"https:\/\/maniadasmoedas.pt\/wp-content\/uploads\/2020\/05\/cropped-logo-site.fw_-2-2.png"}}]}},"uagb_featured_image_src":{"full":["https:\/\/maniadasmoedas.pt\/wp-content\/uploads\/2026\/03\/Untitled-1.jpg",500,650,false],"thumbnail":["https:\/\/maniadasmoedas.pt\/wp-content\/uploads\/2026\/03\/Untitled-1-150x150.jpg",150,150,true],"medium":["https:\/\/maniadasmoedas.pt\/wp-content\/uploads\/2026\/03\/Untitled-1-231x300.jpg",231,300,true],"medium_large":["https:\/\/maniadasmoedas.pt\/wp-content\/uploads\/2026\/03\/Untitled-1.jpg",500,650,false],"large":["https:\/\/maniadasmoedas.pt\/wp-content\/uploads\/2026\/03\/Untitled-1.jpg",500,650,false],"rpg_gallery_admin_thumb":["https:\/\/maniadasmoedas.pt\/wp-content\/uploads\/2026\/03\/Untitled-1-150x150.jpg",150,150,true],"rpg_gallery_thumb":["https:\/\/maniadasmoedas.pt\/wp-content\/uploads\/2026\/03\/Untitled-1-150x150.jpg",150,150,true],"1536x1536":["https:\/\/maniadasmoedas.pt\/wp-content\/uploads\/2026\/03\/Untitled-1.jpg",500,650,false],"2048x2048":["https:\/\/maniadasmoedas.pt\/wp-content\/uploads\/2026\/03\/Untitled-1.jpg",500,650,false],"woocommerce_thumbnail":["https:\/\/maniadasmoedas.pt\/wp-content\/uploads\/2026\/03\/Untitled-1-320x320.jpg",320,320,true],"woocommerce_single":["https:\/\/maniadasmoedas.pt\/wp-content\/uploads\/2026\/03\/Untitled-1.jpg",500,650,false],"woocommerce_gallery_thumbnail":["https:\/\/maniadasmoedas.pt\/wp-content\/uploads\/2026\/03\/Untitled-1-100x100.jpg",100,100,true],"thaps-thumb-img":["https:\/\/maniadasmoedas.pt\/wp-content\/uploads\/2026\/03\/Untitled-1-48x62.jpg",48,62,true],"taiowc-thumb-img":["https:\/\/maniadasmoedas.pt\/wp-content\/uploads\/2026\/03\/Untitled-1-48x62.jpg",48,62,true]},"uagb_author_info":{"display_name":"AGabriel","author_link":"https:\/\/maniadasmoedas.pt\/?author=0"},"uagb_comment_info":0,"uagb_excerpt":"Moeda de 2\u20ac da Alemanha de 2026 alusiva a Konrad Adenauer - Certificada Moeda em estado UNC certificada por n\u00f3s. Limitado a 15 unidades! Mais abaixo tem a informa\u00e7\u00e3o sobre o que s\u00e3o moedas certificadas por n\u00f3s!","jetpack_sharing_enabled":true,"_links":{"self":[{"href":"https:\/\/maniadasmoedas.pt\/index.php?rest_route=\/wp\/v2\/product\/40887","targetHints":{"allow":["GET"]}}],"collection":[{"href":"https:\/\/maniadasmoedas.pt\/index.php?rest_route=\/wp\/v2\/product"}],"about":[{"href":"https:\/\/maniadasmoedas.pt\/index.php?rest_route=\/wp\/v2\/types\/product"}],"replies":[{"embeddable":true,"href":"https:\/\/maniadasmoedas.pt\/index.php?rest_route=%2Fwp%2Fv2%2Fcomments&post=40887"}],"version-history":[{"count":7,"href":"https:\/\/maniadasmoedas.pt\/index.php?rest_route=\/wp\/v2\/product\/40887\/revisions"}],"predecessor-version":[{"id":41092,"href":"https:\/\/maniadasmoedas.pt\/index.php?rest_route=\/wp\/v2\/product\/40887\/revisions\/41092"}],"wp:featuredmedia":[{"embeddable":true,"href":"https:\/\/maniadasmoedas.pt\/index.php?rest_route=\/wp\/v2\/media\/40903"}],"wp:attachment":[{"href":"https:\/\/maniadasmoedas.pt\/index.php?rest_route=%2Fwp%2Fv2%2Fmedia&parent=40887"}],"wp:term":[{"taxonomy":"product_brand","embeddable":true,"href":"https:\/\/maniadasmoedas.pt\/index.php?rest_route=%2Fwp%2Fv2%2Fproduct_brand&post=40887"},{"taxonomy":"product_cat","embeddable":true,"href":"https:\/\/maniadasmoedas.pt\/index.php?rest_route=%2Fwp%2Fv2%2Fproduct_cat&post=40887"},{"taxonomy":"product_tag","embeddable":true,"href":"https:\/\/maniadasmoedas.pt\/index.php?rest_route=%2Fwp%2Fv2%2Fproduct_tag&post=40887"}],"curies":[{"name":"wp","href":"https:\/\/api.w.org\/{rel}","templated":true}]}}