{"id":40488,"date":"2025-12-16T23:22:54","date_gmt":"2025-12-16T23:22:54","guid":{"rendered":"https:\/\/maniadasmoedas.pt\/?post_type=product&#038;p=40488"},"modified":"2025-12-20T17:43:31","modified_gmt":"2025-12-20T17:43:31","slug":"pasta-grande-de-argolas-com-estojo-azul","status":"publish","type":"product","link":"https:\/\/maniadasmoedas.pt\/?product=pasta-grande-de-argolas-com-estojo-azul","title":{"rendered":"Pasta grande de argolas com estojo &#8211; Azul"},"content":{"rendered":"","protected":false},"excerpt":{"rendered":"<p>Pasta grande de argolas com estojo &#8211; Azul<\/p>\n<p><span dir=\"auto\">\u2022 Acabamento de encaderna\u00e7\u00e3o<\/span><br \/>\n<span dir=\"auto\">\u2022 Capa em couro sint\u00e9tico<\/span><br \/>\n<span dir=\"auto\">\u2022 Mecanismo robusto com 4 argolas em D<\/span><br \/>\n<span dir=\"auto\">\u2022 Capacidade para at\u00e9 60 folhas (dependendo da espessura do documento)<\/span><\/p>\n<p>Nota: Esta capa <strong>n\u00e3o inclui Folhas (Micas)<\/strong> Pode adquirir no nosso site:<\/p>\n<ul>\n<li><a href=\"https:\/\/maniadasmoedas.pt\/?product=5-micas-folhas-leuchtturm-grande-para-alveolos\">Folhas para alv\u00e9olos<\/a><\/li>\n<li><a href=\"https:\/\/maniadasmoedas.pt\/?product=5-micas-folhas-leuchtturm-grande-para-coincards\">Folhas para Coincards<\/a><\/li>\n<li><a href=\"https:\/\/maniadasmoedas.pt\/?product=5-micas-folhas-leuchtturm-grande-para-coincards-grandes\">Folhas para San Marino e Andorra<\/a><\/li>\n<\/ul>\n<p><span class=\"font-h4 text-light\"><span dir=\"auto\">N\u00famero do item:\u00a0<\/span><span class=\"attr-sku\"><span dir=\"auto\">301687<\/span><\/span><\/span><\/p>\n<div class=\"pull-right product-icons\">\n<div class=\"product-meta-block hidden-print\"><\/div>\n<\/div>\n","protected":false},"featured_media":40489,"comment_status":"closed","ping_status":"closed","template":"","meta":{"_acf_changed":false,"_uag_custom_page_level_css":""},"product_brand":[],"product_cat":[68,165,137],"product_tag":[],"class_list":{"0":"post-40488","1":"product","2":"type-product","3":"status-publish","4":"has-post-thumbnail","6":"product_cat-acessorios","7":"product_cat-album","8":"product_cat-leuchtturm","9":"thunk-woo-product-list","10":"opn-qv-enable","11":"open-woo-hover-","12":"open-single-product-tab-horizontal","13":"open-shadow-","14":"open-shadow-hover-","16":"first","17":"instock","18":"shipping-taxable","19":"purchasable","20":"product-type-simple"},"acf":[],"yoast_head":"<!-- This site is optimized with the Yoast SEO plugin v27.3 - https:\/\/yoast.com\/product\/yoast-seo-wordpress\/ -->\n<title>Pasta grande de argolas com estojo - Azul - Mania das Moedas<\/title>\n<meta name=\"description\" content=\"Pasta grande de argolas com estojo - Azul\" \/>\n<meta name=\"robots\" content=\"index, follow, max-snippet:-1, max-image-preview:large, max-video-preview:-1\" \/>\n<link rel=\"canonical\" href=\"https:\/\/maniadasmoedas.pt\/?product=pasta-grande-de-argolas-com-estojo-azul\" \/>\n<meta property=\"og:locale\" content=\"pt_PT\" \/>\n<meta property=\"og:type\" content=\"article\" \/>\n<meta property=\"og:title\" content=\"Pasta grande de argolas com estojo - Azul - Mania das Moedas\" \/>\n<meta property=\"og:description\" content=\"Pasta grande de argolas com estojo - Azul\" \/>\n<meta property=\"og:url\" content=\"https:\/\/maniadasmoedas.pt\/?product=pasta-grande-de-argolas-com-estojo-azul\" \/>\n<meta property=\"og:site_name\" content=\"Mania das Moedas\" \/>\n<meta property=\"article:modified_time\" content=\"2025-12-20T17:43:31+00:00\" \/>\n<meta property=\"og:image\" content=\"https:\/\/maniadasmoedas.pt\/wp-content\/uploads\/2025\/12\/grande-ring-binder-in-classic-design-incl-slipcase-blue_1-scaled.jpg\" \/>\n\t<meta property=\"og:image:width\" content=\"2560\" \/>\n\t<meta property=\"og:image:height\" content=\"2560\" \/>\n\t<meta property=\"og:image:type\" content=\"image\/jpeg\" \/>\n<meta name=\"twitter:card\" content=\"summary_large_image\" \/>\n<script type=\"application\/ld+json\" class=\"yoast-schema-graph\">{\"@context\":\"https:\\\/\\\/schema.org\",\"@graph\":[{\"@type\":\"WebPage\",\"@id\":\"https:\\\/\\\/maniadasmoedas.pt\\\/?product=pasta-grande-de-argolas-com-estojo-azul\",\"url\":\"https:\\\/\\\/maniadasmoedas.pt\\\/?product=pasta-grande-de-argolas-com-estojo-azul\",\"name\":\"Pasta grande de argolas com estojo - Azul - Mania das Moedas\",\"isPartOf\":{\"@id\":\"https:\\\/\\\/maniadasmoedas.pt\\\/#website\"},\"primaryImageOfPage\":{\"@id\":\"https:\\\/\\\/maniadasmoedas.pt\\\/?product=pasta-grande-de-argolas-com-estojo-azul#primaryimage\"},\"image\":{\"@id\":\"https:\\\/\\\/maniadasmoedas.pt\\\/?product=pasta-grande-de-argolas-com-estojo-azul#primaryimage\"},\"thumbnailUrl\":\"https:\\\/\\\/maniadasmoedas.pt\\\/wp-content\\\/uploads\\\/2025\\\/12\\\/grande-ring-binder-in-classic-design-incl-slipcase-blue_1-scaled.jpg\",\"datePublished\":\"2025-12-16T23:22:54+00:00\",\"dateModified\":\"2025-12-20T17:43:31+00:00\",\"description\":\"Pasta grande de argolas com estojo - Azul\",\"breadcrumb\":{\"@id\":\"https:\\\/\\\/maniadasmoedas.pt\\\/?product=pasta-grande-de-argolas-com-estojo-azul#breadcrumb\"},\"inLanguage\":\"pt-PT\",\"potentialAction\":[{\"@type\":\"ReadAction\",\"target\":[\"https:\\\/\\\/maniadasmoedas.pt\\\/?product=pasta-grande-de-argolas-com-estojo-azul\"]}]},{\"@type\":\"ImageObject\",\"inLanguage\":\"pt-PT\",\"@id\":\"https:\\\/\\\/maniadasmoedas.pt\\\/?product=pasta-grande-de-argolas-com-estojo-azul#primaryimage\",\"url\":\"https:\\\/\\\/maniadasmoedas.pt\\\/wp-content\\\/uploads\\\/2025\\\/12\\\/grande-ring-binder-in-classic-design-incl-slipcase-blue_1-scaled.jpg\",\"contentUrl\":\"https:\\\/\\\/maniadasmoedas.pt\\\/wp-content\\\/uploads\\\/2025\\\/12\\\/grande-ring-binder-in-classic-design-incl-slipcase-blue_1-scaled.jpg\",\"width\":2560,\"height\":2560,\"caption\":\"Pasta grande de argolas com estojo - Azul\"},{\"@type\":\"BreadcrumbList\",\"@id\":\"https:\\\/\\\/maniadasmoedas.pt\\\/?product=pasta-grande-de-argolas-com-estojo-azul#breadcrumb\",\"itemListElement\":[{\"@type\":\"ListItem\",\"position\":1,\"name\":\"In\u00edcio\",\"item\":\"https:\\\/\\\/maniadasmoedas.pt\\\/\"},{\"@type\":\"ListItem\",\"position\":2,\"name\":\"Elementor #34262\",\"item\":\"https:\\\/\\\/maniadasmoedas.pt\\\/?page_id=34262\"},{\"@type\":\"ListItem\",\"position\":3,\"name\":\"Pasta grande de argolas com estojo &#8211; Azul\"}]},{\"@type\":\"WebSite\",\"@id\":\"https:\\\/\\\/maniadasmoedas.pt\\\/#website\",\"url\":\"https:\\\/\\\/maniadasmoedas.pt\\\/\",\"name\":\"ManiaDasMoedas\",\"description\":\"Uma Moeda Nunca Vem S\u00f3!\",\"publisher\":{\"@id\":\"https:\\\/\\\/maniadasmoedas.pt\\\/#\\\/schema\\\/person\\\/489ba095c99ab0b617a4e66e2783b41f\"},\"potentialAction\":[{\"@type\":\"SearchAction\",\"target\":{\"@type\":\"EntryPoint\",\"urlTemplate\":\"https:\\\/\\\/maniadasmoedas.pt\\\/?s={search_term_string}\"},\"query-input\":{\"@type\":\"PropertyValueSpecification\",\"valueRequired\":true,\"valueName\":\"search_term_string\"}}],\"inLanguage\":\"pt-PT\"},{\"@type\":[\"Person\",\"Organization\"],\"@id\":\"https:\\\/\\\/maniadasmoedas.pt\\\/#\\\/schema\\\/person\\\/489ba095c99ab0b617a4e66e2783b41f\",\"name\":\"AGabriel\",\"image\":{\"@type\":\"ImageObject\",\"inLanguage\":\"pt-PT\",\"@id\":\"https:\\\/\\\/maniadasmoedas.pt\\\/wp-content\\\/uploads\\\/2020\\\/05\\\/cropped-logo-site.fw_-2-2.png\",\"url\":\"https:\\\/\\\/maniadasmoedas.pt\\\/wp-content\\\/uploads\\\/2020\\\/05\\\/cropped-logo-site.fw_-2-2.png\",\"contentUrl\":\"https:\\\/\\\/maniadasmoedas.pt\\\/wp-content\\\/uploads\\\/2020\\\/05\\\/cropped-logo-site.fw_-2-2.png\",\"width\":100,\"height\":100,\"caption\":\"AGabriel\"},\"logo\":{\"@id\":\"https:\\\/\\\/maniadasmoedas.pt\\\/wp-content\\\/uploads\\\/2020\\\/05\\\/cropped-logo-site.fw_-2-2.png\"}}]}<\/script>\n<!-- \/ Yoast SEO plugin. -->","yoast_head_json":{"title":"Pasta grande de argolas com estojo - Azul - Mania das Moedas","description":"Pasta grande de argolas com estojo - Azul","robots":{"index":"index","follow":"follow","max-snippet":"max-snippet:-1","max-image-preview":"max-image-preview:large","max-video-preview":"max-video-preview:-1"},"canonical":"https:\/\/maniadasmoedas.pt\/?product=pasta-grande-de-argolas-com-estojo-azul","og_locale":"pt_PT","og_type":"article","og_title":"Pasta grande de argolas com estojo - Azul - Mania das Moedas","og_description":"Pasta grande de argolas com estojo - Azul","og_url":"https:\/\/maniadasmoedas.pt\/?product=pasta-grande-de-argolas-com-estojo-azul","og_site_name":"Mania das Moedas","article_modified_time":"2025-12-20T17:43:31+00:00","og_image":[{"width":2560,"height":2560,"url":"https:\/\/maniadasmoedas.pt\/wp-content\/uploads\/2025\/12\/grande-ring-binder-in-classic-design-incl-slipcase-blue_1-scaled.jpg","type":"image\/jpeg"}],"twitter_card":"summary_large_image","schema":{"@context":"https:\/\/schema.org","@graph":[{"@type":"WebPage","@id":"https:\/\/maniadasmoedas.pt\/?product=pasta-grande-de-argolas-com-estojo-azul","url":"https:\/\/maniadasmoedas.pt\/?product=pasta-grande-de-argolas-com-estojo-azul","name":"Pasta grande de argolas com estojo - Azul - Mania das Moedas","isPartOf":{"@id":"https:\/\/maniadasmoedas.pt\/#website"},"primaryImageOfPage":{"@id":"https:\/\/maniadasmoedas.pt\/?product=pasta-grande-de-argolas-com-estojo-azul#primaryimage"},"image":{"@id":"https:\/\/maniadasmoedas.pt\/?product=pasta-grande-de-argolas-com-estojo-azul#primaryimage"},"thumbnailUrl":"https:\/\/maniadasmoedas.pt\/wp-content\/uploads\/2025\/12\/grande-ring-binder-in-classic-design-incl-slipcase-blue_1-scaled.jpg","datePublished":"2025-12-16T23:22:54+00:00","dateModified":"2025-12-20T17:43:31+00:00","description":"Pasta grande de argolas com estojo - Azul","breadcrumb":{"@id":"https:\/\/maniadasmoedas.pt\/?product=pasta-grande-de-argolas-com-estojo-azul#breadcrumb"},"inLanguage":"pt-PT","potentialAction":[{"@type":"ReadAction","target":["https:\/\/maniadasmoedas.pt\/?product=pasta-grande-de-argolas-com-estojo-azul"]}]},{"@type":"ImageObject","inLanguage":"pt-PT","@id":"https:\/\/maniadasmoedas.pt\/?product=pasta-grande-de-argolas-com-estojo-azul#primaryimage","url":"https:\/\/maniadasmoedas.pt\/wp-content\/uploads\/2025\/12\/grande-ring-binder-in-classic-design-incl-slipcase-blue_1-scaled.jpg","contentUrl":"https:\/\/maniadasmoedas.pt\/wp-content\/uploads\/2025\/12\/grande-ring-binder-in-classic-design-incl-slipcase-blue_1-scaled.jpg","width":2560,"height":2560,"caption":"Pasta grande de argolas com estojo - Azul"},{"@type":"BreadcrumbList","@id":"https:\/\/maniadasmoedas.pt\/?product=pasta-grande-de-argolas-com-estojo-azul#breadcrumb","itemListElement":[{"@type":"ListItem","position":1,"name":"In\u00edcio","item":"https:\/\/maniadasmoedas.pt\/"},{"@type":"ListItem","position":2,"name":"Elementor #34262","item":"https:\/\/maniadasmoedas.pt\/?page_id=34262"},{"@type":"ListItem","position":3,"name":"Pasta grande de argolas com estojo &#8211; Azul"}]},{"@type":"WebSite","@id":"https:\/\/maniadasmoedas.pt\/#website","url":"https:\/\/maniadasmoedas.pt\/","name":"ManiaDasMoedas","description":"Uma Moeda Nunca Vem S\u00f3!","publisher":{"@id":"https:\/\/maniadasmoedas.pt\/#\/schema\/person\/489ba095c99ab0b617a4e66e2783b41f"},"potentialAction":[{"@type":"SearchAction","target":{"@type":"EntryPoint","urlTemplate":"https:\/\/maniadasmoedas.pt\/?s={search_term_string}"},"query-input":{"@type":"PropertyValueSpecification","valueRequired":true,"valueName":"search_term_string"}}],"inLanguage":"pt-PT"},{"@type":["Person","Organization"],"@id":"https:\/\/maniadasmoedas.pt\/#\/schema\/person\/489ba095c99ab0b617a4e66e2783b41f","name":"AGabriel","image":{"@type":"ImageObject","inLanguage":"pt-PT","@id":"https:\/\/maniadasmoedas.pt\/wp-content\/uploads\/2020\/05\/cropped-logo-site.fw_-2-2.png","url":"https:\/\/maniadasmoedas.pt\/wp-content\/uploads\/2020\/05\/cropped-logo-site.fw_-2-2.png","contentUrl":"https:\/\/maniadasmoedas.pt\/wp-content\/uploads\/2020\/05\/cropped-logo-site.fw_-2-2.png","width":100,"height":100,"caption":"AGabriel"},"logo":{"@id":"https:\/\/maniadasmoedas.pt\/wp-content\/uploads\/2020\/05\/cropped-logo-site.fw_-2-2.png"}}]}},"uagb_featured_image_src":{"full":["https:\/\/maniadasmoedas.pt\/wp-content\/uploads\/2025\/12\/grande-ring-binder-in-classic-design-incl-slipcase-blue_1-scaled.jpg",2560,2560,false],"thumbnail":["https:\/\/maniadasmoedas.pt\/wp-content\/uploads\/2025\/12\/grande-ring-binder-in-classic-design-incl-slipcase-blue_1-150x150.jpg",150,150,true],"medium":["https:\/\/maniadasmoedas.pt\/wp-content\/uploads\/2025\/12\/grande-ring-binder-in-classic-design-incl-slipcase-blue_1-300x300.jpg",300,300,true],"medium_large":["https:\/\/maniadasmoedas.pt\/wp-content\/uploads\/2025\/12\/grande-ring-binder-in-classic-design-incl-slipcase-blue_1-768x768.jpg",640,640,true],"large":["https:\/\/maniadasmoedas.pt\/wp-content\/uploads\/2025\/12\/grande-ring-binder-in-classic-design-incl-slipcase-blue_1-1024x1024.jpg",640,640,true],"rpg_gallery_admin_thumb":["https:\/\/maniadasmoedas.pt\/wp-content\/uploads\/2025\/12\/grande-ring-binder-in-classic-design-incl-slipcase-blue_1-150x150.jpg",150,150,true],"rpg_gallery_thumb":["https:\/\/maniadasmoedas.pt\/wp-content\/uploads\/2025\/12\/grande-ring-binder-in-classic-design-incl-slipcase-blue_1-150x150.jpg",150,150,true],"1536x1536":["https:\/\/maniadasmoedas.pt\/wp-content\/uploads\/2025\/12\/grande-ring-binder-in-classic-design-incl-slipcase-blue_1-1536x1536.jpg",1536,1536,true],"2048x2048":["https:\/\/maniadasmoedas.pt\/wp-content\/uploads\/2025\/12\/grande-ring-binder-in-classic-design-incl-slipcase-blue_1-2048x2048.jpg",2048,2048,true],"woocommerce_thumbnail":["https:\/\/maniadasmoedas.pt\/wp-content\/uploads\/2025\/12\/grande-ring-binder-in-classic-design-incl-slipcase-blue_1-320x320.jpg",320,320,true],"woocommerce_single":["https:\/\/maniadasmoedas.pt\/wp-content\/uploads\/2025\/12\/grande-ring-binder-in-classic-design-incl-slipcase-blue_1-600x600.jpg",600,600,true],"woocommerce_gallery_thumbnail":["https:\/\/maniadasmoedas.pt\/wp-content\/uploads\/2025\/12\/grande-ring-binder-in-classic-design-incl-slipcase-blue_1-100x100.jpg",100,100,true],"thaps-thumb-img":["https:\/\/maniadasmoedas.pt\/wp-content\/uploads\/2025\/12\/grande-ring-binder-in-classic-design-incl-slipcase-blue_1-48x48.jpg",48,48,true],"taiowc-thumb-img":["https:\/\/maniadasmoedas.pt\/wp-content\/uploads\/2025\/12\/grande-ring-binder-in-classic-design-incl-slipcase-blue_1-48x48.jpg",48,48,true]},"uagb_author_info":{"display_name":"AGabriel","author_link":"https:\/\/maniadasmoedas.pt\/?author=0"},"uagb_comment_info":0,"uagb_excerpt":"Pasta grande de argolas com estojo - Azul \u2022 Acabamento de encaderna\u00e7\u00e3o \u2022 Capa em couro sint\u00e9tico \u2022 Mecanismo robusto com 4 argolas em D \u2022 Capacidade para at\u00e9 60 folhas (dependendo da espessura do documento) Nota: Esta capa n\u00e3o inclui Folhas (Micas) Pode adquirir no nosso site: Folhas para alv\u00e9olos Folhas para Coincards Folhas&hellip;","jetpack_sharing_enabled":true,"_links":{"self":[{"href":"https:\/\/maniadasmoedas.pt\/index.php?rest_route=\/wp\/v2\/product\/40488","targetHints":{"allow":["GET"]}}],"collection":[{"href":"https:\/\/maniadasmoedas.pt\/index.php?rest_route=\/wp\/v2\/product"}],"about":[{"href":"https:\/\/maniadasmoedas.pt\/index.php?rest_route=\/wp\/v2\/types\/product"}],"replies":[{"embeddable":true,"href":"https:\/\/maniadasmoedas.pt\/index.php?rest_route=%2Fwp%2Fv2%2Fcomments&post=40488"}],"version-history":[{"count":9,"href":"https:\/\/maniadasmoedas.pt\/index.php?rest_route=\/wp\/v2\/product\/40488\/revisions"}],"predecessor-version":[{"id":40499,"href":"https:\/\/maniadasmoedas.pt\/index.php?rest_route=\/wp\/v2\/product\/40488\/revisions\/40499"}],"wp:featuredmedia":[{"embeddable":true,"href":"https:\/\/maniadasmoedas.pt\/index.php?rest_route=\/wp\/v2\/media\/40489"}],"wp:attachment":[{"href":"https:\/\/maniadasmoedas.pt\/index.php?rest_route=%2Fwp%2Fv2%2Fmedia&parent=40488"}],"wp:term":[{"taxonomy":"product_brand","embeddable":true,"href":"https:\/\/maniadasmoedas.pt\/index.php?rest_route=%2Fwp%2Fv2%2Fproduct_brand&post=40488"},{"taxonomy":"product_cat","embeddable":true,"href":"https:\/\/maniadasmoedas.pt\/index.php?rest_route=%2Fwp%2Fv2%2Fproduct_cat&post=40488"},{"taxonomy":"product_tag","embeddable":true,"href":"https:\/\/maniadasmoedas.pt\/index.php?rest_route=%2Fwp%2Fv2%2Fproduct_tag&post=40488"}],"curies":[{"name":"wp","href":"https:\/\/api.w.org\/{rel}","templated":true}]}}