{"id":38413,"date":"2024-05-17T13:26:36","date_gmt":"2024-05-17T13:26:36","guid":{"rendered":"https:\/\/maniadasmoedas.pt\/?post_type=product&#038;p=38413"},"modified":"2024-11-28T16:25:49","modified_gmt":"2024-11-28T16:25:49","slug":"conjunto-27-moedas-2e-2023","status":"publish","type":"product","link":"https:\/\/maniadasmoedas.pt\/?product=conjunto-27-moedas-2e-2023","title":{"rendered":"Conjunto 27 moedas 2\u20ac 2023"},"content":{"rendered":"<p>Conjunto Completo com as 27 Moedas de 2 Euros Comemorativos de 2023:<\/p>\n<p>Moeda 2\u20ac Alemanha 2023 Hamburgo (apenas uma letra sortida)<br \/>\nMoeda 2\u20ac Alemanha 2023 Carlos Magno (apenas uma letra sortida)<br \/>\nMoeda 2\u20ac B\u00e9lgica 2023 Art Noveau (coincard)<br \/>\nMoeda 2\u20ac B\u00e9lgica 2023 Sufr\u00e1gio Universal (coincard)<br \/>\nMoeda 2\u20ac Chipre 2023 Banco<br \/>\nMoeda 2\u20ac Cro\u00e1cia 2023 Membro Zona Euro<br \/>\nMoeda 2\u20ac Eslov\u00e1quia 2023 Transfus\u00e3o de Sangue<br \/>\nMoeda 2\u20ac Eslov\u00e1quia 2023 Correios<br \/>\nMoeda 2\u20ac Eslov\u00e9nia 2023 Josip Plemelj<br \/>\nMoeda 2\u20ac Espanha 2023 C\u00e1ceres<br \/>\nMoeda 2\u20ac Espanha 2023 Presid\u00eancia EU<br \/>\nMoeda 2\u20ac Est\u00f3nia 2023 Andorinha<br \/>\nMoeda 2\u20ac Finl\u00e2ndia 2023 Natureza<br \/>\nMoeda 2\u20ac Finl\u00e2ndia 2023 Servi\u00e7os Sociais e de Sa\u00fade<br \/>\nMoeda 2\u20ac Fran\u00e7a 2023 Jogos Ol\u00edmpicos (coincard sortido)<br \/>\nMoeda 2\u20ac Fran\u00e7a 2023 Rugby<br \/>\nMoeda 2\u20ac Gr\u00e9cia 2023 Maria Callas<br \/>\nMoeda 2\u20ac Gr\u00e9cia 2023 Constantin Caratheodory<br \/>\nMoeda 2\u20ac Irlanda 2023 Ades\u00e3o EU<br \/>\nMoeda 2\u20ac It\u00e1lia 2023 For\u00e7a A\u00e9rea<br \/>\nMoeda 2\u20ac It\u00e1lia 2023 Alessandro Manzoni<br \/>\nMoeda 2\u20ac Let\u00f3nia 2023 Girassol<br \/>\nMoeda 2\u20ac Litu\u00e2nia 2023 Ucr\u00e2nia<br \/>\nMoeda 2\u20ac Luxemburgo 2023 Gr\u00e3o Duque Henri<br \/>\nMoeda 2\u20ac Luxemburgo 2023 Camara de Deputados<br \/>\nMoeda 2\u20ac Portugal 2023 Jornadas Mundiais da Juventude<br \/>\nMoeda 2\u20ac Portugal 2023 Paz<\/p>\n<p>Total de 27 moedas, n\u00e3o inclui as moedas comemorativas dos seguintes pa\u00edses:<br \/>\nAndorra<br \/>\nM\u00f3naco<br \/>\nVaticano<br \/>\nS\u00e3o Marino<br \/>\nMalta<\/p>\n","protected":false},"excerpt":{"rendered":"<p>Conjunto Completo com as 27 Moedas de 2 Euros Comemorativos de 2023:<\/p>\n<p>Moeda 2\u20ac Alemanha 2023 Hamburgo (apenas uma letra sortida)<br \/>\nMoeda 2\u20ac Alemanha 2023 Carlos Magno (apenas uma letra sortida)<br \/>\nMoeda 2\u20ac B\u00e9lgica 2023 Art Noveau (coincard)<br \/>\nMoeda 2\u20ac B\u00e9lgica 2023 Sufr\u00e1gio Universal (coincard)<br \/>\nMoeda 2\u20ac Chipre 2023 Banco<br \/>\nMoeda 2\u20ac Cro\u00e1cia 2023 Membro Zona Euro<br \/>\nMoeda 2\u20ac Eslov\u00e1quia 2023 Transfus\u00e3o de Sangue<br \/>\nMoeda 2\u20ac Eslov\u00e1quia 2023 Correios<br \/>\nMoeda 2\u20ac Eslov\u00e9nia 2023 Josip Plemelj<br \/>\nMoeda 2\u20ac Espanha 2023 C\u00e1ceres<br \/>\nMoeda 2\u20ac Espanha 2023 Presid\u00eancia EU<br \/>\nMoeda 2\u20ac Est\u00f3nia 2023 Andorinha<br \/>\nMoeda 2\u20ac Finl\u00e2ndia 2023 Natureza<br \/>\nMoeda 2\u20ac Finl\u00e2ndia 2023 Servi\u00e7os Sociais e de Sa\u00fade<br \/>\nMoeda 2\u20ac Fran\u00e7a 2023 Jogos Ol\u00edmpicos (coincard sortido)<br \/>\nMoeda 2\u20ac Fran\u00e7a 2023 Rugby<br \/>\nMoeda 2\u20ac Gr\u00e9cia 2023 Maria Callas<br \/>\nMoeda 2\u20ac Gr\u00e9cia 2023 Constantin Caratheodory<br \/>\nMoeda 2\u20ac Irlanda 2023 Ades\u00e3o EU<br \/>\nMoeda 2\u20ac It\u00e1lia 2023 For\u00e7a A\u00e9rea<br \/>\nMoeda 2\u20ac It\u00e1lia 2023 Alessandro Manzoni<br \/>\nMoeda 2\u20ac Let\u00f3nia 2023 Girassol<br \/>\nMoeda 2\u20ac Litu\u00e2nia 2023 Ucr\u00e2nia<br \/>\nMoeda 2\u20ac Luxemburgo 2023 Gr\u00e3o Duque Henri<br \/>\nMoeda 2\u20ac Luxemburgo 2023 Camara de Deputados<br \/>\nMoeda 2\u20ac Portugal 2023 Jornadas Mundiais da Juventude<br \/>\nMoeda 2\u20ac Portugal 2023 Paz<\/p>\n<p>Total de 27 moedas, n\u00e3o inclui as moedas comemorativas dos seguintes pa\u00edses:<br \/>\nAndorra<br \/>\nM\u00f3naco<br \/>\nVaticano<br \/>\nS\u00e3o Marino<br \/>\nMalta<\/p>\n","protected":false},"featured_media":38414,"comment_status":"closed","ping_status":"closed","template":"","meta":{"_acf_changed":false,"_uag_custom_page_level_css":""},"product_brand":[],"product_cat":[212],"product_tag":[],"class_list":{"0":"post-38413","1":"product","2":"type-product","3":"status-publish","4":"has-post-thumbnail","6":"product_cat-conjuntos-ano","7":"thunk-woo-product-list","8":"opn-qv-enable","9":"open-woo-hover-","10":"open-single-product-tab-horizontal","11":"open-shadow-","12":"open-shadow-hover-","14":"first","15":"outofstock","16":"shipping-taxable","17":"purchasable","18":"product-type-simple"},"acf":[],"yoast_head":"<!-- This site is optimized with the Yoast SEO plugin v27.4 - https:\/\/yoast.com\/product\/yoast-seo-wordpress\/ -->\n<title>Conjunto 27 moedas 2\u20ac 2023 - Mania das Moedas<\/title>\n<meta name=\"description\" content=\"Conjunto Completo com as 27 Moedas de 2 Euros Comemorativos de 2023\" \/>\n<meta name=\"robots\" content=\"index, follow, max-snippet:-1, max-image-preview:large, max-video-preview:-1\" \/>\n<link rel=\"canonical\" href=\"https:\/\/maniadasmoedas.pt\/?product=conjunto-27-moedas-2e-2023\" \/>\n<meta property=\"og:locale\" content=\"pt_PT\" \/>\n<meta property=\"og:type\" content=\"article\" \/>\n<meta property=\"og:title\" content=\"Conjunto 27 moedas 2\u20ac 2023 - Mania das Moedas\" \/>\n<meta property=\"og:description\" content=\"Conjunto Completo com as 27 Moedas de 2 Euros Comemorativos de 2023\" \/>\n<meta property=\"og:url\" content=\"https:\/\/maniadasmoedas.pt\/?product=conjunto-27-moedas-2e-2023\" \/>\n<meta property=\"og:site_name\" content=\"Mania das Moedas\" \/>\n<meta property=\"article:modified_time\" content=\"2024-11-28T16:25:49+00:00\" \/>\n<meta property=\"og:image\" content=\"https:\/\/maniadasmoedas.pt\/wp-content\/uploads\/2024\/05\/conjunto-27-moedas.jpg\" \/>\n\t<meta property=\"og:image:width\" content=\"1600\" \/>\n\t<meta property=\"og:image:height\" content=\"1700\" \/>\n\t<meta property=\"og:image:type\" content=\"image\/jpeg\" \/>\n<meta name=\"twitter:card\" content=\"summary_large_image\" \/>\n<meta name=\"twitter:label1\" content=\"Tempo estimado de leitura\" \/>\n\t<meta name=\"twitter:data1\" content=\"2 minutos\" \/>\n<script type=\"application\/ld+json\" class=\"yoast-schema-graph\">{\"@context\":\"https:\\\/\\\/schema.org\",\"@graph\":[{\"@type\":\"WebPage\",\"@id\":\"https:\\\/\\\/maniadasmoedas.pt\\\/?product=conjunto-27-moedas-2e-2023\",\"url\":\"https:\\\/\\\/maniadasmoedas.pt\\\/?product=conjunto-27-moedas-2e-2023\",\"name\":\"Conjunto 27 moedas 2\u20ac 2023 - Mania das Moedas\",\"isPartOf\":{\"@id\":\"https:\\\/\\\/maniadasmoedas.pt\\\/#website\"},\"primaryImageOfPage\":{\"@id\":\"https:\\\/\\\/maniadasmoedas.pt\\\/?product=conjunto-27-moedas-2e-2023#primaryimage\"},\"image\":{\"@id\":\"https:\\\/\\\/maniadasmoedas.pt\\\/?product=conjunto-27-moedas-2e-2023#primaryimage\"},\"thumbnailUrl\":\"https:\\\/\\\/maniadasmoedas.pt\\\/wp-content\\\/uploads\\\/2024\\\/05\\\/conjunto-27-moedas.jpg\",\"datePublished\":\"2024-05-17T13:26:36+00:00\",\"dateModified\":\"2024-11-28T16:25:49+00:00\",\"description\":\"Conjunto Completo com as 27 Moedas de 2 Euros Comemorativos de 2023\",\"breadcrumb\":{\"@id\":\"https:\\\/\\\/maniadasmoedas.pt\\\/?product=conjunto-27-moedas-2e-2023#breadcrumb\"},\"inLanguage\":\"pt-PT\",\"potentialAction\":[{\"@type\":\"ReadAction\",\"target\":[\"https:\\\/\\\/maniadasmoedas.pt\\\/?product=conjunto-27-moedas-2e-2023\"]}]},{\"@type\":\"ImageObject\",\"inLanguage\":\"pt-PT\",\"@id\":\"https:\\\/\\\/maniadasmoedas.pt\\\/?product=conjunto-27-moedas-2e-2023#primaryimage\",\"url\":\"https:\\\/\\\/maniadasmoedas.pt\\\/wp-content\\\/uploads\\\/2024\\\/05\\\/conjunto-27-moedas.jpg\",\"contentUrl\":\"https:\\\/\\\/maniadasmoedas.pt\\\/wp-content\\\/uploads\\\/2024\\\/05\\\/conjunto-27-moedas.jpg\",\"width\":1600,\"height\":1700,\"caption\":\"Conjunto Completo com as 27 Moedas de 2 Euros Comemorativos de 2023\"},{\"@type\":\"BreadcrumbList\",\"@id\":\"https:\\\/\\\/maniadasmoedas.pt\\\/?product=conjunto-27-moedas-2e-2023#breadcrumb\",\"itemListElement\":[{\"@type\":\"ListItem\",\"position\":1,\"name\":\"In\u00edcio\",\"item\":\"https:\\\/\\\/maniadasmoedas.pt\\\/\"},{\"@type\":\"ListItem\",\"position\":2,\"name\":\"Elementor #34262\",\"item\":\"https:\\\/\\\/maniadasmoedas.pt\\\/?page_id=34262\"},{\"@type\":\"ListItem\",\"position\":3,\"name\":\"Conjunto 27 moedas 2\u20ac 2023\"}]},{\"@type\":\"WebSite\",\"@id\":\"https:\\\/\\\/maniadasmoedas.pt\\\/#website\",\"url\":\"https:\\\/\\\/maniadasmoedas.pt\\\/\",\"name\":\"ManiaDasMoedas\",\"description\":\"Uma Moeda Nunca Vem S\u00f3!\",\"publisher\":{\"@id\":\"https:\\\/\\\/maniadasmoedas.pt\\\/#\\\/schema\\\/person\\\/489ba095c99ab0b617a4e66e2783b41f\"},\"potentialAction\":[{\"@type\":\"SearchAction\",\"target\":{\"@type\":\"EntryPoint\",\"urlTemplate\":\"https:\\\/\\\/maniadasmoedas.pt\\\/?s={search_term_string}\"},\"query-input\":{\"@type\":\"PropertyValueSpecification\",\"valueRequired\":true,\"valueName\":\"search_term_string\"}}],\"inLanguage\":\"pt-PT\"},{\"@type\":[\"Person\",\"Organization\"],\"@id\":\"https:\\\/\\\/maniadasmoedas.pt\\\/#\\\/schema\\\/person\\\/489ba095c99ab0b617a4e66e2783b41f\",\"name\":\"AGabriel\",\"image\":{\"@type\":\"ImageObject\",\"inLanguage\":\"pt-PT\",\"@id\":\"https:\\\/\\\/maniadasmoedas.pt\\\/wp-content\\\/uploads\\\/2020\\\/05\\\/cropped-logo-site.fw_-2-2.png\",\"url\":\"https:\\\/\\\/maniadasmoedas.pt\\\/wp-content\\\/uploads\\\/2020\\\/05\\\/cropped-logo-site.fw_-2-2.png\",\"contentUrl\":\"https:\\\/\\\/maniadasmoedas.pt\\\/wp-content\\\/uploads\\\/2020\\\/05\\\/cropped-logo-site.fw_-2-2.png\",\"width\":100,\"height\":100,\"caption\":\"AGabriel\"},\"logo\":{\"@id\":\"https:\\\/\\\/maniadasmoedas.pt\\\/wp-content\\\/uploads\\\/2020\\\/05\\\/cropped-logo-site.fw_-2-2.png\"}}]}<\/script>\n<!-- \/ Yoast SEO plugin. -->","yoast_head_json":{"title":"Conjunto 27 moedas 2\u20ac 2023 - Mania das Moedas","description":"Conjunto Completo com as 27 Moedas de 2 Euros Comemorativos de 2023","robots":{"index":"index","follow":"follow","max-snippet":"max-snippet:-1","max-image-preview":"max-image-preview:large","max-video-preview":"max-video-preview:-1"},"canonical":"https:\/\/maniadasmoedas.pt\/?product=conjunto-27-moedas-2e-2023","og_locale":"pt_PT","og_type":"article","og_title":"Conjunto 27 moedas 2\u20ac 2023 - Mania das Moedas","og_description":"Conjunto Completo com as 27 Moedas de 2 Euros Comemorativos de 2023","og_url":"https:\/\/maniadasmoedas.pt\/?product=conjunto-27-moedas-2e-2023","og_site_name":"Mania das Moedas","article_modified_time":"2024-11-28T16:25:49+00:00","og_image":[{"width":1600,"height":1700,"url":"https:\/\/maniadasmoedas.pt\/wp-content\/uploads\/2024\/05\/conjunto-27-moedas.jpg","type":"image\/jpeg"}],"twitter_card":"summary_large_image","twitter_misc":{"Tempo estimado de leitura":"2 minutos"},"schema":{"@context":"https:\/\/schema.org","@graph":[{"@type":"WebPage","@id":"https:\/\/maniadasmoedas.pt\/?product=conjunto-27-moedas-2e-2023","url":"https:\/\/maniadasmoedas.pt\/?product=conjunto-27-moedas-2e-2023","name":"Conjunto 27 moedas 2\u20ac 2023 - Mania das Moedas","isPartOf":{"@id":"https:\/\/maniadasmoedas.pt\/#website"},"primaryImageOfPage":{"@id":"https:\/\/maniadasmoedas.pt\/?product=conjunto-27-moedas-2e-2023#primaryimage"},"image":{"@id":"https:\/\/maniadasmoedas.pt\/?product=conjunto-27-moedas-2e-2023#primaryimage"},"thumbnailUrl":"https:\/\/maniadasmoedas.pt\/wp-content\/uploads\/2024\/05\/conjunto-27-moedas.jpg","datePublished":"2024-05-17T13:26:36+00:00","dateModified":"2024-11-28T16:25:49+00:00","description":"Conjunto Completo com as 27 Moedas de 2 Euros Comemorativos de 2023","breadcrumb":{"@id":"https:\/\/maniadasmoedas.pt\/?product=conjunto-27-moedas-2e-2023#breadcrumb"},"inLanguage":"pt-PT","potentialAction":[{"@type":"ReadAction","target":["https:\/\/maniadasmoedas.pt\/?product=conjunto-27-moedas-2e-2023"]}]},{"@type":"ImageObject","inLanguage":"pt-PT","@id":"https:\/\/maniadasmoedas.pt\/?product=conjunto-27-moedas-2e-2023#primaryimage","url":"https:\/\/maniadasmoedas.pt\/wp-content\/uploads\/2024\/05\/conjunto-27-moedas.jpg","contentUrl":"https:\/\/maniadasmoedas.pt\/wp-content\/uploads\/2024\/05\/conjunto-27-moedas.jpg","width":1600,"height":1700,"caption":"Conjunto Completo com as 27 Moedas de 2 Euros Comemorativos de 2023"},{"@type":"BreadcrumbList","@id":"https:\/\/maniadasmoedas.pt\/?product=conjunto-27-moedas-2e-2023#breadcrumb","itemListElement":[{"@type":"ListItem","position":1,"name":"In\u00edcio","item":"https:\/\/maniadasmoedas.pt\/"},{"@type":"ListItem","position":2,"name":"Elementor #34262","item":"https:\/\/maniadasmoedas.pt\/?page_id=34262"},{"@type":"ListItem","position":3,"name":"Conjunto 27 moedas 2\u20ac 2023"}]},{"@type":"WebSite","@id":"https:\/\/maniadasmoedas.pt\/#website","url":"https:\/\/maniadasmoedas.pt\/","name":"ManiaDasMoedas","description":"Uma Moeda Nunca Vem S\u00f3!","publisher":{"@id":"https:\/\/maniadasmoedas.pt\/#\/schema\/person\/489ba095c99ab0b617a4e66e2783b41f"},"potentialAction":[{"@type":"SearchAction","target":{"@type":"EntryPoint","urlTemplate":"https:\/\/maniadasmoedas.pt\/?s={search_term_string}"},"query-input":{"@type":"PropertyValueSpecification","valueRequired":true,"valueName":"search_term_string"}}],"inLanguage":"pt-PT"},{"@type":["Person","Organization"],"@id":"https:\/\/maniadasmoedas.pt\/#\/schema\/person\/489ba095c99ab0b617a4e66e2783b41f","name":"AGabriel","image":{"@type":"ImageObject","inLanguage":"pt-PT","@id":"https:\/\/maniadasmoedas.pt\/wp-content\/uploads\/2020\/05\/cropped-logo-site.fw_-2-2.png","url":"https:\/\/maniadasmoedas.pt\/wp-content\/uploads\/2020\/05\/cropped-logo-site.fw_-2-2.png","contentUrl":"https:\/\/maniadasmoedas.pt\/wp-content\/uploads\/2020\/05\/cropped-logo-site.fw_-2-2.png","width":100,"height":100,"caption":"AGabriel"},"logo":{"@id":"https:\/\/maniadasmoedas.pt\/wp-content\/uploads\/2020\/05\/cropped-logo-site.fw_-2-2.png"}}]}},"uagb_featured_image_src":{"full":["https:\/\/maniadasmoedas.pt\/wp-content\/uploads\/2024\/05\/conjunto-27-moedas.jpg",1600,1700,false],"thumbnail":["https:\/\/maniadasmoedas.pt\/wp-content\/uploads\/2024\/05\/conjunto-27-moedas-150x150.jpg",150,150,true],"medium":["https:\/\/maniadasmoedas.pt\/wp-content\/uploads\/2024\/05\/conjunto-27-moedas-282x300.jpg",282,300,true],"medium_large":["https:\/\/maniadasmoedas.pt\/wp-content\/uploads\/2024\/05\/conjunto-27-moedas-768x816.jpg",640,680,true],"large":["https:\/\/maniadasmoedas.pt\/wp-content\/uploads\/2024\/05\/conjunto-27-moedas-964x1024.jpg",640,680,true],"rpg_gallery_admin_thumb":["https:\/\/maniadasmoedas.pt\/wp-content\/uploads\/2024\/05\/conjunto-27-moedas-150x150.jpg",150,150,true],"rpg_gallery_thumb":["https:\/\/maniadasmoedas.pt\/wp-content\/uploads\/2024\/05\/conjunto-27-moedas-150x150.jpg",150,150,true],"1536x1536":["https:\/\/maniadasmoedas.pt\/wp-content\/uploads\/2024\/05\/conjunto-27-moedas-1446x1536.jpg",1446,1536,true],"2048x2048":["https:\/\/maniadasmoedas.pt\/wp-content\/uploads\/2024\/05\/conjunto-27-moedas.jpg",1600,1700,false],"woocommerce_thumbnail":["https:\/\/maniadasmoedas.pt\/wp-content\/uploads\/2024\/05\/conjunto-27-moedas-320x320.jpg",320,320,true],"woocommerce_single":["https:\/\/maniadasmoedas.pt\/wp-content\/uploads\/2024\/05\/conjunto-27-moedas-600x638.jpg",600,638,true],"woocommerce_gallery_thumbnail":["https:\/\/maniadasmoedas.pt\/wp-content\/uploads\/2024\/05\/conjunto-27-moedas-100x100.jpg",100,100,true],"thaps-thumb-img":["https:\/\/maniadasmoedas.pt\/wp-content\/uploads\/2024\/05\/conjunto-27-moedas-48x51.jpg",48,51,true],"taiowc-thumb-img":["https:\/\/maniadasmoedas.pt\/wp-content\/uploads\/2024\/05\/conjunto-27-moedas-48x51.jpg",48,51,true]},"uagb_author_info":{"display_name":"AGabriel","author_link":"https:\/\/maniadasmoedas.pt\/?author=0"},"uagb_comment_info":0,"uagb_excerpt":"Conjunto Completo com as 27 Moedas de 2 Euros Comemorativos de 2023: Moeda 2\u20ac Alemanha 2023 Hamburgo (apenas uma letra sortida) Moeda 2\u20ac Alemanha 2023 Carlos Magno (apenas uma letra sortida) Moeda 2\u20ac B\u00e9lgica 2023 Art Noveau (coincard) Moeda 2\u20ac B\u00e9lgica 2023 Sufr\u00e1gio Universal (coincard) Moeda 2\u20ac Chipre 2023 Banco Moeda 2\u20ac Cro\u00e1cia 2023 Membro&hellip;","jetpack_sharing_enabled":true,"_links":{"self":[{"href":"https:\/\/maniadasmoedas.pt\/index.php?rest_route=\/wp\/v2\/product\/38413","targetHints":{"allow":["GET"]}}],"collection":[{"href":"https:\/\/maniadasmoedas.pt\/index.php?rest_route=\/wp\/v2\/product"}],"about":[{"href":"https:\/\/maniadasmoedas.pt\/index.php?rest_route=\/wp\/v2\/types\/product"}],"replies":[{"embeddable":true,"href":"https:\/\/maniadasmoedas.pt\/index.php?rest_route=%2Fwp%2Fv2%2Fcomments&post=38413"}],"version-history":[{"count":2,"href":"https:\/\/maniadasmoedas.pt\/index.php?rest_route=\/wp\/v2\/product\/38413\/revisions"}],"predecessor-version":[{"id":38420,"href":"https:\/\/maniadasmoedas.pt\/index.php?rest_route=\/wp\/v2\/product\/38413\/revisions\/38420"}],"wp:featuredmedia":[{"embeddable":true,"href":"https:\/\/maniadasmoedas.pt\/index.php?rest_route=\/wp\/v2\/media\/38414"}],"wp:attachment":[{"href":"https:\/\/maniadasmoedas.pt\/index.php?rest_route=%2Fwp%2Fv2%2Fmedia&parent=38413"}],"wp:term":[{"taxonomy":"product_brand","embeddable":true,"href":"https:\/\/maniadasmoedas.pt\/index.php?rest_route=%2Fwp%2Fv2%2Fproduct_brand&post=38413"},{"taxonomy":"product_cat","embeddable":true,"href":"https:\/\/maniadasmoedas.pt\/index.php?rest_route=%2Fwp%2Fv2%2Fproduct_cat&post=38413"},{"taxonomy":"product_tag","embeddable":true,"href":"https:\/\/maniadasmoedas.pt\/index.php?rest_route=%2Fwp%2Fv2%2Fproduct_tag&post=38413"}],"curies":[{"name":"wp","href":"https:\/\/api.w.org\/{rel}","templated":true}]}}