{"id":37640,"date":"2023-11-12T21:45:53","date_gmt":"2023-11-12T21:45:53","guid":{"rendered":"https:\/\/maniadasmoedas.pt\/?post_type=product&#038;p=37640"},"modified":"2026-04-28T19:51:00","modified_gmt":"2026-04-28T19:51:00","slug":"fichas-com-bandeiras-para-capsulas-leuchtturm","status":"publish","type":"product","link":"https:\/\/maniadasmoedas.pt\/?product=fichas-com-bandeiras-para-capsulas-leuchtturm","title":{"rendered":"Fichas com bandeiras para capsulas &#8211; Leuchtturm"},"content":{"rendered":"<p>Fichas com bandeiras para capsulas &#8211; Leuchtturm<\/p>\n<p>Fichas de bandeira em cart\u00e3o para identifica\u00e7\u00e3o e classifica\u00e7\u00e3o com inscri\u00e7\u00f5es para cole\u00e7\u00f5es\u00a0de moedas de 2 Euros.<\/p>\n<p>Conjuntos de 29 bandeiras incl.\u00a0S\u00e3o Marino, Cidade do Vaticano, M\u00f4naco e Andorra, al\u00e9m de 5 bandeiras diferentes de casas da moeda alem\u00e3s, 4 fichas neutras para uso individual.<\/p>\n<p>Os chips das bandeiras t\u00eam um di\u00e2metro de 26 mm e cabem perfeitamente em todos os sistemas para moedas de 2 euros, como \u00e1lbuns, quadros, c\u00e1psulas, caixas de moedas, etc.<\/p>\n<p>Art.-No. 333463<\/p>\n","protected":false},"excerpt":{"rendered":"<p>Fichas com bandeiras para capsulas &#8211; Leuchtturm<\/p>\n<p>Fichas de bandeira em cart\u00e3o para identifica\u00e7\u00e3o e classifica\u00e7\u00e3o com inscri\u00e7\u00f5es para cole\u00e7\u00f5es\u00a0de moedas de 2 Euros.<\/p>\n<p>Conjuntos de 29 bandeiras incl.\u00a0S\u00e3o Marino, Cidade do Vaticano, M\u00f4naco e Andorra, al\u00e9m de 5 bandeiras diferentes de casas da moeda alem\u00e3s, 4 fichas neutras para uso individual.<\/p>\n<p>Os chips das bandeiras t\u00eam um di\u00e2metro de 26 mm e cabem perfeitamente em todos os sistemas para moedas de 2 euros, como \u00e1lbuns, quadros, c\u00e1psulas, caixas de moedas, etc.<\/p>\n<p>Art.-No. 333463<\/p>\n","protected":false},"featured_media":37641,"comment_status":"closed","ping_status":"closed","template":"","meta":{"_acf_changed":false,"_uag_custom_page_level_css":""},"product_brand":[],"product_cat":[68,139,72,137,182,183],"product_tag":[],"class_list":{"0":"post-37640","1":"product","2":"type-product","3":"status-publish","4":"has-post-thumbnail","6":"product_cat-acessorios","7":"product_cat-bandejas","8":"product_cat-capsulas","9":"product_cat-leuchtturm","10":"product_cat-tabuleiros","11":"product_cat-tabuleiros-acessorios","12":"thunk-woo-product-list","13":"opn-qv-enable","14":"open-woo-hover-","15":"open-single-product-tab-horizontal","16":"open-shadow-","17":"open-shadow-hover-","19":"first","20":"outofstock","21":"shipping-taxable","22":"purchasable","23":"product-type-simple"},"acf":[],"yoast_head":"<!-- This site is optimized with the Yoast SEO plugin v27.5 - https:\/\/yoast.com\/product\/yoast-seo-wordpress\/ -->\n<title>Fichas com bandeiras para capsulas - Leuchtturm - Mania das Moedas<\/title>\n<meta name=\"description\" content=\"Fichas com bandeiras para capsulas - Leuchtturm Fichas de bandeira em cart\u00e3o para identifica\u00e7\u00e3o e classifica\u00e7\u00e3o com inscri\u00e7\u00f5es para cole\u00e7\u00f5es\u00a0de moedas de 2 Euros. Conjuntos de 29 bandeiras incl.\u00a0S\u00e3o Marino, Cidade do Vaticano, M\u00f4naco e Andorra, al\u00e9m de 5 bandeiras diferentes de casas da moeda alem\u00e3s, 4 fichas neutras para uso individual.\u00a0Os chips das bandeiras t\u00eam um di\u00e2metro de 26 mm e cabem perfeitamente em todos os sistemas para moedas de 2 euros, como \u00e1lbuns, quadros, c\u00e1psulas, caixas de moedas, etc.Art.-No. 333463\" \/>\n<meta name=\"robots\" content=\"index, follow, max-snippet:-1, max-image-preview:large, max-video-preview:-1\" \/>\n<link rel=\"canonical\" href=\"https:\/\/maniadasmoedas.pt\/?product=fichas-com-bandeiras-para-capsulas-leuchtturm\" \/>\n<meta property=\"og:locale\" content=\"pt_PT\" \/>\n<meta property=\"og:type\" content=\"article\" \/>\n<meta property=\"og:title\" content=\"Fichas com bandeiras para capsulas - Leuchtturm - Mania das Moedas\" \/>\n<meta property=\"og:description\" content=\"Fichas com bandeiras para capsulas - Leuchtturm Fichas de bandeira em cart\u00e3o para identifica\u00e7\u00e3o e classifica\u00e7\u00e3o com inscri\u00e7\u00f5es para cole\u00e7\u00f5es\u00a0de moedas de 2 Euros. Conjuntos de 29 bandeiras incl.\u00a0S\u00e3o Marino, Cidade do Vaticano, M\u00f4naco e Andorra, al\u00e9m de 5 bandeiras diferentes de casas da moeda alem\u00e3s, 4 fichas neutras para uso individual.\u00a0Os chips das bandeiras t\u00eam um di\u00e2metro de 26 mm e cabem perfeitamente em todos os sistemas para moedas de 2 euros, como \u00e1lbuns, quadros, c\u00e1psulas, caixas de moedas, etc.Art.-No. 333463\" \/>\n<meta property=\"og:url\" content=\"https:\/\/maniadasmoedas.pt\/?product=fichas-com-bandeiras-para-capsulas-leuchtturm\" \/>\n<meta property=\"og:site_name\" content=\"Mania das Moedas\" \/>\n<meta property=\"article:modified_time\" content=\"2026-04-28T19:51:00+00:00\" \/>\n<meta property=\"og:image\" content=\"https:\/\/maniadasmoedas.pt\/wp-content\/uploads\/2023\/11\/flag-chips-suitable-for-2-euro-capsules-26-mm-o.fw_.png\" \/>\n\t<meta property=\"og:image:width\" content=\"1000\" \/>\n\t<meta property=\"og:image:height\" content=\"1000\" \/>\n\t<meta property=\"og:image:type\" content=\"image\/png\" \/>\n<meta name=\"twitter:card\" content=\"summary_large_image\" \/>\n<meta name=\"twitter:label1\" content=\"Tempo estimado de leitura\" \/>\n\t<meta name=\"twitter:data1\" content=\"1 minuto\" \/>\n<script type=\"application\/ld+json\" class=\"yoast-schema-graph\">{\"@context\":\"https:\\\/\\\/schema.org\",\"@graph\":[{\"@type\":\"WebPage\",\"@id\":\"https:\\\/\\\/maniadasmoedas.pt\\\/?product=fichas-com-bandeiras-para-capsulas-leuchtturm\",\"url\":\"https:\\\/\\\/maniadasmoedas.pt\\\/?product=fichas-com-bandeiras-para-capsulas-leuchtturm\",\"name\":\"Fichas com bandeiras para capsulas - Leuchtturm - Mania das Moedas\",\"isPartOf\":{\"@id\":\"https:\\\/\\\/maniadasmoedas.pt\\\/#website\"},\"primaryImageOfPage\":{\"@id\":\"https:\\\/\\\/maniadasmoedas.pt\\\/?product=fichas-com-bandeiras-para-capsulas-leuchtturm#primaryimage\"},\"image\":{\"@id\":\"https:\\\/\\\/maniadasmoedas.pt\\\/?product=fichas-com-bandeiras-para-capsulas-leuchtturm#primaryimage\"},\"thumbnailUrl\":\"https:\\\/\\\/maniadasmoedas.pt\\\/wp-content\\\/uploads\\\/2023\\\/11\\\/flag-chips-suitable-for-2-euro-capsules-26-mm-o.fw_.png\",\"datePublished\":\"2023-11-12T21:45:53+00:00\",\"dateModified\":\"2026-04-28T19:51:00+00:00\",\"description\":\"Fichas com bandeiras para capsulas - Leuchtturm Fichas de bandeira em cart\u00e3o para identifica\u00e7\u00e3o e classifica\u00e7\u00e3o com inscri\u00e7\u00f5es para cole\u00e7\u00f5es\u00a0de moedas de 2 Euros. Conjuntos de 29 bandeiras incl.\u00a0S\u00e3o Marino, Cidade do Vaticano, M\u00f4naco e Andorra, al\u00e9m de 5 bandeiras diferentes de casas da moeda alem\u00e3s, 4 fichas neutras para uso individual.\u00a0Os chips das bandeiras t\u00eam um di\u00e2metro de 26 mm e cabem perfeitamente em todos os sistemas para moedas de 2 euros, como \u00e1lbuns, quadros, c\u00e1psulas, caixas de moedas, etc.Art.-No. 333463\",\"breadcrumb\":{\"@id\":\"https:\\\/\\\/maniadasmoedas.pt\\\/?product=fichas-com-bandeiras-para-capsulas-leuchtturm#breadcrumb\"},\"inLanguage\":\"pt-PT\",\"potentialAction\":[{\"@type\":\"ReadAction\",\"target\":[\"https:\\\/\\\/maniadasmoedas.pt\\\/?product=fichas-com-bandeiras-para-capsulas-leuchtturm\"]}]},{\"@type\":\"ImageObject\",\"inLanguage\":\"pt-PT\",\"@id\":\"https:\\\/\\\/maniadasmoedas.pt\\\/?product=fichas-com-bandeiras-para-capsulas-leuchtturm#primaryimage\",\"url\":\"https:\\\/\\\/maniadasmoedas.pt\\\/wp-content\\\/uploads\\\/2023\\\/11\\\/flag-chips-suitable-for-2-euro-capsules-26-mm-o.fw_.png\",\"contentUrl\":\"https:\\\/\\\/maniadasmoedas.pt\\\/wp-content\\\/uploads\\\/2023\\\/11\\\/flag-chips-suitable-for-2-euro-capsules-26-mm-o.fw_.png\",\"width\":1000,\"height\":1000,\"caption\":\"Fichas com bandeiras para capsulas - Leuchtturm\"},{\"@type\":\"BreadcrumbList\",\"@id\":\"https:\\\/\\\/maniadasmoedas.pt\\\/?product=fichas-com-bandeiras-para-capsulas-leuchtturm#breadcrumb\",\"itemListElement\":[{\"@type\":\"ListItem\",\"position\":1,\"name\":\"In\u00edcio\",\"item\":\"https:\\\/\\\/maniadasmoedas.pt\\\/\"},{\"@type\":\"ListItem\",\"position\":2,\"name\":\"Elementor #34262\",\"item\":\"https:\\\/\\\/maniadasmoedas.pt\\\/?page_id=34262\"},{\"@type\":\"ListItem\",\"position\":3,\"name\":\"Fichas com bandeiras para capsulas &#8211; Leuchtturm\"}]},{\"@type\":\"WebSite\",\"@id\":\"https:\\\/\\\/maniadasmoedas.pt\\\/#website\",\"url\":\"https:\\\/\\\/maniadasmoedas.pt\\\/\",\"name\":\"ManiaDasMoedas\",\"description\":\"Uma Moeda Nunca Vem S\u00f3!\",\"publisher\":{\"@id\":\"https:\\\/\\\/maniadasmoedas.pt\\\/#\\\/schema\\\/person\\\/489ba095c99ab0b617a4e66e2783b41f\"},\"potentialAction\":[{\"@type\":\"SearchAction\",\"target\":{\"@type\":\"EntryPoint\",\"urlTemplate\":\"https:\\\/\\\/maniadasmoedas.pt\\\/?s={search_term_string}\"},\"query-input\":{\"@type\":\"PropertyValueSpecification\",\"valueRequired\":true,\"valueName\":\"search_term_string\"}}],\"inLanguage\":\"pt-PT\"},{\"@type\":[\"Person\",\"Organization\"],\"@id\":\"https:\\\/\\\/maniadasmoedas.pt\\\/#\\\/schema\\\/person\\\/489ba095c99ab0b617a4e66e2783b41f\",\"name\":\"AGabriel\",\"image\":{\"@type\":\"ImageObject\",\"inLanguage\":\"pt-PT\",\"@id\":\"https:\\\/\\\/maniadasmoedas.pt\\\/wp-content\\\/uploads\\\/2020\\\/05\\\/cropped-logo-site.fw_-2-2.png\",\"url\":\"https:\\\/\\\/maniadasmoedas.pt\\\/wp-content\\\/uploads\\\/2020\\\/05\\\/cropped-logo-site.fw_-2-2.png\",\"contentUrl\":\"https:\\\/\\\/maniadasmoedas.pt\\\/wp-content\\\/uploads\\\/2020\\\/05\\\/cropped-logo-site.fw_-2-2.png\",\"width\":100,\"height\":100,\"caption\":\"AGabriel\"},\"logo\":{\"@id\":\"https:\\\/\\\/maniadasmoedas.pt\\\/wp-content\\\/uploads\\\/2020\\\/05\\\/cropped-logo-site.fw_-2-2.png\"}}]}<\/script>\n<!-- \/ Yoast SEO plugin. -->","yoast_head_json":{"title":"Fichas com bandeiras para capsulas - Leuchtturm - Mania das Moedas","description":"Fichas com bandeiras para capsulas - Leuchtturm Fichas de bandeira em cart\u00e3o para identifica\u00e7\u00e3o e classifica\u00e7\u00e3o com inscri\u00e7\u00f5es para cole\u00e7\u00f5es\u00a0de moedas de 2 Euros. Conjuntos de 29 bandeiras incl.\u00a0S\u00e3o Marino, Cidade do Vaticano, M\u00f4naco e Andorra, al\u00e9m de 5 bandeiras diferentes de casas da moeda alem\u00e3s, 4 fichas neutras para uso individual.\u00a0Os chips das bandeiras t\u00eam um di\u00e2metro de 26 mm e cabem perfeitamente em todos os sistemas para moedas de 2 euros, como \u00e1lbuns, quadros, c\u00e1psulas, caixas de moedas, etc.Art.-No. 333463","robots":{"index":"index","follow":"follow","max-snippet":"max-snippet:-1","max-image-preview":"max-image-preview:large","max-video-preview":"max-video-preview:-1"},"canonical":"https:\/\/maniadasmoedas.pt\/?product=fichas-com-bandeiras-para-capsulas-leuchtturm","og_locale":"pt_PT","og_type":"article","og_title":"Fichas com bandeiras para capsulas - Leuchtturm - Mania das Moedas","og_description":"Fichas com bandeiras para capsulas - Leuchtturm Fichas de bandeira em cart\u00e3o para identifica\u00e7\u00e3o e classifica\u00e7\u00e3o com inscri\u00e7\u00f5es para cole\u00e7\u00f5es\u00a0de moedas de 2 Euros. Conjuntos de 29 bandeiras incl.\u00a0S\u00e3o Marino, Cidade do Vaticano, M\u00f4naco e Andorra, al\u00e9m de 5 bandeiras diferentes de casas da moeda alem\u00e3s, 4 fichas neutras para uso individual.\u00a0Os chips das bandeiras t\u00eam um di\u00e2metro de 26 mm e cabem perfeitamente em todos os sistemas para moedas de 2 euros, como \u00e1lbuns, quadros, c\u00e1psulas, caixas de moedas, etc.Art.-No. 333463","og_url":"https:\/\/maniadasmoedas.pt\/?product=fichas-com-bandeiras-para-capsulas-leuchtturm","og_site_name":"Mania das Moedas","article_modified_time":"2026-04-28T19:51:00+00:00","og_image":[{"width":1000,"height":1000,"url":"https:\/\/maniadasmoedas.pt\/wp-content\/uploads\/2023\/11\/flag-chips-suitable-for-2-euro-capsules-26-mm-o.fw_.png","type":"image\/png"}],"twitter_card":"summary_large_image","twitter_misc":{"Tempo estimado de leitura":"1 minuto"},"schema":{"@context":"https:\/\/schema.org","@graph":[{"@type":"WebPage","@id":"https:\/\/maniadasmoedas.pt\/?product=fichas-com-bandeiras-para-capsulas-leuchtturm","url":"https:\/\/maniadasmoedas.pt\/?product=fichas-com-bandeiras-para-capsulas-leuchtturm","name":"Fichas com bandeiras para capsulas - Leuchtturm - Mania das Moedas","isPartOf":{"@id":"https:\/\/maniadasmoedas.pt\/#website"},"primaryImageOfPage":{"@id":"https:\/\/maniadasmoedas.pt\/?product=fichas-com-bandeiras-para-capsulas-leuchtturm#primaryimage"},"image":{"@id":"https:\/\/maniadasmoedas.pt\/?product=fichas-com-bandeiras-para-capsulas-leuchtturm#primaryimage"},"thumbnailUrl":"https:\/\/maniadasmoedas.pt\/wp-content\/uploads\/2023\/11\/flag-chips-suitable-for-2-euro-capsules-26-mm-o.fw_.png","datePublished":"2023-11-12T21:45:53+00:00","dateModified":"2026-04-28T19:51:00+00:00","description":"Fichas com bandeiras para capsulas - Leuchtturm Fichas de bandeira em cart\u00e3o para identifica\u00e7\u00e3o e classifica\u00e7\u00e3o com inscri\u00e7\u00f5es para cole\u00e7\u00f5es\u00a0de moedas de 2 Euros. Conjuntos de 29 bandeiras incl.\u00a0S\u00e3o Marino, Cidade do Vaticano, M\u00f4naco e Andorra, al\u00e9m de 5 bandeiras diferentes de casas da moeda alem\u00e3s, 4 fichas neutras para uso individual.\u00a0Os chips das bandeiras t\u00eam um di\u00e2metro de 26 mm e cabem perfeitamente em todos os sistemas para moedas de 2 euros, como \u00e1lbuns, quadros, c\u00e1psulas, caixas de moedas, etc.Art.-No. 333463","breadcrumb":{"@id":"https:\/\/maniadasmoedas.pt\/?product=fichas-com-bandeiras-para-capsulas-leuchtturm#breadcrumb"},"inLanguage":"pt-PT","potentialAction":[{"@type":"ReadAction","target":["https:\/\/maniadasmoedas.pt\/?product=fichas-com-bandeiras-para-capsulas-leuchtturm"]}]},{"@type":"ImageObject","inLanguage":"pt-PT","@id":"https:\/\/maniadasmoedas.pt\/?product=fichas-com-bandeiras-para-capsulas-leuchtturm#primaryimage","url":"https:\/\/maniadasmoedas.pt\/wp-content\/uploads\/2023\/11\/flag-chips-suitable-for-2-euro-capsules-26-mm-o.fw_.png","contentUrl":"https:\/\/maniadasmoedas.pt\/wp-content\/uploads\/2023\/11\/flag-chips-suitable-for-2-euro-capsules-26-mm-o.fw_.png","width":1000,"height":1000,"caption":"Fichas com bandeiras para capsulas - Leuchtturm"},{"@type":"BreadcrumbList","@id":"https:\/\/maniadasmoedas.pt\/?product=fichas-com-bandeiras-para-capsulas-leuchtturm#breadcrumb","itemListElement":[{"@type":"ListItem","position":1,"name":"In\u00edcio","item":"https:\/\/maniadasmoedas.pt\/"},{"@type":"ListItem","position":2,"name":"Elementor #34262","item":"https:\/\/maniadasmoedas.pt\/?page_id=34262"},{"@type":"ListItem","position":3,"name":"Fichas com bandeiras para capsulas &#8211; Leuchtturm"}]},{"@type":"WebSite","@id":"https:\/\/maniadasmoedas.pt\/#website","url":"https:\/\/maniadasmoedas.pt\/","name":"ManiaDasMoedas","description":"Uma Moeda Nunca Vem S\u00f3!","publisher":{"@id":"https:\/\/maniadasmoedas.pt\/#\/schema\/person\/489ba095c99ab0b617a4e66e2783b41f"},"potentialAction":[{"@type":"SearchAction","target":{"@type":"EntryPoint","urlTemplate":"https:\/\/maniadasmoedas.pt\/?s={search_term_string}"},"query-input":{"@type":"PropertyValueSpecification","valueRequired":true,"valueName":"search_term_string"}}],"inLanguage":"pt-PT"},{"@type":["Person","Organization"],"@id":"https:\/\/maniadasmoedas.pt\/#\/schema\/person\/489ba095c99ab0b617a4e66e2783b41f","name":"AGabriel","image":{"@type":"ImageObject","inLanguage":"pt-PT","@id":"https:\/\/maniadasmoedas.pt\/wp-content\/uploads\/2020\/05\/cropped-logo-site.fw_-2-2.png","url":"https:\/\/maniadasmoedas.pt\/wp-content\/uploads\/2020\/05\/cropped-logo-site.fw_-2-2.png","contentUrl":"https:\/\/maniadasmoedas.pt\/wp-content\/uploads\/2020\/05\/cropped-logo-site.fw_-2-2.png","width":100,"height":100,"caption":"AGabriel"},"logo":{"@id":"https:\/\/maniadasmoedas.pt\/wp-content\/uploads\/2020\/05\/cropped-logo-site.fw_-2-2.png"}}]}},"uagb_featured_image_src":{"full":["https:\/\/maniadasmoedas.pt\/wp-content\/uploads\/2023\/11\/flag-chips-suitable-for-2-euro-capsules-26-mm-o.fw_.png",1000,1000,false],"thumbnail":["https:\/\/maniadasmoedas.pt\/wp-content\/uploads\/2023\/11\/flag-chips-suitable-for-2-euro-capsules-26-mm-o.fw_-150x150.png",150,150,true],"medium":["https:\/\/maniadasmoedas.pt\/wp-content\/uploads\/2023\/11\/flag-chips-suitable-for-2-euro-capsules-26-mm-o.fw_-300x300.png",300,300,true],"medium_large":["https:\/\/maniadasmoedas.pt\/wp-content\/uploads\/2023\/11\/flag-chips-suitable-for-2-euro-capsules-26-mm-o.fw_-768x768.png",640,640,true],"large":["https:\/\/maniadasmoedas.pt\/wp-content\/uploads\/2023\/11\/flag-chips-suitable-for-2-euro-capsules-26-mm-o.fw_.png",640,640,false],"rpg_gallery_admin_thumb":["https:\/\/maniadasmoedas.pt\/wp-content\/uploads\/2023\/11\/flag-chips-suitable-for-2-euro-capsules-26-mm-o.fw_-150x150.png",150,150,true],"rpg_gallery_thumb":["https:\/\/maniadasmoedas.pt\/wp-content\/uploads\/2023\/11\/flag-chips-suitable-for-2-euro-capsules-26-mm-o.fw_-150x150.png",150,150,true],"1536x1536":["https:\/\/maniadasmoedas.pt\/wp-content\/uploads\/2023\/11\/flag-chips-suitable-for-2-euro-capsules-26-mm-o.fw_.png",1000,1000,false],"2048x2048":["https:\/\/maniadasmoedas.pt\/wp-content\/uploads\/2023\/11\/flag-chips-suitable-for-2-euro-capsules-26-mm-o.fw_.png",1000,1000,false],"woocommerce_thumbnail":["https:\/\/maniadasmoedas.pt\/wp-content\/uploads\/2023\/11\/flag-chips-suitable-for-2-euro-capsules-26-mm-o.fw_-320x320.png",320,320,true],"woocommerce_single":["https:\/\/maniadasmoedas.pt\/wp-content\/uploads\/2023\/11\/flag-chips-suitable-for-2-euro-capsules-26-mm-o.fw_-600x600.png",600,600,true],"woocommerce_gallery_thumbnail":["https:\/\/maniadasmoedas.pt\/wp-content\/uploads\/2023\/11\/flag-chips-suitable-for-2-euro-capsules-26-mm-o.fw_-100x100.png",100,100,true],"thaps-thumb-img":["https:\/\/maniadasmoedas.pt\/wp-content\/uploads\/2023\/11\/flag-chips-suitable-for-2-euro-capsules-26-mm-o.fw_-48x48.png",48,48,true],"taiowc-thumb-img":["https:\/\/maniadasmoedas.pt\/wp-content\/uploads\/2023\/11\/flag-chips-suitable-for-2-euro-capsules-26-mm-o.fw_-48x48.png",48,48,true]},"uagb_author_info":{"display_name":"AGabriel","author_link":"https:\/\/maniadasmoedas.pt\/?author=0"},"uagb_comment_info":0,"uagb_excerpt":"Fichas com bandeiras para capsulas - Leuchtturm Fichas de bandeira em cart\u00e3o para identifica\u00e7\u00e3o e classifica\u00e7\u00e3o com inscri\u00e7\u00f5es para cole\u00e7\u00f5es\u00a0de moedas de 2 Euros. Conjuntos de 29 bandeiras incl.\u00a0S\u00e3o Marino, Cidade do Vaticano, M\u00f4naco e Andorra, al\u00e9m de 5 bandeiras diferentes de casas da moeda alem\u00e3s, 4 fichas neutras para uso individual. Os chips das&hellip;","jetpack_sharing_enabled":true,"_links":{"self":[{"href":"https:\/\/maniadasmoedas.pt\/index.php?rest_route=\/wp\/v2\/product\/37640","targetHints":{"allow":["GET"]}}],"collection":[{"href":"https:\/\/maniadasmoedas.pt\/index.php?rest_route=\/wp\/v2\/product"}],"about":[{"href":"https:\/\/maniadasmoedas.pt\/index.php?rest_route=\/wp\/v2\/types\/product"}],"replies":[{"embeddable":true,"href":"https:\/\/maniadasmoedas.pt\/index.php?rest_route=%2Fwp%2Fv2%2Fcomments&post=37640"}],"version-history":[{"count":1,"href":"https:\/\/maniadasmoedas.pt\/index.php?rest_route=\/wp\/v2\/product\/37640\/revisions"}],"predecessor-version":[{"id":38350,"href":"https:\/\/maniadasmoedas.pt\/index.php?rest_route=\/wp\/v2\/product\/37640\/revisions\/38350"}],"wp:featuredmedia":[{"embeddable":true,"href":"https:\/\/maniadasmoedas.pt\/index.php?rest_route=\/wp\/v2\/media\/37641"}],"wp:attachment":[{"href":"https:\/\/maniadasmoedas.pt\/index.php?rest_route=%2Fwp%2Fv2%2Fmedia&parent=37640"}],"wp:term":[{"taxonomy":"product_brand","embeddable":true,"href":"https:\/\/maniadasmoedas.pt\/index.php?rest_route=%2Fwp%2Fv2%2Fproduct_brand&post=37640"},{"taxonomy":"product_cat","embeddable":true,"href":"https:\/\/maniadasmoedas.pt\/index.php?rest_route=%2Fwp%2Fv2%2Fproduct_cat&post=37640"},{"taxonomy":"product_tag","embeddable":true,"href":"https:\/\/maniadasmoedas.pt\/index.php?rest_route=%2Fwp%2Fv2%2Fproduct_tag&post=37640"}],"curies":[{"name":"wp","href":"https:\/\/api.w.org\/{rel}","templated":true}]}}