{"id":36364,"date":"2023-05-05T22:53:30","date_gmt":"2023-05-05T22:53:30","guid":{"rendered":"https:\/\/maniadasmoedas.pt\/?post_type=product&#038;p=36364"},"modified":"2025-08-06T18:44:16","modified_gmt":"2025-08-06T18:44:16","slug":"moeda-2e-luxemburgo-2023-camara-dos-deputados","status":"publish","type":"product","link":"https:\/\/maniadasmoedas.pt\/?product=moeda-2e-luxemburgo-2023-camara-dos-deputados","title":{"rendered":"Moeda 2\u20ac Luxemburgo 2023 &#8211; C\u00e2mara dos Deputados"},"content":{"rendered":"<p>Moeda de 2\u20ac do Luxemburgo de 2023 alusiva ao 175 anivers\u00e1rio da c\u00e2mara dos deputados e primeira constitui\u00e7\u00e3o<\/p>\n<p>Moeda em alv\u00e9olo de agrafar<\/p>\n<p>Estado: UNC<\/p>\n","protected":false},"excerpt":{"rendered":"<p>Moeda de 2\u20ac do Luxemburgo de 2023 alusiva ao 175 anivers\u00e1rio da c\u00e2mara dos deputados e primeira constitui\u00e7\u00e3o<\/p>\n<p>Moeda em alv\u00e9olo de agrafar<\/p>\n<p>Estado: UNC<\/p>\n","protected":false},"featured_media":36365,"comment_status":"closed","ping_status":"closed","template":"","meta":{"_acf_changed":false,"_uag_custom_page_level_css":""},"product_brand":[],"product_cat":[87,160],"product_tag":[],"class_list":{"0":"post-36364","1":"product","2":"type-product","3":"status-publish","4":"has-post-thumbnail","6":"product_cat-luxemburgo","7":"product_cat-moedas-2e-luxemburgo","8":"thunk-woo-product-list","9":"opn-qv-enable","10":"open-woo-hover-","11":"open-single-product-tab-horizontal","12":"open-shadow-","13":"open-shadow-hover-","15":"first","16":"instock","17":"shipping-taxable","18":"purchasable","19":"product-type-simple"},"acf":[],"yoast_head":"<!-- This site is optimized with the Yoast SEO plugin v27.4 - https:\/\/yoast.com\/product\/yoast-seo-wordpress\/ -->\n<title>Moeda 2\u20ac Luxemburgo 2023 - C\u00e2mara dos Deputados - Mania das Moedas<\/title>\n<meta name=\"description\" content=\"Moeda 2\u20ac Luxemburgo 2023 - C\u00e2mara dos Deputados\" \/>\n<meta name=\"robots\" content=\"index, follow, max-snippet:-1, max-image-preview:large, max-video-preview:-1\" \/>\n<link rel=\"canonical\" href=\"https:\/\/maniadasmoedas.pt\/?product=moeda-2e-luxemburgo-2023-camara-dos-deputados\" \/>\n<meta property=\"og:locale\" content=\"pt_PT\" \/>\n<meta property=\"og:type\" content=\"article\" \/>\n<meta property=\"og:title\" content=\"Moeda 2\u20ac Luxemburgo 2023 - C\u00e2mara dos Deputados - Mania das Moedas\" \/>\n<meta property=\"og:description\" content=\"Moeda 2\u20ac Luxemburgo 2023 - C\u00e2mara dos Deputados\" \/>\n<meta property=\"og:url\" content=\"https:\/\/maniadasmoedas.pt\/?product=moeda-2e-luxemburgo-2023-camara-dos-deputados\" \/>\n<meta property=\"og:site_name\" content=\"Mania das Moedas\" \/>\n<meta property=\"article:modified_time\" content=\"2025-08-06T18:44:16+00:00\" \/>\n<meta property=\"og:image\" content=\"https:\/\/maniadasmoedas.pt\/wp-content\/uploads\/2023\/05\/2023-luxemburgo-camara-deputados.jpg\" \/>\n\t<meta property=\"og:image:width\" content=\"600\" \/>\n\t<meta property=\"og:image:height\" content=\"600\" \/>\n\t<meta property=\"og:image:type\" content=\"image\/jpeg\" \/>\n<meta name=\"twitter:card\" content=\"summary_large_image\" \/>\n<meta name=\"twitter:label1\" content=\"Tempo estimado de leitura\" \/>\n\t<meta name=\"twitter:data1\" content=\"1 minuto\" \/>\n<script type=\"application\/ld+json\" class=\"yoast-schema-graph\">{\"@context\":\"https:\\\/\\\/schema.org\",\"@graph\":[{\"@type\":\"WebPage\",\"@id\":\"https:\\\/\\\/maniadasmoedas.pt\\\/?product=moeda-2e-luxemburgo-2023-camara-dos-deputados\",\"url\":\"https:\\\/\\\/maniadasmoedas.pt\\\/?product=moeda-2e-luxemburgo-2023-camara-dos-deputados\",\"name\":\"Moeda 2\u20ac Luxemburgo 2023 - C\u00e2mara dos Deputados - Mania das Moedas\",\"isPartOf\":{\"@id\":\"https:\\\/\\\/maniadasmoedas.pt\\\/#website\"},\"primaryImageOfPage\":{\"@id\":\"https:\\\/\\\/maniadasmoedas.pt\\\/?product=moeda-2e-luxemburgo-2023-camara-dos-deputados#primaryimage\"},\"image\":{\"@id\":\"https:\\\/\\\/maniadasmoedas.pt\\\/?product=moeda-2e-luxemburgo-2023-camara-dos-deputados#primaryimage\"},\"thumbnailUrl\":\"https:\\\/\\\/maniadasmoedas.pt\\\/wp-content\\\/uploads\\\/2023\\\/05\\\/2023-luxemburgo-camara-deputados.jpg\",\"datePublished\":\"2023-05-05T22:53:30+00:00\",\"dateModified\":\"2025-08-06T18:44:16+00:00\",\"description\":\"Moeda 2\u20ac Luxemburgo 2023 - C\u00e2mara dos Deputados\",\"breadcrumb\":{\"@id\":\"https:\\\/\\\/maniadasmoedas.pt\\\/?product=moeda-2e-luxemburgo-2023-camara-dos-deputados#breadcrumb\"},\"inLanguage\":\"pt-PT\",\"potentialAction\":[{\"@type\":\"ReadAction\",\"target\":[\"https:\\\/\\\/maniadasmoedas.pt\\\/?product=moeda-2e-luxemburgo-2023-camara-dos-deputados\"]}]},{\"@type\":\"ImageObject\",\"inLanguage\":\"pt-PT\",\"@id\":\"https:\\\/\\\/maniadasmoedas.pt\\\/?product=moeda-2e-luxemburgo-2023-camara-dos-deputados#primaryimage\",\"url\":\"https:\\\/\\\/maniadasmoedas.pt\\\/wp-content\\\/uploads\\\/2023\\\/05\\\/2023-luxemburgo-camara-deputados.jpg\",\"contentUrl\":\"https:\\\/\\\/maniadasmoedas.pt\\\/wp-content\\\/uploads\\\/2023\\\/05\\\/2023-luxemburgo-camara-deputados.jpg\",\"width\":600,\"height\":600,\"caption\":\"Moeda 2\u20ac Luxemburgo 2023 - C\u00e2mara dos Deputados\"},{\"@type\":\"BreadcrumbList\",\"@id\":\"https:\\\/\\\/maniadasmoedas.pt\\\/?product=moeda-2e-luxemburgo-2023-camara-dos-deputados#breadcrumb\",\"itemListElement\":[{\"@type\":\"ListItem\",\"position\":1,\"name\":\"In\u00edcio\",\"item\":\"https:\\\/\\\/maniadasmoedas.pt\\\/\"},{\"@type\":\"ListItem\",\"position\":2,\"name\":\"Elementor #34262\",\"item\":\"https:\\\/\\\/maniadasmoedas.pt\\\/?page_id=34262\"},{\"@type\":\"ListItem\",\"position\":3,\"name\":\"Moeda 2\u20ac Luxemburgo 2023 &#8211; C\u00e2mara dos Deputados\"}]},{\"@type\":\"WebSite\",\"@id\":\"https:\\\/\\\/maniadasmoedas.pt\\\/#website\",\"url\":\"https:\\\/\\\/maniadasmoedas.pt\\\/\",\"name\":\"ManiaDasMoedas\",\"description\":\"Uma Moeda Nunca Vem S\u00f3!\",\"publisher\":{\"@id\":\"https:\\\/\\\/maniadasmoedas.pt\\\/#\\\/schema\\\/person\\\/489ba095c99ab0b617a4e66e2783b41f\"},\"potentialAction\":[{\"@type\":\"SearchAction\",\"target\":{\"@type\":\"EntryPoint\",\"urlTemplate\":\"https:\\\/\\\/maniadasmoedas.pt\\\/?s={search_term_string}\"},\"query-input\":{\"@type\":\"PropertyValueSpecification\",\"valueRequired\":true,\"valueName\":\"search_term_string\"}}],\"inLanguage\":\"pt-PT\"},{\"@type\":[\"Person\",\"Organization\"],\"@id\":\"https:\\\/\\\/maniadasmoedas.pt\\\/#\\\/schema\\\/person\\\/489ba095c99ab0b617a4e66e2783b41f\",\"name\":\"AGabriel\",\"image\":{\"@type\":\"ImageObject\",\"inLanguage\":\"pt-PT\",\"@id\":\"https:\\\/\\\/maniadasmoedas.pt\\\/wp-content\\\/uploads\\\/2020\\\/05\\\/cropped-logo-site.fw_-2-2.png\",\"url\":\"https:\\\/\\\/maniadasmoedas.pt\\\/wp-content\\\/uploads\\\/2020\\\/05\\\/cropped-logo-site.fw_-2-2.png\",\"contentUrl\":\"https:\\\/\\\/maniadasmoedas.pt\\\/wp-content\\\/uploads\\\/2020\\\/05\\\/cropped-logo-site.fw_-2-2.png\",\"width\":100,\"height\":100,\"caption\":\"AGabriel\"},\"logo\":{\"@id\":\"https:\\\/\\\/maniadasmoedas.pt\\\/wp-content\\\/uploads\\\/2020\\\/05\\\/cropped-logo-site.fw_-2-2.png\"}}]}<\/script>\n<!-- \/ Yoast SEO plugin. -->","yoast_head_json":{"title":"Moeda 2\u20ac Luxemburgo 2023 - C\u00e2mara dos Deputados - Mania das Moedas","description":"Moeda 2\u20ac Luxemburgo 2023 - C\u00e2mara dos Deputados","robots":{"index":"index","follow":"follow","max-snippet":"max-snippet:-1","max-image-preview":"max-image-preview:large","max-video-preview":"max-video-preview:-1"},"canonical":"https:\/\/maniadasmoedas.pt\/?product=moeda-2e-luxemburgo-2023-camara-dos-deputados","og_locale":"pt_PT","og_type":"article","og_title":"Moeda 2\u20ac Luxemburgo 2023 - C\u00e2mara dos Deputados - Mania das Moedas","og_description":"Moeda 2\u20ac Luxemburgo 2023 - C\u00e2mara dos Deputados","og_url":"https:\/\/maniadasmoedas.pt\/?product=moeda-2e-luxemburgo-2023-camara-dos-deputados","og_site_name":"Mania das Moedas","article_modified_time":"2025-08-06T18:44:16+00:00","og_image":[{"width":600,"height":600,"url":"https:\/\/maniadasmoedas.pt\/wp-content\/uploads\/2023\/05\/2023-luxemburgo-camara-deputados.jpg","type":"image\/jpeg"}],"twitter_card":"summary_large_image","twitter_misc":{"Tempo estimado de leitura":"1 minuto"},"schema":{"@context":"https:\/\/schema.org","@graph":[{"@type":"WebPage","@id":"https:\/\/maniadasmoedas.pt\/?product=moeda-2e-luxemburgo-2023-camara-dos-deputados","url":"https:\/\/maniadasmoedas.pt\/?product=moeda-2e-luxemburgo-2023-camara-dos-deputados","name":"Moeda 2\u20ac Luxemburgo 2023 - C\u00e2mara dos Deputados - Mania das Moedas","isPartOf":{"@id":"https:\/\/maniadasmoedas.pt\/#website"},"primaryImageOfPage":{"@id":"https:\/\/maniadasmoedas.pt\/?product=moeda-2e-luxemburgo-2023-camara-dos-deputados#primaryimage"},"image":{"@id":"https:\/\/maniadasmoedas.pt\/?product=moeda-2e-luxemburgo-2023-camara-dos-deputados#primaryimage"},"thumbnailUrl":"https:\/\/maniadasmoedas.pt\/wp-content\/uploads\/2023\/05\/2023-luxemburgo-camara-deputados.jpg","datePublished":"2023-05-05T22:53:30+00:00","dateModified":"2025-08-06T18:44:16+00:00","description":"Moeda 2\u20ac Luxemburgo 2023 - C\u00e2mara dos Deputados","breadcrumb":{"@id":"https:\/\/maniadasmoedas.pt\/?product=moeda-2e-luxemburgo-2023-camara-dos-deputados#breadcrumb"},"inLanguage":"pt-PT","potentialAction":[{"@type":"ReadAction","target":["https:\/\/maniadasmoedas.pt\/?product=moeda-2e-luxemburgo-2023-camara-dos-deputados"]}]},{"@type":"ImageObject","inLanguage":"pt-PT","@id":"https:\/\/maniadasmoedas.pt\/?product=moeda-2e-luxemburgo-2023-camara-dos-deputados#primaryimage","url":"https:\/\/maniadasmoedas.pt\/wp-content\/uploads\/2023\/05\/2023-luxemburgo-camara-deputados.jpg","contentUrl":"https:\/\/maniadasmoedas.pt\/wp-content\/uploads\/2023\/05\/2023-luxemburgo-camara-deputados.jpg","width":600,"height":600,"caption":"Moeda 2\u20ac Luxemburgo 2023 - C\u00e2mara dos Deputados"},{"@type":"BreadcrumbList","@id":"https:\/\/maniadasmoedas.pt\/?product=moeda-2e-luxemburgo-2023-camara-dos-deputados#breadcrumb","itemListElement":[{"@type":"ListItem","position":1,"name":"In\u00edcio","item":"https:\/\/maniadasmoedas.pt\/"},{"@type":"ListItem","position":2,"name":"Elementor #34262","item":"https:\/\/maniadasmoedas.pt\/?page_id=34262"},{"@type":"ListItem","position":3,"name":"Moeda 2\u20ac Luxemburgo 2023 &#8211; C\u00e2mara dos Deputados"}]},{"@type":"WebSite","@id":"https:\/\/maniadasmoedas.pt\/#website","url":"https:\/\/maniadasmoedas.pt\/","name":"ManiaDasMoedas","description":"Uma Moeda Nunca Vem S\u00f3!","publisher":{"@id":"https:\/\/maniadasmoedas.pt\/#\/schema\/person\/489ba095c99ab0b617a4e66e2783b41f"},"potentialAction":[{"@type":"SearchAction","target":{"@type":"EntryPoint","urlTemplate":"https:\/\/maniadasmoedas.pt\/?s={search_term_string}"},"query-input":{"@type":"PropertyValueSpecification","valueRequired":true,"valueName":"search_term_string"}}],"inLanguage":"pt-PT"},{"@type":["Person","Organization"],"@id":"https:\/\/maniadasmoedas.pt\/#\/schema\/person\/489ba095c99ab0b617a4e66e2783b41f","name":"AGabriel","image":{"@type":"ImageObject","inLanguage":"pt-PT","@id":"https:\/\/maniadasmoedas.pt\/wp-content\/uploads\/2020\/05\/cropped-logo-site.fw_-2-2.png","url":"https:\/\/maniadasmoedas.pt\/wp-content\/uploads\/2020\/05\/cropped-logo-site.fw_-2-2.png","contentUrl":"https:\/\/maniadasmoedas.pt\/wp-content\/uploads\/2020\/05\/cropped-logo-site.fw_-2-2.png","width":100,"height":100,"caption":"AGabriel"},"logo":{"@id":"https:\/\/maniadasmoedas.pt\/wp-content\/uploads\/2020\/05\/cropped-logo-site.fw_-2-2.png"}}]}},"uagb_featured_image_src":{"full":["https:\/\/maniadasmoedas.pt\/wp-content\/uploads\/2023\/05\/2023-luxemburgo-camara-deputados.jpg",600,600,false],"thumbnail":["https:\/\/maniadasmoedas.pt\/wp-content\/uploads\/2023\/05\/2023-luxemburgo-camara-deputados-150x150.jpg",150,150,true],"medium":["https:\/\/maniadasmoedas.pt\/wp-content\/uploads\/2023\/05\/2023-luxemburgo-camara-deputados-300x300.jpg",300,300,true],"medium_large":["https:\/\/maniadasmoedas.pt\/wp-content\/uploads\/2023\/05\/2023-luxemburgo-camara-deputados.jpg",600,600,false],"large":["https:\/\/maniadasmoedas.pt\/wp-content\/uploads\/2023\/05\/2023-luxemburgo-camara-deputados.jpg",600,600,false],"rpg_gallery_admin_thumb":["https:\/\/maniadasmoedas.pt\/wp-content\/uploads\/2023\/05\/2023-luxemburgo-camara-deputados-150x150.jpg",150,150,true],"rpg_gallery_thumb":["https:\/\/maniadasmoedas.pt\/wp-content\/uploads\/2023\/05\/2023-luxemburgo-camara-deputados-150x150.jpg",150,150,true],"1536x1536":["https:\/\/maniadasmoedas.pt\/wp-content\/uploads\/2023\/05\/2023-luxemburgo-camara-deputados.jpg",600,600,false],"2048x2048":["https:\/\/maniadasmoedas.pt\/wp-content\/uploads\/2023\/05\/2023-luxemburgo-camara-deputados.jpg",600,600,false],"woocommerce_thumbnail":["https:\/\/maniadasmoedas.pt\/wp-content\/uploads\/2023\/05\/2023-luxemburgo-camara-deputados-320x320.jpg",320,320,true],"woocommerce_single":["https:\/\/maniadasmoedas.pt\/wp-content\/uploads\/2023\/05\/2023-luxemburgo-camara-deputados.jpg",600,600,false],"woocommerce_gallery_thumbnail":["https:\/\/maniadasmoedas.pt\/wp-content\/uploads\/2023\/05\/2023-luxemburgo-camara-deputados-100x100.jpg",100,100,true],"thaps-thumb-img":["https:\/\/maniadasmoedas.pt\/wp-content\/uploads\/2023\/05\/2023-luxemburgo-camara-deputados-48x48.jpg",48,48,true],"taiowc-thumb-img":["https:\/\/maniadasmoedas.pt\/wp-content\/uploads\/2023\/05\/2023-luxemburgo-camara-deputados-48x48.jpg",48,48,true]},"uagb_author_info":{"display_name":"AGabriel","author_link":"https:\/\/maniadasmoedas.pt\/?author=0"},"uagb_comment_info":0,"uagb_excerpt":"Moeda de 2\u20ac do Luxemburgo de 2023 alusiva ao 175 anivers\u00e1rio da c\u00e2mara dos deputados e primeira constitui\u00e7\u00e3o Moeda em alv\u00e9olo de agrafar Estado: UNC","jetpack_sharing_enabled":true,"_links":{"self":[{"href":"https:\/\/maniadasmoedas.pt\/index.php?rest_route=\/wp\/v2\/product\/36364","targetHints":{"allow":["GET"]}}],"collection":[{"href":"https:\/\/maniadasmoedas.pt\/index.php?rest_route=\/wp\/v2\/product"}],"about":[{"href":"https:\/\/maniadasmoedas.pt\/index.php?rest_route=\/wp\/v2\/types\/product"}],"replies":[{"embeddable":true,"href":"https:\/\/maniadasmoedas.pt\/index.php?rest_route=%2Fwp%2Fv2%2Fcomments&post=36364"}],"version-history":[{"count":1,"href":"https:\/\/maniadasmoedas.pt\/index.php?rest_route=\/wp\/v2\/product\/36364\/revisions"}],"predecessor-version":[{"id":37945,"href":"https:\/\/maniadasmoedas.pt\/index.php?rest_route=\/wp\/v2\/product\/36364\/revisions\/37945"}],"wp:featuredmedia":[{"embeddable":true,"href":"https:\/\/maniadasmoedas.pt\/index.php?rest_route=\/wp\/v2\/media\/36365"}],"wp:attachment":[{"href":"https:\/\/maniadasmoedas.pt\/index.php?rest_route=%2Fwp%2Fv2%2Fmedia&parent=36364"}],"wp:term":[{"taxonomy":"product_brand","embeddable":true,"href":"https:\/\/maniadasmoedas.pt\/index.php?rest_route=%2Fwp%2Fv2%2Fproduct_brand&post=36364"},{"taxonomy":"product_cat","embeddable":true,"href":"https:\/\/maniadasmoedas.pt\/index.php?rest_route=%2Fwp%2Fv2%2Fproduct_cat&post=36364"},{"taxonomy":"product_tag","embeddable":true,"href":"https:\/\/maniadasmoedas.pt\/index.php?rest_route=%2Fwp%2Fv2%2Fproduct_tag&post=36364"}],"curies":[{"name":"wp","href":"https:\/\/api.w.org\/{rel}","templated":true}]}}