{"id":35891,"date":"2023-03-08T23:58:58","date_gmt":"2023-03-08T23:58:58","guid":{"rendered":"https:\/\/maniadasmoedas.pt\/?post_type=product&#038;p=35891"},"modified":"2024-12-04T16:56:26","modified_gmt":"2024-12-04T16:56:26","slug":"moeda-5e-portugal-2020-o-gotico","status":"publish","type":"product","link":"https:\/\/maniadasmoedas.pt\/?product=moeda-5e-portugal-2020-o-gotico","title":{"rendered":"Moeda de Cole\u00e7\u00e3o 5\u20ac Portugal 2020 &#8211; G\u00f3tico PROOF &#8211; Prata"},"content":{"rendered":"<p>Moeda de cole\u00e7\u00e3o de Portugal 2020 de 5\u20ac &#8211; O G\u00f3tico &#8211; em Prata<\/p>\n<p>Nova, em embalagem Original<\/p>\n<p>Estado: Proof<\/p>\n","protected":false},"excerpt":{"rendered":"<p>Moeda de cole\u00e7\u00e3o de Portugal 2020 de 5\u20ac &#8211; O G\u00f3tico<\/p>\n<p>Nova, em embalagem Original<\/p>\n<p>Estado: Proof<\/p>\n","protected":false},"featured_media":35892,"comment_status":"closed","ping_status":"closed","template":"","meta":{"_acf_changed":false,"_uag_custom_page_level_css":""},"product_brand":[],"product_cat":[217,221,90],"product_tag":[],"class_list":{"0":"post-35891","1":"product","2":"type-product","3":"status-publish","4":"has-post-thumbnail","6":"product_cat-bnc-proof","7":"product_cat-moedas-de-5e","8":"product_cat-portugal","9":"thunk-woo-product-list","10":"opn-qv-enable","11":"open-woo-hover-","12":"open-single-product-tab-horizontal","13":"open-shadow-","14":"open-shadow-hover-","16":"first","17":"outofstock","18":"sale","19":"shipping-taxable","20":"purchasable","21":"product-type-simple"},"acf":[],"yoast_head":"<!-- This site is optimized with the Yoast SEO plugin v27.4 - https:\/\/yoast.com\/product\/yoast-seo-wordpress\/ -->\n<title>Moeda de Cole\u00e7\u00e3o 5\u20ac Portugal 2020 - G\u00f3tico PROOF - Prata - Mania das Moedas<\/title>\n<meta name=\"description\" content=\"Moeda de cole\u00e7\u00e3o de Portugal 2020 de 5\u20ac - O G\u00f3tico Nova, em embalagem Original Estado: Proof\" \/>\n<meta name=\"robots\" content=\"index, follow, max-snippet:-1, max-image-preview:large, max-video-preview:-1\" \/>\n<link rel=\"canonical\" href=\"https:\/\/maniadasmoedas.pt\/?product=moeda-5e-portugal-2020-o-gotico\" \/>\n<meta property=\"og:locale\" content=\"pt_PT\" \/>\n<meta property=\"og:type\" content=\"article\" \/>\n<meta property=\"og:title\" content=\"Moeda de Cole\u00e7\u00e3o 5\u20ac Portugal 2020 - G\u00f3tico PROOF - Prata - Mania das Moedas\" \/>\n<meta property=\"og:description\" content=\"Moeda de cole\u00e7\u00e3o de Portugal 2020 de 5\u20ac - O G\u00f3tico Nova, em embalagem Original Estado: Proof\" \/>\n<meta property=\"og:url\" content=\"https:\/\/maniadasmoedas.pt\/?product=moeda-5e-portugal-2020-o-gotico\" \/>\n<meta property=\"og:site_name\" content=\"Mania das Moedas\" \/>\n<meta property=\"article:modified_time\" content=\"2024-12-04T16:56:26+00:00\" \/>\n<meta property=\"og:image\" content=\"https:\/\/maniadasmoedas.pt\/wp-content\/uploads\/2023\/03\/gotico-caixa.fw_.png\" \/>\n\t<meta property=\"og:image:width\" content=\"600\" \/>\n\t<meta property=\"og:image:height\" content=\"600\" \/>\n\t<meta property=\"og:image:type\" content=\"image\/png\" \/>\n<meta name=\"twitter:card\" content=\"summary_large_image\" \/>\n<meta name=\"twitter:label1\" content=\"Tempo estimado de leitura\" \/>\n\t<meta name=\"twitter:data1\" content=\"1 minuto\" \/>\n<script type=\"application\/ld+json\" class=\"yoast-schema-graph\">{\"@context\":\"https:\\\/\\\/schema.org\",\"@graph\":[{\"@type\":\"WebPage\",\"@id\":\"https:\\\/\\\/maniadasmoedas.pt\\\/?product=moeda-5e-portugal-2020-o-gotico\",\"url\":\"https:\\\/\\\/maniadasmoedas.pt\\\/?product=moeda-5e-portugal-2020-o-gotico\",\"name\":\"Moeda de Cole\u00e7\u00e3o 5\u20ac Portugal 2020 - G\u00f3tico PROOF - Prata - Mania das Moedas\",\"isPartOf\":{\"@id\":\"https:\\\/\\\/maniadasmoedas.pt\\\/#website\"},\"primaryImageOfPage\":{\"@id\":\"https:\\\/\\\/maniadasmoedas.pt\\\/?product=moeda-5e-portugal-2020-o-gotico#primaryimage\"},\"image\":{\"@id\":\"https:\\\/\\\/maniadasmoedas.pt\\\/?product=moeda-5e-portugal-2020-o-gotico#primaryimage\"},\"thumbnailUrl\":\"https:\\\/\\\/maniadasmoedas.pt\\\/wp-content\\\/uploads\\\/2023\\\/03\\\/gotico-caixa.fw_.png\",\"datePublished\":\"2023-03-08T23:58:58+00:00\",\"dateModified\":\"2024-12-04T16:56:26+00:00\",\"description\":\"Moeda de cole\u00e7\u00e3o de Portugal 2020 de 5\u20ac - O G\u00f3tico Nova, em embalagem Original Estado: Proof\",\"breadcrumb\":{\"@id\":\"https:\\\/\\\/maniadasmoedas.pt\\\/?product=moeda-5e-portugal-2020-o-gotico#breadcrumb\"},\"inLanguage\":\"pt-PT\",\"potentialAction\":[{\"@type\":\"ReadAction\",\"target\":[\"https:\\\/\\\/maniadasmoedas.pt\\\/?product=moeda-5e-portugal-2020-o-gotico\"]}]},{\"@type\":\"ImageObject\",\"inLanguage\":\"pt-PT\",\"@id\":\"https:\\\/\\\/maniadasmoedas.pt\\\/?product=moeda-5e-portugal-2020-o-gotico#primaryimage\",\"url\":\"https:\\\/\\\/maniadasmoedas.pt\\\/wp-content\\\/uploads\\\/2023\\\/03\\\/gotico-caixa.fw_.png\",\"contentUrl\":\"https:\\\/\\\/maniadasmoedas.pt\\\/wp-content\\\/uploads\\\/2023\\\/03\\\/gotico-caixa.fw_.png\",\"width\":600,\"height\":600,\"caption\":\"Moeda de cole\u00e7\u00e3o de Portugal 2020 de 5\u20ac - O G\u00f3tico\"},{\"@type\":\"BreadcrumbList\",\"@id\":\"https:\\\/\\\/maniadasmoedas.pt\\\/?product=moeda-5e-portugal-2020-o-gotico#breadcrumb\",\"itemListElement\":[{\"@type\":\"ListItem\",\"position\":1,\"name\":\"In\u00edcio\",\"item\":\"https:\\\/\\\/maniadasmoedas.pt\\\/\"},{\"@type\":\"ListItem\",\"position\":2,\"name\":\"Elementor #34262\",\"item\":\"https:\\\/\\\/maniadasmoedas.pt\\\/?page_id=34262\"},{\"@type\":\"ListItem\",\"position\":3,\"name\":\"Moeda de Cole\u00e7\u00e3o 5\u20ac Portugal 2020 &#8211; G\u00f3tico PROOF &#8211; Prata\"}]},{\"@type\":\"WebSite\",\"@id\":\"https:\\\/\\\/maniadasmoedas.pt\\\/#website\",\"url\":\"https:\\\/\\\/maniadasmoedas.pt\\\/\",\"name\":\"ManiaDasMoedas\",\"description\":\"Uma Moeda Nunca Vem S\u00f3!\",\"publisher\":{\"@id\":\"https:\\\/\\\/maniadasmoedas.pt\\\/#\\\/schema\\\/person\\\/489ba095c99ab0b617a4e66e2783b41f\"},\"potentialAction\":[{\"@type\":\"SearchAction\",\"target\":{\"@type\":\"EntryPoint\",\"urlTemplate\":\"https:\\\/\\\/maniadasmoedas.pt\\\/?s={search_term_string}\"},\"query-input\":{\"@type\":\"PropertyValueSpecification\",\"valueRequired\":true,\"valueName\":\"search_term_string\"}}],\"inLanguage\":\"pt-PT\"},{\"@type\":[\"Person\",\"Organization\"],\"@id\":\"https:\\\/\\\/maniadasmoedas.pt\\\/#\\\/schema\\\/person\\\/489ba095c99ab0b617a4e66e2783b41f\",\"name\":\"AGabriel\",\"image\":{\"@type\":\"ImageObject\",\"inLanguage\":\"pt-PT\",\"@id\":\"https:\\\/\\\/maniadasmoedas.pt\\\/wp-content\\\/uploads\\\/2020\\\/05\\\/cropped-logo-site.fw_-2-2.png\",\"url\":\"https:\\\/\\\/maniadasmoedas.pt\\\/wp-content\\\/uploads\\\/2020\\\/05\\\/cropped-logo-site.fw_-2-2.png\",\"contentUrl\":\"https:\\\/\\\/maniadasmoedas.pt\\\/wp-content\\\/uploads\\\/2020\\\/05\\\/cropped-logo-site.fw_-2-2.png\",\"width\":100,\"height\":100,\"caption\":\"AGabriel\"},\"logo\":{\"@id\":\"https:\\\/\\\/maniadasmoedas.pt\\\/wp-content\\\/uploads\\\/2020\\\/05\\\/cropped-logo-site.fw_-2-2.png\"}}]}<\/script>\n<!-- \/ Yoast SEO plugin. -->","yoast_head_json":{"title":"Moeda de Cole\u00e7\u00e3o 5\u20ac Portugal 2020 - G\u00f3tico PROOF - Prata - Mania das Moedas","description":"Moeda de cole\u00e7\u00e3o de Portugal 2020 de 5\u20ac - O G\u00f3tico Nova, em embalagem Original Estado: Proof","robots":{"index":"index","follow":"follow","max-snippet":"max-snippet:-1","max-image-preview":"max-image-preview:large","max-video-preview":"max-video-preview:-1"},"canonical":"https:\/\/maniadasmoedas.pt\/?product=moeda-5e-portugal-2020-o-gotico","og_locale":"pt_PT","og_type":"article","og_title":"Moeda de Cole\u00e7\u00e3o 5\u20ac Portugal 2020 - G\u00f3tico PROOF - Prata - Mania das Moedas","og_description":"Moeda de cole\u00e7\u00e3o de Portugal 2020 de 5\u20ac - O G\u00f3tico Nova, em embalagem Original Estado: Proof","og_url":"https:\/\/maniadasmoedas.pt\/?product=moeda-5e-portugal-2020-o-gotico","og_site_name":"Mania das Moedas","article_modified_time":"2024-12-04T16:56:26+00:00","og_image":[{"width":600,"height":600,"url":"https:\/\/maniadasmoedas.pt\/wp-content\/uploads\/2023\/03\/gotico-caixa.fw_.png","type":"image\/png"}],"twitter_card":"summary_large_image","twitter_misc":{"Tempo estimado de leitura":"1 minuto"},"schema":{"@context":"https:\/\/schema.org","@graph":[{"@type":"WebPage","@id":"https:\/\/maniadasmoedas.pt\/?product=moeda-5e-portugal-2020-o-gotico","url":"https:\/\/maniadasmoedas.pt\/?product=moeda-5e-portugal-2020-o-gotico","name":"Moeda de Cole\u00e7\u00e3o 5\u20ac Portugal 2020 - G\u00f3tico PROOF - Prata - Mania das Moedas","isPartOf":{"@id":"https:\/\/maniadasmoedas.pt\/#website"},"primaryImageOfPage":{"@id":"https:\/\/maniadasmoedas.pt\/?product=moeda-5e-portugal-2020-o-gotico#primaryimage"},"image":{"@id":"https:\/\/maniadasmoedas.pt\/?product=moeda-5e-portugal-2020-o-gotico#primaryimage"},"thumbnailUrl":"https:\/\/maniadasmoedas.pt\/wp-content\/uploads\/2023\/03\/gotico-caixa.fw_.png","datePublished":"2023-03-08T23:58:58+00:00","dateModified":"2024-12-04T16:56:26+00:00","description":"Moeda de cole\u00e7\u00e3o de Portugal 2020 de 5\u20ac - O G\u00f3tico Nova, em embalagem Original Estado: Proof","breadcrumb":{"@id":"https:\/\/maniadasmoedas.pt\/?product=moeda-5e-portugal-2020-o-gotico#breadcrumb"},"inLanguage":"pt-PT","potentialAction":[{"@type":"ReadAction","target":["https:\/\/maniadasmoedas.pt\/?product=moeda-5e-portugal-2020-o-gotico"]}]},{"@type":"ImageObject","inLanguage":"pt-PT","@id":"https:\/\/maniadasmoedas.pt\/?product=moeda-5e-portugal-2020-o-gotico#primaryimage","url":"https:\/\/maniadasmoedas.pt\/wp-content\/uploads\/2023\/03\/gotico-caixa.fw_.png","contentUrl":"https:\/\/maniadasmoedas.pt\/wp-content\/uploads\/2023\/03\/gotico-caixa.fw_.png","width":600,"height":600,"caption":"Moeda de cole\u00e7\u00e3o de Portugal 2020 de 5\u20ac - O G\u00f3tico"},{"@type":"BreadcrumbList","@id":"https:\/\/maniadasmoedas.pt\/?product=moeda-5e-portugal-2020-o-gotico#breadcrumb","itemListElement":[{"@type":"ListItem","position":1,"name":"In\u00edcio","item":"https:\/\/maniadasmoedas.pt\/"},{"@type":"ListItem","position":2,"name":"Elementor #34262","item":"https:\/\/maniadasmoedas.pt\/?page_id=34262"},{"@type":"ListItem","position":3,"name":"Moeda de Cole\u00e7\u00e3o 5\u20ac Portugal 2020 &#8211; G\u00f3tico PROOF &#8211; Prata"}]},{"@type":"WebSite","@id":"https:\/\/maniadasmoedas.pt\/#website","url":"https:\/\/maniadasmoedas.pt\/","name":"ManiaDasMoedas","description":"Uma Moeda Nunca Vem S\u00f3!","publisher":{"@id":"https:\/\/maniadasmoedas.pt\/#\/schema\/person\/489ba095c99ab0b617a4e66e2783b41f"},"potentialAction":[{"@type":"SearchAction","target":{"@type":"EntryPoint","urlTemplate":"https:\/\/maniadasmoedas.pt\/?s={search_term_string}"},"query-input":{"@type":"PropertyValueSpecification","valueRequired":true,"valueName":"search_term_string"}}],"inLanguage":"pt-PT"},{"@type":["Person","Organization"],"@id":"https:\/\/maniadasmoedas.pt\/#\/schema\/person\/489ba095c99ab0b617a4e66e2783b41f","name":"AGabriel","image":{"@type":"ImageObject","inLanguage":"pt-PT","@id":"https:\/\/maniadasmoedas.pt\/wp-content\/uploads\/2020\/05\/cropped-logo-site.fw_-2-2.png","url":"https:\/\/maniadasmoedas.pt\/wp-content\/uploads\/2020\/05\/cropped-logo-site.fw_-2-2.png","contentUrl":"https:\/\/maniadasmoedas.pt\/wp-content\/uploads\/2020\/05\/cropped-logo-site.fw_-2-2.png","width":100,"height":100,"caption":"AGabriel"},"logo":{"@id":"https:\/\/maniadasmoedas.pt\/wp-content\/uploads\/2020\/05\/cropped-logo-site.fw_-2-2.png"}}]}},"uagb_featured_image_src":{"full":["https:\/\/maniadasmoedas.pt\/wp-content\/uploads\/2023\/03\/gotico-caixa.fw_.png",600,600,false],"thumbnail":["https:\/\/maniadasmoedas.pt\/wp-content\/uploads\/2023\/03\/gotico-caixa.fw_-150x150.png",150,150,true],"medium":["https:\/\/maniadasmoedas.pt\/wp-content\/uploads\/2023\/03\/gotico-caixa.fw_-300x300.png",300,300,true],"medium_large":["https:\/\/maniadasmoedas.pt\/wp-content\/uploads\/2023\/03\/gotico-caixa.fw_.png",600,600,false],"large":["https:\/\/maniadasmoedas.pt\/wp-content\/uploads\/2023\/03\/gotico-caixa.fw_.png",600,600,false],"rpg_gallery_admin_thumb":["https:\/\/maniadasmoedas.pt\/wp-content\/uploads\/2023\/03\/gotico-caixa.fw_-150x150.png",150,150,true],"rpg_gallery_thumb":["https:\/\/maniadasmoedas.pt\/wp-content\/uploads\/2023\/03\/gotico-caixa.fw_-150x150.png",150,150,true],"1536x1536":["https:\/\/maniadasmoedas.pt\/wp-content\/uploads\/2023\/03\/gotico-caixa.fw_.png",600,600,false],"2048x2048":["https:\/\/maniadasmoedas.pt\/wp-content\/uploads\/2023\/03\/gotico-caixa.fw_.png",600,600,false],"woocommerce_thumbnail":["https:\/\/maniadasmoedas.pt\/wp-content\/uploads\/2023\/03\/gotico-caixa.fw_-320x320.png",320,320,true],"woocommerce_single":["https:\/\/maniadasmoedas.pt\/wp-content\/uploads\/2023\/03\/gotico-caixa.fw_.png",600,600,false],"woocommerce_gallery_thumbnail":["https:\/\/maniadasmoedas.pt\/wp-content\/uploads\/2023\/03\/gotico-caixa.fw_-100x100.png",100,100,true],"thaps-thumb-img":["https:\/\/maniadasmoedas.pt\/wp-content\/uploads\/2023\/03\/gotico-caixa.fw_-48x48.png",48,48,true],"taiowc-thumb-img":["https:\/\/maniadasmoedas.pt\/wp-content\/uploads\/2023\/03\/gotico-caixa.fw_-48x48.png",48,48,true]},"uagb_author_info":{"display_name":"AGabriel","author_link":"https:\/\/maniadasmoedas.pt\/?author=0"},"uagb_comment_info":0,"uagb_excerpt":"Moeda de cole\u00e7\u00e3o de Portugal 2020 de 5\u20ac - O G\u00f3tico Nova, em embalagem Original Estado: Proof","jetpack_sharing_enabled":true,"_links":{"self":[{"href":"https:\/\/maniadasmoedas.pt\/index.php?rest_route=\/wp\/v2\/product\/35891","targetHints":{"allow":["GET"]}}],"collection":[{"href":"https:\/\/maniadasmoedas.pt\/index.php?rest_route=\/wp\/v2\/product"}],"about":[{"href":"https:\/\/maniadasmoedas.pt\/index.php?rest_route=\/wp\/v2\/types\/product"}],"replies":[{"embeddable":true,"href":"https:\/\/maniadasmoedas.pt\/index.php?rest_route=%2Fwp%2Fv2%2Fcomments&post=35891"}],"version-history":[{"count":1,"href":"https:\/\/maniadasmoedas.pt\/index.php?rest_route=\/wp\/v2\/product\/35891\/revisions"}],"predecessor-version":[{"id":35895,"href":"https:\/\/maniadasmoedas.pt\/index.php?rest_route=\/wp\/v2\/product\/35891\/revisions\/35895"}],"wp:featuredmedia":[{"embeddable":true,"href":"https:\/\/maniadasmoedas.pt\/index.php?rest_route=\/wp\/v2\/media\/35892"}],"wp:attachment":[{"href":"https:\/\/maniadasmoedas.pt\/index.php?rest_route=%2Fwp%2Fv2%2Fmedia&parent=35891"}],"wp:term":[{"taxonomy":"product_brand","embeddable":true,"href":"https:\/\/maniadasmoedas.pt\/index.php?rest_route=%2Fwp%2Fv2%2Fproduct_brand&post=35891"},{"taxonomy":"product_cat","embeddable":true,"href":"https:\/\/maniadasmoedas.pt\/index.php?rest_route=%2Fwp%2Fv2%2Fproduct_cat&post=35891"},{"taxonomy":"product_tag","embeddable":true,"href":"https:\/\/maniadasmoedas.pt\/index.php?rest_route=%2Fwp%2Fv2%2Fproduct_tag&post=35891"}],"curies":[{"name":"wp","href":"https:\/\/api.w.org\/{rel}","templated":true}]}}