{"id":35327,"date":"2023-01-08T14:20:19","date_gmt":"2023-01-08T14:20:19","guid":{"rendered":"https:\/\/maniadasmoedas.pt\/?post_type=product&#038;p=35327"},"modified":"2025-01-09T20:32:51","modified_gmt":"2025-01-09T20:32:51","slug":"conjunto-completo-com-as-25-moedas-de-2-euros-comemorativos-de-2019","status":"publish","type":"product","link":"https:\/\/maniadasmoedas.pt\/?product=conjunto-completo-com-as-25-moedas-de-2-euros-comemorativos-de-2019","title":{"rendered":"Conjunto 25 moedas 2\u20ac de 2019"},"content":{"rendered":"<p>Conjunto Completo com as 25 Moedas de 2 Euros Comemorativos de 2019:<\/p>\n<p>Alemanha 2019 Bundesrat (apenas uma letra, vendedor escolhe)<br \/>\nIrlanda 2019 D\u00e1il \u00c9ireann<br \/>\nEspanha 2019 Avila<br \/>\nBelgica 2019 Pieter Brugel (Em Coincard)<br \/>\nPortugal 2019 Fern\u00e3o de Magalhaes<br \/>\nEslovaquia 2019 Milan Stefanik<br \/>\nBelgica 2019 EMI (Em coincard)<br \/>\nEstonia 2019 Can\u00e7\u00e3o<br \/>\nPortugal 2019 Madeira e Porto Santo<br \/>\nFran\u00e7a 2019 Asterix (Em Coincard)<br \/>\nLuxemburgo 2019 Carlota<br \/>\nGr\u00e9cia 2019 Manolis Andronikos<br \/>\nGr\u00e9cia 2019 Andreas Kalvos<br \/>\nLituania 2019 Can\u00e7\u00e3o<br \/>\nMalta 2019 Mnajdra Templo<br \/>\nItalia 2019 Leonardo Da Vinci<br \/>\nLituania 2019 Samogitia<br \/>\nLetonia 2019 O Sol Nascente<br \/>\nLuxemburgo 2019 Sufragio Universal<br \/>\nFran\u00e7a 2019 Muro De Berlim<br \/>\nAlemanha 2019 Muro Berlim (apenas uma letra, vendedor escolhe)<br \/>\nMalta 2019 Ambiente<br \/>\nEstonia 2019 Universidade de Tartu<br \/>\nEslovenia 2019 Universidade Ljublijana<br \/>\nFinlandia 2019 Constitui\u00e7\u00e3o<\/p>\n<p>Total de 25 moedas, n\u00e3o inclui as moedas comemorativas dos seguintes pa\u00edses:<br \/>\nAndorra<br \/>\nM\u00f3naco<br \/>\nVaticano<br \/>\nS\u00e3o Marino<\/p>\n","protected":false},"excerpt":{"rendered":"<p>Conjunto Completo com as 25 Moedas de 2 Euros Comemorativos de 2019:<\/p>\n<p>Alemanha 2019 Bundesrat (apenas uma letra, vendedor escolhe)<br \/>\nIrlanda 2019 D\u00e1il \u00c9ireann<br \/>\nEspanha 2019 Avila<br \/>\nBelgica 2019 Pieter Brugel (Em Coincard)<br \/>\nPortugal 2019 Fern\u00e3o de Magalhaes<br \/>\nEslovaquia 2019 Milan Stefanik<br \/>\nBelgica 2019 EMI (Em coincard)<br \/>\nEstonia 2019 Can\u00e7\u00e3o<br \/>\nPortugal 2019 Madeira e Porto Santo<br \/>\nFran\u00e7a 2019 Asterix (Em Coincard)<br \/>\nLuxemburgo 2019 Carlota<br \/>\nGr\u00e9cia 2019 Manolis Andronikos<br \/>\nGr\u00e9cia 2019 Andreas Kalvos<br \/>\nLituania 2019 Can\u00e7\u00e3o<br \/>\nMalta 2019 Mnajdra Templo<br \/>\nItalia 2019 Leonardo Da Vinci<br \/>\nLituania 2019 Samogitia<br \/>\nLetonia 2019 O Sol Nascente<br \/>\nLuxemburgo 2019 Sufragio Universal<br \/>\nFran\u00e7a 2019 Muro De Berlim<br \/>\nAlemanha 2019 Muro Berlim (apenas uma letra, vendedor escolhe)<br \/>\nMalta 2019 Ambiente<br \/>\nEstonia 2019 Universidade de Tartu<br \/>\nEslovenia 2019 Universidade Ljublijana<br \/>\nFinlandia 2019 Constitui\u00e7\u00e3o<\/p>\n<p>Total de 25 moedas, n\u00e3o inclui as moedas comemorativas dos seguintes pa\u00edses:<br \/>\nAndorra<br \/>\nM\u00f3naco<br \/>\nVaticano<br \/>\nS\u00e3o Marino<\/p>\n","protected":false},"featured_media":35328,"comment_status":"closed","ping_status":"closed","template":"","meta":{"_acf_changed":false,"_uag_custom_page_level_css":""},"product_brand":[],"product_cat":[212],"product_tag":[],"class_list":{"0":"post-35327","1":"product","2":"type-product","3":"status-publish","4":"has-post-thumbnail","6":"product_cat-conjuntos-ano","7":"thunk-woo-product-list","8":"opn-qv-enable","9":"open-woo-hover-","10":"open-single-product-tab-horizontal","11":"open-shadow-","12":"open-shadow-hover-","14":"first","15":"outofstock","16":"shipping-taxable","17":"purchasable","18":"product-type-simple"},"acf":[],"yoast_head":"<!-- This site is optimized with the Yoast SEO plugin v27.5 - https:\/\/yoast.com\/product\/yoast-seo-wordpress\/ -->\n<title>Conjunto 25 moedas 2\u20ac de 2019 - Mania das Moedas<\/title>\n<meta name=\"description\" content=\"Conjunto Completo com as 25 Moedas de 2 Euros Comemorativos de 2019\" \/>\n<meta name=\"robots\" content=\"index, follow, max-snippet:-1, max-image-preview:large, max-video-preview:-1\" \/>\n<link rel=\"canonical\" href=\"https:\/\/maniadasmoedas.pt\/?product=conjunto-completo-com-as-25-moedas-de-2-euros-comemorativos-de-2019\" \/>\n<meta property=\"og:locale\" content=\"pt_PT\" \/>\n<meta property=\"og:type\" content=\"article\" \/>\n<meta property=\"og:title\" content=\"Conjunto 25 moedas 2\u20ac de 2019 - Mania das Moedas\" \/>\n<meta property=\"og:description\" content=\"Conjunto Completo com as 25 Moedas de 2 Euros Comemorativos de 2019\" \/>\n<meta property=\"og:url\" content=\"https:\/\/maniadasmoedas.pt\/?product=conjunto-completo-com-as-25-moedas-de-2-euros-comemorativos-de-2019\" \/>\n<meta property=\"og:site_name\" content=\"Mania das Moedas\" \/>\n<meta property=\"article:modified_time\" content=\"2025-01-09T20:32:51+00:00\" \/>\n<meta property=\"og:image\" content=\"https:\/\/maniadasmoedas.pt\/wp-content\/uploads\/2023\/01\/2019-conjunto.jpg\" \/>\n\t<meta property=\"og:image:width\" content=\"1350\" \/>\n\t<meta property=\"og:image:height\" content=\"1650\" \/>\n\t<meta property=\"og:image:type\" content=\"image\/jpeg\" \/>\n<meta name=\"twitter:card\" content=\"summary_large_image\" \/>\n<meta name=\"twitter:label1\" content=\"Tempo estimado de leitura\" \/>\n\t<meta name=\"twitter:data1\" content=\"1 minuto\" \/>\n<script type=\"application\/ld+json\" class=\"yoast-schema-graph\">{\"@context\":\"https:\\\/\\\/schema.org\",\"@graph\":[{\"@type\":\"WebPage\",\"@id\":\"https:\\\/\\\/maniadasmoedas.pt\\\/?product=conjunto-completo-com-as-25-moedas-de-2-euros-comemorativos-de-2019\",\"url\":\"https:\\\/\\\/maniadasmoedas.pt\\\/?product=conjunto-completo-com-as-25-moedas-de-2-euros-comemorativos-de-2019\",\"name\":\"Conjunto 25 moedas 2\u20ac de 2019 - Mania das Moedas\",\"isPartOf\":{\"@id\":\"https:\\\/\\\/maniadasmoedas.pt\\\/#website\"},\"primaryImageOfPage\":{\"@id\":\"https:\\\/\\\/maniadasmoedas.pt\\\/?product=conjunto-completo-com-as-25-moedas-de-2-euros-comemorativos-de-2019#primaryimage\"},\"image\":{\"@id\":\"https:\\\/\\\/maniadasmoedas.pt\\\/?product=conjunto-completo-com-as-25-moedas-de-2-euros-comemorativos-de-2019#primaryimage\"},\"thumbnailUrl\":\"https:\\\/\\\/maniadasmoedas.pt\\\/wp-content\\\/uploads\\\/2023\\\/01\\\/2019-conjunto.jpg\",\"datePublished\":\"2023-01-08T14:20:19+00:00\",\"dateModified\":\"2025-01-09T20:32:51+00:00\",\"description\":\"Conjunto Completo com as 25 Moedas de 2 Euros Comemorativos de 2019\",\"breadcrumb\":{\"@id\":\"https:\\\/\\\/maniadasmoedas.pt\\\/?product=conjunto-completo-com-as-25-moedas-de-2-euros-comemorativos-de-2019#breadcrumb\"},\"inLanguage\":\"pt-PT\",\"potentialAction\":[{\"@type\":\"ReadAction\",\"target\":[\"https:\\\/\\\/maniadasmoedas.pt\\\/?product=conjunto-completo-com-as-25-moedas-de-2-euros-comemorativos-de-2019\"]}]},{\"@type\":\"ImageObject\",\"inLanguage\":\"pt-PT\",\"@id\":\"https:\\\/\\\/maniadasmoedas.pt\\\/?product=conjunto-completo-com-as-25-moedas-de-2-euros-comemorativos-de-2019#primaryimage\",\"url\":\"https:\\\/\\\/maniadasmoedas.pt\\\/wp-content\\\/uploads\\\/2023\\\/01\\\/2019-conjunto.jpg\",\"contentUrl\":\"https:\\\/\\\/maniadasmoedas.pt\\\/wp-content\\\/uploads\\\/2023\\\/01\\\/2019-conjunto.jpg\",\"width\":1350,\"height\":1650,\"caption\":\"Conjunto 25 moedas 2\u20ac de 2019\"},{\"@type\":\"BreadcrumbList\",\"@id\":\"https:\\\/\\\/maniadasmoedas.pt\\\/?product=conjunto-completo-com-as-25-moedas-de-2-euros-comemorativos-de-2019#breadcrumb\",\"itemListElement\":[{\"@type\":\"ListItem\",\"position\":1,\"name\":\"In\u00edcio\",\"item\":\"https:\\\/\\\/maniadasmoedas.pt\\\/\"},{\"@type\":\"ListItem\",\"position\":2,\"name\":\"Elementor #34262\",\"item\":\"https:\\\/\\\/maniadasmoedas.pt\\\/?page_id=34262\"},{\"@type\":\"ListItem\",\"position\":3,\"name\":\"Conjunto 25 moedas 2\u20ac de 2019\"}]},{\"@type\":\"WebSite\",\"@id\":\"https:\\\/\\\/maniadasmoedas.pt\\\/#website\",\"url\":\"https:\\\/\\\/maniadasmoedas.pt\\\/\",\"name\":\"ManiaDasMoedas\",\"description\":\"Uma Moeda Nunca Vem S\u00f3!\",\"publisher\":{\"@id\":\"https:\\\/\\\/maniadasmoedas.pt\\\/#\\\/schema\\\/person\\\/489ba095c99ab0b617a4e66e2783b41f\"},\"potentialAction\":[{\"@type\":\"SearchAction\",\"target\":{\"@type\":\"EntryPoint\",\"urlTemplate\":\"https:\\\/\\\/maniadasmoedas.pt\\\/?s={search_term_string}\"},\"query-input\":{\"@type\":\"PropertyValueSpecification\",\"valueRequired\":true,\"valueName\":\"search_term_string\"}}],\"inLanguage\":\"pt-PT\"},{\"@type\":[\"Person\",\"Organization\"],\"@id\":\"https:\\\/\\\/maniadasmoedas.pt\\\/#\\\/schema\\\/person\\\/489ba095c99ab0b617a4e66e2783b41f\",\"name\":\"AGabriel\",\"image\":{\"@type\":\"ImageObject\",\"inLanguage\":\"pt-PT\",\"@id\":\"https:\\\/\\\/maniadasmoedas.pt\\\/wp-content\\\/uploads\\\/2020\\\/05\\\/cropped-logo-site.fw_-2-2.png\",\"url\":\"https:\\\/\\\/maniadasmoedas.pt\\\/wp-content\\\/uploads\\\/2020\\\/05\\\/cropped-logo-site.fw_-2-2.png\",\"contentUrl\":\"https:\\\/\\\/maniadasmoedas.pt\\\/wp-content\\\/uploads\\\/2020\\\/05\\\/cropped-logo-site.fw_-2-2.png\",\"width\":100,\"height\":100,\"caption\":\"AGabriel\"},\"logo\":{\"@id\":\"https:\\\/\\\/maniadasmoedas.pt\\\/wp-content\\\/uploads\\\/2020\\\/05\\\/cropped-logo-site.fw_-2-2.png\"}}]}<\/script>\n<!-- \/ Yoast SEO plugin. -->","yoast_head_json":{"title":"Conjunto 25 moedas 2\u20ac de 2019 - Mania das Moedas","description":"Conjunto Completo com as 25 Moedas de 2 Euros Comemorativos de 2019","robots":{"index":"index","follow":"follow","max-snippet":"max-snippet:-1","max-image-preview":"max-image-preview:large","max-video-preview":"max-video-preview:-1"},"canonical":"https:\/\/maniadasmoedas.pt\/?product=conjunto-completo-com-as-25-moedas-de-2-euros-comemorativos-de-2019","og_locale":"pt_PT","og_type":"article","og_title":"Conjunto 25 moedas 2\u20ac de 2019 - Mania das Moedas","og_description":"Conjunto Completo com as 25 Moedas de 2 Euros Comemorativos de 2019","og_url":"https:\/\/maniadasmoedas.pt\/?product=conjunto-completo-com-as-25-moedas-de-2-euros-comemorativos-de-2019","og_site_name":"Mania das Moedas","article_modified_time":"2025-01-09T20:32:51+00:00","og_image":[{"width":1350,"height":1650,"url":"https:\/\/maniadasmoedas.pt\/wp-content\/uploads\/2023\/01\/2019-conjunto.jpg","type":"image\/jpeg"}],"twitter_card":"summary_large_image","twitter_misc":{"Tempo estimado de leitura":"1 minuto"},"schema":{"@context":"https:\/\/schema.org","@graph":[{"@type":"WebPage","@id":"https:\/\/maniadasmoedas.pt\/?product=conjunto-completo-com-as-25-moedas-de-2-euros-comemorativos-de-2019","url":"https:\/\/maniadasmoedas.pt\/?product=conjunto-completo-com-as-25-moedas-de-2-euros-comemorativos-de-2019","name":"Conjunto 25 moedas 2\u20ac de 2019 - Mania das Moedas","isPartOf":{"@id":"https:\/\/maniadasmoedas.pt\/#website"},"primaryImageOfPage":{"@id":"https:\/\/maniadasmoedas.pt\/?product=conjunto-completo-com-as-25-moedas-de-2-euros-comemorativos-de-2019#primaryimage"},"image":{"@id":"https:\/\/maniadasmoedas.pt\/?product=conjunto-completo-com-as-25-moedas-de-2-euros-comemorativos-de-2019#primaryimage"},"thumbnailUrl":"https:\/\/maniadasmoedas.pt\/wp-content\/uploads\/2023\/01\/2019-conjunto.jpg","datePublished":"2023-01-08T14:20:19+00:00","dateModified":"2025-01-09T20:32:51+00:00","description":"Conjunto Completo com as 25 Moedas de 2 Euros Comemorativos de 2019","breadcrumb":{"@id":"https:\/\/maniadasmoedas.pt\/?product=conjunto-completo-com-as-25-moedas-de-2-euros-comemorativos-de-2019#breadcrumb"},"inLanguage":"pt-PT","potentialAction":[{"@type":"ReadAction","target":["https:\/\/maniadasmoedas.pt\/?product=conjunto-completo-com-as-25-moedas-de-2-euros-comemorativos-de-2019"]}]},{"@type":"ImageObject","inLanguage":"pt-PT","@id":"https:\/\/maniadasmoedas.pt\/?product=conjunto-completo-com-as-25-moedas-de-2-euros-comemorativos-de-2019#primaryimage","url":"https:\/\/maniadasmoedas.pt\/wp-content\/uploads\/2023\/01\/2019-conjunto.jpg","contentUrl":"https:\/\/maniadasmoedas.pt\/wp-content\/uploads\/2023\/01\/2019-conjunto.jpg","width":1350,"height":1650,"caption":"Conjunto 25 moedas 2\u20ac de 2019"},{"@type":"BreadcrumbList","@id":"https:\/\/maniadasmoedas.pt\/?product=conjunto-completo-com-as-25-moedas-de-2-euros-comemorativos-de-2019#breadcrumb","itemListElement":[{"@type":"ListItem","position":1,"name":"In\u00edcio","item":"https:\/\/maniadasmoedas.pt\/"},{"@type":"ListItem","position":2,"name":"Elementor #34262","item":"https:\/\/maniadasmoedas.pt\/?page_id=34262"},{"@type":"ListItem","position":3,"name":"Conjunto 25 moedas 2\u20ac de 2019"}]},{"@type":"WebSite","@id":"https:\/\/maniadasmoedas.pt\/#website","url":"https:\/\/maniadasmoedas.pt\/","name":"ManiaDasMoedas","description":"Uma Moeda Nunca Vem S\u00f3!","publisher":{"@id":"https:\/\/maniadasmoedas.pt\/#\/schema\/person\/489ba095c99ab0b617a4e66e2783b41f"},"potentialAction":[{"@type":"SearchAction","target":{"@type":"EntryPoint","urlTemplate":"https:\/\/maniadasmoedas.pt\/?s={search_term_string}"},"query-input":{"@type":"PropertyValueSpecification","valueRequired":true,"valueName":"search_term_string"}}],"inLanguage":"pt-PT"},{"@type":["Person","Organization"],"@id":"https:\/\/maniadasmoedas.pt\/#\/schema\/person\/489ba095c99ab0b617a4e66e2783b41f","name":"AGabriel","image":{"@type":"ImageObject","inLanguage":"pt-PT","@id":"https:\/\/maniadasmoedas.pt\/wp-content\/uploads\/2020\/05\/cropped-logo-site.fw_-2-2.png","url":"https:\/\/maniadasmoedas.pt\/wp-content\/uploads\/2020\/05\/cropped-logo-site.fw_-2-2.png","contentUrl":"https:\/\/maniadasmoedas.pt\/wp-content\/uploads\/2020\/05\/cropped-logo-site.fw_-2-2.png","width":100,"height":100,"caption":"AGabriel"},"logo":{"@id":"https:\/\/maniadasmoedas.pt\/wp-content\/uploads\/2020\/05\/cropped-logo-site.fw_-2-2.png"}}]}},"uagb_featured_image_src":{"full":["https:\/\/maniadasmoedas.pt\/wp-content\/uploads\/2023\/01\/2019-conjunto.jpg",1350,1650,false],"thumbnail":["https:\/\/maniadasmoedas.pt\/wp-content\/uploads\/2023\/01\/2019-conjunto-150x150.jpg",150,150,true],"medium":["https:\/\/maniadasmoedas.pt\/wp-content\/uploads\/2023\/01\/2019-conjunto-245x300.jpg",245,300,true],"medium_large":["https:\/\/maniadasmoedas.pt\/wp-content\/uploads\/2023\/01\/2019-conjunto-768x939.jpg",640,783,true],"large":["https:\/\/maniadasmoedas.pt\/wp-content\/uploads\/2023\/01\/2019-conjunto-838x1024.jpg",640,782,true],"rpg_gallery_admin_thumb":["https:\/\/maniadasmoedas.pt\/wp-content\/uploads\/2023\/01\/2019-conjunto-150x150.jpg",150,150,true],"rpg_gallery_thumb":["https:\/\/maniadasmoedas.pt\/wp-content\/uploads\/2023\/01\/2019-conjunto-150x150.jpg",150,150,true],"1536x1536":["https:\/\/maniadasmoedas.pt\/wp-content\/uploads\/2023\/01\/2019-conjunto-1257x1536.jpg",1257,1536,true],"2048x2048":["https:\/\/maniadasmoedas.pt\/wp-content\/uploads\/2023\/01\/2019-conjunto.jpg",1350,1650,false],"woocommerce_thumbnail":["https:\/\/maniadasmoedas.pt\/wp-content\/uploads\/2023\/01\/2019-conjunto-320x320.jpg",320,320,true],"woocommerce_single":["https:\/\/maniadasmoedas.pt\/wp-content\/uploads\/2023\/01\/2019-conjunto-600x733.jpg",600,733,true],"woocommerce_gallery_thumbnail":["https:\/\/maniadasmoedas.pt\/wp-content\/uploads\/2023\/01\/2019-conjunto-100x100.jpg",100,100,true],"thaps-thumb-img":["https:\/\/maniadasmoedas.pt\/wp-content\/uploads\/2023\/01\/2019-conjunto-48x59.jpg",48,59,true],"taiowc-thumb-img":["https:\/\/maniadasmoedas.pt\/wp-content\/uploads\/2023\/01\/2019-conjunto-48x59.jpg",48,59,true]},"uagb_author_info":{"display_name":"AGabriel","author_link":"https:\/\/maniadasmoedas.pt\/?author=0"},"uagb_comment_info":0,"uagb_excerpt":"Conjunto Completo com as 25 Moedas de 2 Euros Comemorativos de 2019: Alemanha 2019 Bundesrat (apenas uma letra, vendedor escolhe) Irlanda 2019 D\u00e1il \u00c9ireann Espanha 2019 Avila Belgica 2019 Pieter Brugel (Em Coincard) Portugal 2019 Fern\u00e3o de Magalhaes Eslovaquia 2019 Milan Stefanik Belgica 2019 EMI (Em coincard) Estonia 2019 Can\u00e7\u00e3o Portugal 2019 Madeira e Porto&hellip;","jetpack_sharing_enabled":true,"_links":{"self":[{"href":"https:\/\/maniadasmoedas.pt\/index.php?rest_route=\/wp\/v2\/product\/35327","targetHints":{"allow":["GET"]}}],"collection":[{"href":"https:\/\/maniadasmoedas.pt\/index.php?rest_route=\/wp\/v2\/product"}],"about":[{"href":"https:\/\/maniadasmoedas.pt\/index.php?rest_route=\/wp\/v2\/types\/product"}],"replies":[{"embeddable":true,"href":"https:\/\/maniadasmoedas.pt\/index.php?rest_route=%2Fwp%2Fv2%2Fcomments&post=35327"}],"version-history":[{"count":1,"href":"https:\/\/maniadasmoedas.pt\/index.php?rest_route=\/wp\/v2\/product\/35327\/revisions"}],"predecessor-version":[{"id":38995,"href":"https:\/\/maniadasmoedas.pt\/index.php?rest_route=\/wp\/v2\/product\/35327\/revisions\/38995"}],"wp:featuredmedia":[{"embeddable":true,"href":"https:\/\/maniadasmoedas.pt\/index.php?rest_route=\/wp\/v2\/media\/35328"}],"wp:attachment":[{"href":"https:\/\/maniadasmoedas.pt\/index.php?rest_route=%2Fwp%2Fv2%2Fmedia&parent=35327"}],"wp:term":[{"taxonomy":"product_brand","embeddable":true,"href":"https:\/\/maniadasmoedas.pt\/index.php?rest_route=%2Fwp%2Fv2%2Fproduct_brand&post=35327"},{"taxonomy":"product_cat","embeddable":true,"href":"https:\/\/maniadasmoedas.pt\/index.php?rest_route=%2Fwp%2Fv2%2Fproduct_cat&post=35327"},{"taxonomy":"product_tag","embeddable":true,"href":"https:\/\/maniadasmoedas.pt\/index.php?rest_route=%2Fwp%2Fv2%2Fproduct_tag&post=35327"}],"curies":[{"name":"wp","href":"https:\/\/api.w.org\/{rel}","templated":true}]}}