{"id":35153,"date":"2022-12-07T19:36:12","date_gmt":"2022-12-07T19:36:12","guid":{"rendered":"https:\/\/maniadasmoedas.pt\/?post_type=product&#038;p=35153"},"modified":"2025-12-18T22:54:11","modified_gmt":"2025-12-18T22:54:11","slug":"conjunto-23-moedas-2e-erasmus-2022-ler-descricao","status":"publish","type":"product","link":"https:\/\/maniadasmoedas.pt\/?product=conjunto-23-moedas-2e-erasmus-2022-ler-descricao","title":{"rendered":"Conjunto 23 moedas 2\u20ac Erasmus 2022 \u2013 Ler Descri\u00e7\u00e3o!"},"content":{"rendered":"<p>Conjunto com 23 Moedas de 2\u20ac alusivas ao Programa de Erasmus de 2022<\/p>\n<p>Conjunto composto pelas seguintes moedas:<\/p>\n<ul>\n<li>Portugal<\/li>\n<li>\u00c1ustria<\/li>\n<li>Alemanha (Inclui as 5 Letras)<\/li>\n<li>Est\u00f3nia<\/li>\n<li>Eslov\u00e9nia<\/li>\n<li>Eslov\u00e1quia<\/li>\n<li>Let\u00f3nia<\/li>\n<li>Litu\u00e2nia<\/li>\n<li>It\u00e1lia<\/li>\n<li>Irlanda<\/li>\n<li>Espanha<\/li>\n<li>Fran\u00e7a<\/li>\n<li>Finl\u00e2ndia<\/li>\n<li>Gr\u00e9cia<\/li>\n<li>Luxemburgo<\/li>\n<li>Holanda<\/li>\n<li>B\u00e9lgica (moeda em coincard Original)<\/li>\n<li>Chipre<\/li>\n<li>Malta<\/li>\n<\/ul>\n<p>Todas as moedas encontram-se em estado UNC em alv\u00e9olo de agrafar, a da B\u00e9lgica est\u00e1 no coincard original.<\/p>\n","protected":false},"excerpt":{"rendered":"<p>Conjunto com 23 Moedas de 2\u20ac alusivas ao Programa de Erasmus de 2022<\/p>\n<p>Conjunto composto pelas seguintes moedas:<\/p>\n<ul>\n<li>Portugal<\/li>\n<li>\u00c1ustria<\/li>\n<li>Alemanha (Inclui as 5 Letras)<\/li>\n<li>Est\u00f3nia<\/li>\n<li>Eslov\u00e9nia<\/li>\n<li>Eslov\u00e1quia<\/li>\n<li>Let\u00f3nia<\/li>\n<li>Litu\u00e2nia<\/li>\n<li>It\u00e1lia<\/li>\n<li>Irlanda<\/li>\n<li>Espanha<\/li>\n<li>Fran\u00e7a<\/li>\n<li>Finl\u00e2ndia<\/li>\n<li>Gr\u00e9cia<\/li>\n<li>Luxemburgo<\/li>\n<li>Holanda<\/li>\n<li>B\u00e9lgica (moeda em coincard Original)<\/li>\n<li>Chipre<\/li>\n<li>Malta<\/li>\n<\/ul>\n<p>Todas as moedas encontram-se em estado UNC em alv\u00e9olo de agrafar, a da B\u00e9lgica est\u00e1 no coincard original.<\/p>\n","protected":false},"featured_media":35154,"comment_status":"closed","ping_status":"closed","template":"","meta":{"_acf_changed":false,"_uag_custom_page_level_css":""},"product_brand":[],"product_cat":[212,202,15],"product_tag":[],"class_list":{"0":"post-35153","1":"product","2":"type-product","3":"status-publish","4":"has-post-thumbnail","6":"product_cat-conjuntos-ano","7":"product_cat-erasmus","8":"product_cat-todos","9":"thunk-woo-product-list","10":"opn-qv-enable","11":"open-woo-hover-","12":"open-single-product-tab-horizontal","13":"open-shadow-","14":"open-shadow-hover-","16":"first","17":"outofstock","18":"shipping-taxable","19":"purchasable","20":"product-type-simple"},"acf":[],"yoast_head":"<!-- This site is optimized with the Yoast SEO plugin v27.4 - https:\/\/yoast.com\/product\/yoast-seo-wordpress\/ -->\n<title>Conjunto 23 moedas 2\u20ac Erasmus 2022 \u2013 Ler Descri\u00e7\u00e3o! - Mania das Moedas<\/title>\n<meta name=\"description\" content=\"Conjunto 23 moedas 2\u20ac Erasmus 2022 \u2013 Ler Descri\u00e7\u00e3o!\" \/>\n<meta name=\"robots\" content=\"index, follow, max-snippet:-1, max-image-preview:large, max-video-preview:-1\" \/>\n<link rel=\"canonical\" href=\"https:\/\/maniadasmoedas.pt\/?product=conjunto-23-moedas-2e-erasmus-2022-ler-descricao\" \/>\n<meta property=\"og:locale\" content=\"pt_PT\" \/>\n<meta property=\"og:type\" content=\"article\" \/>\n<meta property=\"og:title\" content=\"Conjunto 23 moedas 2\u20ac Erasmus 2022 \u2013 Ler Descri\u00e7\u00e3o! - Mania das Moedas\" \/>\n<meta property=\"og:description\" content=\"Conjunto 23 moedas 2\u20ac Erasmus 2022 \u2013 Ler Descri\u00e7\u00e3o!\" \/>\n<meta property=\"og:url\" content=\"https:\/\/maniadasmoedas.pt\/?product=conjunto-23-moedas-2e-erasmus-2022-ler-descricao\" \/>\n<meta property=\"og:site_name\" content=\"Mania das Moedas\" \/>\n<meta property=\"article:modified_time\" content=\"2025-12-18T22:54:11+00:00\" \/>\n<meta property=\"og:image\" content=\"https:\/\/maniadasmoedas.pt\/wp-content\/uploads\/2022\/12\/conjunto-23-erasmus.fw_-838x1024.png\" \/>\n\t<meta property=\"og:image:width\" content=\"838\" \/>\n\t<meta property=\"og:image:height\" content=\"1024\" \/>\n\t<meta property=\"og:image:type\" content=\"image\/png\" \/>\n<meta name=\"twitter:card\" content=\"summary_large_image\" \/>\n<meta name=\"twitter:label1\" content=\"Tempo estimado de leitura\" \/>\n\t<meta name=\"twitter:data1\" content=\"1 minuto\" \/>\n<script type=\"application\/ld+json\" class=\"yoast-schema-graph\">{\"@context\":\"https:\\\/\\\/schema.org\",\"@graph\":[{\"@type\":\"WebPage\",\"@id\":\"https:\\\/\\\/maniadasmoedas.pt\\\/?product=conjunto-23-moedas-2e-erasmus-2022-ler-descricao\",\"url\":\"https:\\\/\\\/maniadasmoedas.pt\\\/?product=conjunto-23-moedas-2e-erasmus-2022-ler-descricao\",\"name\":\"Conjunto 23 moedas 2\u20ac Erasmus 2022 \u2013 Ler Descri\u00e7\u00e3o! - Mania das Moedas\",\"isPartOf\":{\"@id\":\"https:\\\/\\\/maniadasmoedas.pt\\\/#website\"},\"primaryImageOfPage\":{\"@id\":\"https:\\\/\\\/maniadasmoedas.pt\\\/?product=conjunto-23-moedas-2e-erasmus-2022-ler-descricao#primaryimage\"},\"image\":{\"@id\":\"https:\\\/\\\/maniadasmoedas.pt\\\/?product=conjunto-23-moedas-2e-erasmus-2022-ler-descricao#primaryimage\"},\"thumbnailUrl\":\"https:\\\/\\\/maniadasmoedas.pt\\\/wp-content\\\/uploads\\\/2022\\\/12\\\/conjunto-23-erasmus.fw_.png\",\"datePublished\":\"2022-12-07T19:36:12+00:00\",\"dateModified\":\"2025-12-18T22:54:11+00:00\",\"description\":\"Conjunto 23 moedas 2\u20ac Erasmus 2022 \u2013 Ler Descri\u00e7\u00e3o!\",\"breadcrumb\":{\"@id\":\"https:\\\/\\\/maniadasmoedas.pt\\\/?product=conjunto-23-moedas-2e-erasmus-2022-ler-descricao#breadcrumb\"},\"inLanguage\":\"pt-PT\",\"potentialAction\":[{\"@type\":\"ReadAction\",\"target\":[\"https:\\\/\\\/maniadasmoedas.pt\\\/?product=conjunto-23-moedas-2e-erasmus-2022-ler-descricao\"]}]},{\"@type\":\"ImageObject\",\"inLanguage\":\"pt-PT\",\"@id\":\"https:\\\/\\\/maniadasmoedas.pt\\\/?product=conjunto-23-moedas-2e-erasmus-2022-ler-descricao#primaryimage\",\"url\":\"https:\\\/\\\/maniadasmoedas.pt\\\/wp-content\\\/uploads\\\/2022\\\/12\\\/conjunto-23-erasmus.fw_.png\",\"contentUrl\":\"https:\\\/\\\/maniadasmoedas.pt\\\/wp-content\\\/uploads\\\/2022\\\/12\\\/conjunto-23-erasmus.fw_.png\",\"width\":1350,\"height\":1650,\"caption\":\"Conjunto 23 moedas 2\u20ac Erasmus 2022 \u2013 Ler Descri\u00e7\u00e3o!\"},{\"@type\":\"BreadcrumbList\",\"@id\":\"https:\\\/\\\/maniadasmoedas.pt\\\/?product=conjunto-23-moedas-2e-erasmus-2022-ler-descricao#breadcrumb\",\"itemListElement\":[{\"@type\":\"ListItem\",\"position\":1,\"name\":\"In\u00edcio\",\"item\":\"https:\\\/\\\/maniadasmoedas.pt\\\/\"},{\"@type\":\"ListItem\",\"position\":2,\"name\":\"Elementor #34262\",\"item\":\"https:\\\/\\\/maniadasmoedas.pt\\\/?page_id=34262\"},{\"@type\":\"ListItem\",\"position\":3,\"name\":\"Conjunto 23 moedas 2\u20ac Erasmus 2022 \u2013 Ler Descri\u00e7\u00e3o!\"}]},{\"@type\":\"WebSite\",\"@id\":\"https:\\\/\\\/maniadasmoedas.pt\\\/#website\",\"url\":\"https:\\\/\\\/maniadasmoedas.pt\\\/\",\"name\":\"ManiaDasMoedas\",\"description\":\"Uma Moeda Nunca Vem S\u00f3!\",\"publisher\":{\"@id\":\"https:\\\/\\\/maniadasmoedas.pt\\\/#\\\/schema\\\/person\\\/489ba095c99ab0b617a4e66e2783b41f\"},\"potentialAction\":[{\"@type\":\"SearchAction\",\"target\":{\"@type\":\"EntryPoint\",\"urlTemplate\":\"https:\\\/\\\/maniadasmoedas.pt\\\/?s={search_term_string}\"},\"query-input\":{\"@type\":\"PropertyValueSpecification\",\"valueRequired\":true,\"valueName\":\"search_term_string\"}}],\"inLanguage\":\"pt-PT\"},{\"@type\":[\"Person\",\"Organization\"],\"@id\":\"https:\\\/\\\/maniadasmoedas.pt\\\/#\\\/schema\\\/person\\\/489ba095c99ab0b617a4e66e2783b41f\",\"name\":\"AGabriel\",\"image\":{\"@type\":\"ImageObject\",\"inLanguage\":\"pt-PT\",\"@id\":\"https:\\\/\\\/maniadasmoedas.pt\\\/wp-content\\\/uploads\\\/2020\\\/05\\\/cropped-logo-site.fw_-2-2.png\",\"url\":\"https:\\\/\\\/maniadasmoedas.pt\\\/wp-content\\\/uploads\\\/2020\\\/05\\\/cropped-logo-site.fw_-2-2.png\",\"contentUrl\":\"https:\\\/\\\/maniadasmoedas.pt\\\/wp-content\\\/uploads\\\/2020\\\/05\\\/cropped-logo-site.fw_-2-2.png\",\"width\":100,\"height\":100,\"caption\":\"AGabriel\"},\"logo\":{\"@id\":\"https:\\\/\\\/maniadasmoedas.pt\\\/wp-content\\\/uploads\\\/2020\\\/05\\\/cropped-logo-site.fw_-2-2.png\"}}]}<\/script>\n<!-- \/ Yoast SEO plugin. -->","yoast_head_json":{"title":"Conjunto 23 moedas 2\u20ac Erasmus 2022 \u2013 Ler Descri\u00e7\u00e3o! - Mania das Moedas","description":"Conjunto 23 moedas 2\u20ac Erasmus 2022 \u2013 Ler Descri\u00e7\u00e3o!","robots":{"index":"index","follow":"follow","max-snippet":"max-snippet:-1","max-image-preview":"max-image-preview:large","max-video-preview":"max-video-preview:-1"},"canonical":"https:\/\/maniadasmoedas.pt\/?product=conjunto-23-moedas-2e-erasmus-2022-ler-descricao","og_locale":"pt_PT","og_type":"article","og_title":"Conjunto 23 moedas 2\u20ac Erasmus 2022 \u2013 Ler Descri\u00e7\u00e3o! - Mania das Moedas","og_description":"Conjunto 23 moedas 2\u20ac Erasmus 2022 \u2013 Ler Descri\u00e7\u00e3o!","og_url":"https:\/\/maniadasmoedas.pt\/?product=conjunto-23-moedas-2e-erasmus-2022-ler-descricao","og_site_name":"Mania das Moedas","article_modified_time":"2025-12-18T22:54:11+00:00","og_image":[{"width":838,"height":1024,"url":"https:\/\/maniadasmoedas.pt\/wp-content\/uploads\/2022\/12\/conjunto-23-erasmus.fw_-838x1024.png","type":"image\/png"}],"twitter_card":"summary_large_image","twitter_misc":{"Tempo estimado de leitura":"1 minuto"},"schema":{"@context":"https:\/\/schema.org","@graph":[{"@type":"WebPage","@id":"https:\/\/maniadasmoedas.pt\/?product=conjunto-23-moedas-2e-erasmus-2022-ler-descricao","url":"https:\/\/maniadasmoedas.pt\/?product=conjunto-23-moedas-2e-erasmus-2022-ler-descricao","name":"Conjunto 23 moedas 2\u20ac Erasmus 2022 \u2013 Ler Descri\u00e7\u00e3o! - Mania das Moedas","isPartOf":{"@id":"https:\/\/maniadasmoedas.pt\/#website"},"primaryImageOfPage":{"@id":"https:\/\/maniadasmoedas.pt\/?product=conjunto-23-moedas-2e-erasmus-2022-ler-descricao#primaryimage"},"image":{"@id":"https:\/\/maniadasmoedas.pt\/?product=conjunto-23-moedas-2e-erasmus-2022-ler-descricao#primaryimage"},"thumbnailUrl":"https:\/\/maniadasmoedas.pt\/wp-content\/uploads\/2022\/12\/conjunto-23-erasmus.fw_.png","datePublished":"2022-12-07T19:36:12+00:00","dateModified":"2025-12-18T22:54:11+00:00","description":"Conjunto 23 moedas 2\u20ac Erasmus 2022 \u2013 Ler Descri\u00e7\u00e3o!","breadcrumb":{"@id":"https:\/\/maniadasmoedas.pt\/?product=conjunto-23-moedas-2e-erasmus-2022-ler-descricao#breadcrumb"},"inLanguage":"pt-PT","potentialAction":[{"@type":"ReadAction","target":["https:\/\/maniadasmoedas.pt\/?product=conjunto-23-moedas-2e-erasmus-2022-ler-descricao"]}]},{"@type":"ImageObject","inLanguage":"pt-PT","@id":"https:\/\/maniadasmoedas.pt\/?product=conjunto-23-moedas-2e-erasmus-2022-ler-descricao#primaryimage","url":"https:\/\/maniadasmoedas.pt\/wp-content\/uploads\/2022\/12\/conjunto-23-erasmus.fw_.png","contentUrl":"https:\/\/maniadasmoedas.pt\/wp-content\/uploads\/2022\/12\/conjunto-23-erasmus.fw_.png","width":1350,"height":1650,"caption":"Conjunto 23 moedas 2\u20ac Erasmus 2022 \u2013 Ler Descri\u00e7\u00e3o!"},{"@type":"BreadcrumbList","@id":"https:\/\/maniadasmoedas.pt\/?product=conjunto-23-moedas-2e-erasmus-2022-ler-descricao#breadcrumb","itemListElement":[{"@type":"ListItem","position":1,"name":"In\u00edcio","item":"https:\/\/maniadasmoedas.pt\/"},{"@type":"ListItem","position":2,"name":"Elementor #34262","item":"https:\/\/maniadasmoedas.pt\/?page_id=34262"},{"@type":"ListItem","position":3,"name":"Conjunto 23 moedas 2\u20ac Erasmus 2022 \u2013 Ler Descri\u00e7\u00e3o!"}]},{"@type":"WebSite","@id":"https:\/\/maniadasmoedas.pt\/#website","url":"https:\/\/maniadasmoedas.pt\/","name":"ManiaDasMoedas","description":"Uma Moeda Nunca Vem S\u00f3!","publisher":{"@id":"https:\/\/maniadasmoedas.pt\/#\/schema\/person\/489ba095c99ab0b617a4e66e2783b41f"},"potentialAction":[{"@type":"SearchAction","target":{"@type":"EntryPoint","urlTemplate":"https:\/\/maniadasmoedas.pt\/?s={search_term_string}"},"query-input":{"@type":"PropertyValueSpecification","valueRequired":true,"valueName":"search_term_string"}}],"inLanguage":"pt-PT"},{"@type":["Person","Organization"],"@id":"https:\/\/maniadasmoedas.pt\/#\/schema\/person\/489ba095c99ab0b617a4e66e2783b41f","name":"AGabriel","image":{"@type":"ImageObject","inLanguage":"pt-PT","@id":"https:\/\/maniadasmoedas.pt\/wp-content\/uploads\/2020\/05\/cropped-logo-site.fw_-2-2.png","url":"https:\/\/maniadasmoedas.pt\/wp-content\/uploads\/2020\/05\/cropped-logo-site.fw_-2-2.png","contentUrl":"https:\/\/maniadasmoedas.pt\/wp-content\/uploads\/2020\/05\/cropped-logo-site.fw_-2-2.png","width":100,"height":100,"caption":"AGabriel"},"logo":{"@id":"https:\/\/maniadasmoedas.pt\/wp-content\/uploads\/2020\/05\/cropped-logo-site.fw_-2-2.png"}}]}},"uagb_featured_image_src":{"full":["https:\/\/maniadasmoedas.pt\/wp-content\/uploads\/2022\/12\/conjunto-23-erasmus.fw_.png",1350,1650,false],"thumbnail":["https:\/\/maniadasmoedas.pt\/wp-content\/uploads\/2022\/12\/conjunto-23-erasmus.fw_-150x150.png",150,150,true],"medium":["https:\/\/maniadasmoedas.pt\/wp-content\/uploads\/2022\/12\/conjunto-23-erasmus.fw_-245x300.png",245,300,true],"medium_large":["https:\/\/maniadasmoedas.pt\/wp-content\/uploads\/2022\/12\/conjunto-23-erasmus.fw_-768x939.png",640,783,true],"large":["https:\/\/maniadasmoedas.pt\/wp-content\/uploads\/2022\/12\/conjunto-23-erasmus.fw_-838x1024.png",640,782,true],"rpg_gallery_admin_thumb":["https:\/\/maniadasmoedas.pt\/wp-content\/uploads\/2022\/12\/conjunto-23-erasmus.fw_-150x150.png",150,150,true],"rpg_gallery_thumb":["https:\/\/maniadasmoedas.pt\/wp-content\/uploads\/2022\/12\/conjunto-23-erasmus.fw_-150x150.png",150,150,true],"1536x1536":["https:\/\/maniadasmoedas.pt\/wp-content\/uploads\/2022\/12\/conjunto-23-erasmus.fw_-1257x1536.png",1257,1536,true],"2048x2048":["https:\/\/maniadasmoedas.pt\/wp-content\/uploads\/2022\/12\/conjunto-23-erasmus.fw_.png",1350,1650,false],"woocommerce_thumbnail":["https:\/\/maniadasmoedas.pt\/wp-content\/uploads\/2022\/12\/conjunto-23-erasmus.fw_-320x320.png",320,320,true],"woocommerce_single":["https:\/\/maniadasmoedas.pt\/wp-content\/uploads\/2022\/12\/conjunto-23-erasmus.fw_-600x733.png",600,733,true],"woocommerce_gallery_thumbnail":["https:\/\/maniadasmoedas.pt\/wp-content\/uploads\/2022\/12\/conjunto-23-erasmus.fw_-100x100.png",100,100,true],"thaps-thumb-img":["https:\/\/maniadasmoedas.pt\/wp-content\/uploads\/2022\/12\/conjunto-23-erasmus.fw_-48x59.png",48,59,true],"taiowc-thumb-img":["https:\/\/maniadasmoedas.pt\/wp-content\/uploads\/2022\/12\/conjunto-23-erasmus.fw_-48x59.png",48,59,true]},"uagb_author_info":{"display_name":"AGabriel","author_link":"https:\/\/maniadasmoedas.pt\/?author=0"},"uagb_comment_info":0,"uagb_excerpt":"Conjunto com 23 Moedas de 2\u20ac alusivas ao Programa de Erasmus de 2022 Conjunto composto pelas seguintes moedas: Portugal \u00c1ustria Alemanha (Inclui as 5 Letras) Est\u00f3nia Eslov\u00e9nia Eslov\u00e1quia Let\u00f3nia Litu\u00e2nia It\u00e1lia Irlanda Espanha Fran\u00e7a Finl\u00e2ndia Gr\u00e9cia Luxemburgo Holanda B\u00e9lgica (moeda em coincard Original) Chipre Malta Todas as moedas encontram-se em estado UNC em alv\u00e9olo de&hellip;","jetpack_sharing_enabled":true,"_links":{"self":[{"href":"https:\/\/maniadasmoedas.pt\/index.php?rest_route=\/wp\/v2\/product\/35153","targetHints":{"allow":["GET"]}}],"collection":[{"href":"https:\/\/maniadasmoedas.pt\/index.php?rest_route=\/wp\/v2\/product"}],"about":[{"href":"https:\/\/maniadasmoedas.pt\/index.php?rest_route=\/wp\/v2\/types\/product"}],"replies":[{"embeddable":true,"href":"https:\/\/maniadasmoedas.pt\/index.php?rest_route=%2Fwp%2Fv2%2Fcomments&post=35153"}],"version-history":[{"count":1,"href":"https:\/\/maniadasmoedas.pt\/index.php?rest_route=\/wp\/v2\/product\/35153\/revisions"}],"predecessor-version":[{"id":40506,"href":"https:\/\/maniadasmoedas.pt\/index.php?rest_route=\/wp\/v2\/product\/35153\/revisions\/40506"}],"wp:featuredmedia":[{"embeddable":true,"href":"https:\/\/maniadasmoedas.pt\/index.php?rest_route=\/wp\/v2\/media\/35154"}],"wp:attachment":[{"href":"https:\/\/maniadasmoedas.pt\/index.php?rest_route=%2Fwp%2Fv2%2Fmedia&parent=35153"}],"wp:term":[{"taxonomy":"product_brand","embeddable":true,"href":"https:\/\/maniadasmoedas.pt\/index.php?rest_route=%2Fwp%2Fv2%2Fproduct_brand&post=35153"},{"taxonomy":"product_cat","embeddable":true,"href":"https:\/\/maniadasmoedas.pt\/index.php?rest_route=%2Fwp%2Fv2%2Fproduct_cat&post=35153"},{"taxonomy":"product_tag","embeddable":true,"href":"https:\/\/maniadasmoedas.pt\/index.php?rest_route=%2Fwp%2Fv2%2Fproduct_tag&post=35153"}],"curies":[{"name":"wp","href":"https:\/\/api.w.org\/{rel}","templated":true}]}}