{"id":34782,"date":"2022-10-11T13:43:10","date_gmt":"2022-10-11T13:43:10","guid":{"rendered":"https:\/\/maniadasmoedas.pt\/?post_type=product&#038;p=34782"},"modified":"2023-11-05T22:16:08","modified_gmt":"2023-11-05T22:16:08","slug":"conjunto-22-moedas-2e-erasmus-2022","status":"publish","type":"product","link":"https:\/\/maniadasmoedas.pt\/?product=conjunto-22-moedas-2e-erasmus-2022","title":{"rendered":"Conjunto 22 moedas 2\u20ac Erasmus 2022 &#8211; Ler Descri\u00e7\u00e3o!"},"content":{"rendered":"<p>Conjunto com 22 Moedas de 2\u20ac alusivas ao Programa de Erasmus de 2022<\/p>\n<p>Conjunto composto pelas seguintes moedas:<\/p>\n<ul>\n<li>Portugal<\/li>\n<li>\u00c1ustria<\/li>\n<li>Alemanha (Inclui as 5 letras)<\/li>\n<li>Est\u00f3nia<\/li>\n<li>Eslov\u00e9nia<\/li>\n<li>Eslov\u00e1quia<\/li>\n<li>Let\u00f3nia<\/li>\n<li>Litu\u00e2nia<\/li>\n<li>It\u00e1lia<\/li>\n<li>Irlanda<\/li>\n<li>Espanha<\/li>\n<li>Fran\u00e7a<\/li>\n<li>Finl\u00e2ndia<\/li>\n<li>Gr\u00e9cia<\/li>\n<li>Luxemburgo<\/li>\n<li>Holanda<\/li>\n<li>B\u00e9lgica (moeda em coincard Original)<\/li>\n<li>Chipre<\/li>\n<\/ul>\n<p>Todas as moedas encontram-se em estado UNC em alv\u00e9olo de agrafar, a da B\u00e9lgica est\u00e1 no coincard original.<\/p>\n<p>A Moeda de Malta N\u00c3O est\u00e1 inclu\u00edda<\/p>\n","protected":false},"excerpt":{"rendered":"<p>Conjunto com 22 Moedas de 2\u20ac alusivas ao Programa de Erasmus de 2022<\/p>\n<p>Conjunto composto pelas seguintes moedas:<\/p>\n<ul>\n<li>Portugal<\/li>\n<li>\u00c1ustria<\/li>\n<li>Alemanha (Inclui as 5 Letras)<\/li>\n<li>Est\u00f3nia<\/li>\n<li>Eslov\u00e9nia<\/li>\n<li>Eslov\u00e1quia<\/li>\n<li>Let\u00f3nia<\/li>\n<li>Litu\u00e2nia<\/li>\n<li>It\u00e1lia<\/li>\n<li>Irlanda<\/li>\n<li>Espanha<\/li>\n<li>Fran\u00e7a<\/li>\n<li>Finl\u00e2ndia<\/li>\n<li>Gr\u00e9cia<\/li>\n<li>Luxemburgo<\/li>\n<li>Holanda<\/li>\n<li>B\u00e9lgica (moeda em coincard Original)<\/li>\n<li>Chipre<\/li>\n<\/ul>\n<p>Todas as moedas encontram-se em estado UNC em alv\u00e9olo de agrafar, a da B\u00e9lgica est\u00e1 no coincard original.<\/p>\n<p>A Moeda de Malta N\u00c3O est\u00e1 inclu\u00edda<\/p>\n","protected":false},"featured_media":34786,"comment_status":"closed","ping_status":"closed","template":"","meta":{"_acf_changed":false,"_uag_custom_page_level_css":""},"product_brand":[],"product_cat":[212,202],"product_tag":[],"class_list":{"0":"post-34782","1":"product","2":"type-product","3":"status-publish","4":"has-post-thumbnail","6":"product_cat-conjuntos-ano","7":"product_cat-erasmus","8":"thunk-woo-product-list","9":"opn-qv-enable","10":"open-woo-hover-","11":"open-single-product-tab-horizontal","12":"open-shadow-","13":"open-shadow-hover-","15":"first","16":"instock","17":"shipping-taxable","18":"purchasable","19":"product-type-simple"},"acf":[],"yoast_head":"<!-- This site is optimized with the Yoast SEO plugin v27.4 - https:\/\/yoast.com\/product\/yoast-seo-wordpress\/ -->\n<title>Conjunto 22 moedas 2\u20ac Erasmus 2022 - Ler Descri\u00e7\u00e3o! - Mania das Moedas<\/title>\n<meta name=\"description\" content=\"Conjunto com 22 Moedas de 2\u20ac alusivas ao Programa de Erasmus de 2022\" \/>\n<meta name=\"robots\" content=\"index, follow, max-snippet:-1, max-image-preview:large, max-video-preview:-1\" \/>\n<link rel=\"canonical\" href=\"https:\/\/maniadasmoedas.pt\/?product=conjunto-22-moedas-2e-erasmus-2022\" \/>\n<meta property=\"og:locale\" content=\"pt_PT\" \/>\n<meta property=\"og:type\" content=\"article\" \/>\n<meta property=\"og:title\" content=\"Conjunto 22 moedas 2\u20ac Erasmus 2022 - Ler Descri\u00e7\u00e3o! - Mania das Moedas\" \/>\n<meta property=\"og:description\" content=\"Conjunto com 22 Moedas de 2\u20ac alusivas ao Programa de Erasmus de 2022\" \/>\n<meta property=\"og:url\" content=\"https:\/\/maniadasmoedas.pt\/?product=conjunto-22-moedas-2e-erasmus-2022\" \/>\n<meta property=\"og:site_name\" content=\"Mania das Moedas\" \/>\n<meta property=\"article:modified_time\" content=\"2023-11-05T22:16:08+00:00\" \/>\n<meta property=\"og:image\" content=\"https:\/\/maniadasmoedas.pt\/wp-content\/uploads\/2022\/10\/conjunto-22-erasmus.jpg\" \/>\n\t<meta property=\"og:image:width\" content=\"1350\" \/>\n\t<meta property=\"og:image:height\" content=\"1650\" \/>\n\t<meta property=\"og:image:type\" content=\"image\/jpeg\" \/>\n<meta name=\"twitter:card\" content=\"summary_large_image\" \/>\n<meta name=\"twitter:label1\" content=\"Tempo estimado de leitura\" \/>\n\t<meta name=\"twitter:data1\" content=\"1 minuto\" \/>\n<script type=\"application\/ld+json\" class=\"yoast-schema-graph\">{\"@context\":\"https:\\\/\\\/schema.org\",\"@graph\":[{\"@type\":\"WebPage\",\"@id\":\"https:\\\/\\\/maniadasmoedas.pt\\\/?product=conjunto-22-moedas-2e-erasmus-2022\",\"url\":\"https:\\\/\\\/maniadasmoedas.pt\\\/?product=conjunto-22-moedas-2e-erasmus-2022\",\"name\":\"Conjunto 22 moedas 2\u20ac Erasmus 2022 - Ler Descri\u00e7\u00e3o! - Mania das Moedas\",\"isPartOf\":{\"@id\":\"https:\\\/\\\/maniadasmoedas.pt\\\/#website\"},\"primaryImageOfPage\":{\"@id\":\"https:\\\/\\\/maniadasmoedas.pt\\\/?product=conjunto-22-moedas-2e-erasmus-2022#primaryimage\"},\"image\":{\"@id\":\"https:\\\/\\\/maniadasmoedas.pt\\\/?product=conjunto-22-moedas-2e-erasmus-2022#primaryimage\"},\"thumbnailUrl\":\"https:\\\/\\\/maniadasmoedas.pt\\\/wp-content\\\/uploads\\\/2022\\\/10\\\/conjunto-22-erasmus.jpg\",\"datePublished\":\"2022-10-11T13:43:10+00:00\",\"dateModified\":\"2023-11-05T22:16:08+00:00\",\"description\":\"Conjunto com 22 Moedas de 2\u20ac alusivas ao Programa de Erasmus de 2022\",\"breadcrumb\":{\"@id\":\"https:\\\/\\\/maniadasmoedas.pt\\\/?product=conjunto-22-moedas-2e-erasmus-2022#breadcrumb\"},\"inLanguage\":\"pt-PT\",\"potentialAction\":[{\"@type\":\"ReadAction\",\"target\":[\"https:\\\/\\\/maniadasmoedas.pt\\\/?product=conjunto-22-moedas-2e-erasmus-2022\"]}]},{\"@type\":\"ImageObject\",\"inLanguage\":\"pt-PT\",\"@id\":\"https:\\\/\\\/maniadasmoedas.pt\\\/?product=conjunto-22-moedas-2e-erasmus-2022#primaryimage\",\"url\":\"https:\\\/\\\/maniadasmoedas.pt\\\/wp-content\\\/uploads\\\/2022\\\/10\\\/conjunto-22-erasmus.jpg\",\"contentUrl\":\"https:\\\/\\\/maniadasmoedas.pt\\\/wp-content\\\/uploads\\\/2022\\\/10\\\/conjunto-22-erasmus.jpg\",\"width\":1350,\"height\":1650,\"caption\":\"Conjunto 22 moedas 2\u20ac Erasmus 2022\"},{\"@type\":\"BreadcrumbList\",\"@id\":\"https:\\\/\\\/maniadasmoedas.pt\\\/?product=conjunto-22-moedas-2e-erasmus-2022#breadcrumb\",\"itemListElement\":[{\"@type\":\"ListItem\",\"position\":1,\"name\":\"In\u00edcio\",\"item\":\"https:\\\/\\\/maniadasmoedas.pt\\\/\"},{\"@type\":\"ListItem\",\"position\":2,\"name\":\"Elementor #34262\",\"item\":\"https:\\\/\\\/maniadasmoedas.pt\\\/?page_id=34262\"},{\"@type\":\"ListItem\",\"position\":3,\"name\":\"Conjunto 22 moedas 2\u20ac Erasmus 2022 &#8211; Ler Descri\u00e7\u00e3o!\"}]},{\"@type\":\"WebSite\",\"@id\":\"https:\\\/\\\/maniadasmoedas.pt\\\/#website\",\"url\":\"https:\\\/\\\/maniadasmoedas.pt\\\/\",\"name\":\"ManiaDasMoedas\",\"description\":\"Uma Moeda Nunca Vem S\u00f3!\",\"publisher\":{\"@id\":\"https:\\\/\\\/maniadasmoedas.pt\\\/#\\\/schema\\\/person\\\/489ba095c99ab0b617a4e66e2783b41f\"},\"potentialAction\":[{\"@type\":\"SearchAction\",\"target\":{\"@type\":\"EntryPoint\",\"urlTemplate\":\"https:\\\/\\\/maniadasmoedas.pt\\\/?s={search_term_string}\"},\"query-input\":{\"@type\":\"PropertyValueSpecification\",\"valueRequired\":true,\"valueName\":\"search_term_string\"}}],\"inLanguage\":\"pt-PT\"},{\"@type\":[\"Person\",\"Organization\"],\"@id\":\"https:\\\/\\\/maniadasmoedas.pt\\\/#\\\/schema\\\/person\\\/489ba095c99ab0b617a4e66e2783b41f\",\"name\":\"AGabriel\",\"image\":{\"@type\":\"ImageObject\",\"inLanguage\":\"pt-PT\",\"@id\":\"https:\\\/\\\/maniadasmoedas.pt\\\/wp-content\\\/uploads\\\/2020\\\/05\\\/cropped-logo-site.fw_-2-2.png\",\"url\":\"https:\\\/\\\/maniadasmoedas.pt\\\/wp-content\\\/uploads\\\/2020\\\/05\\\/cropped-logo-site.fw_-2-2.png\",\"contentUrl\":\"https:\\\/\\\/maniadasmoedas.pt\\\/wp-content\\\/uploads\\\/2020\\\/05\\\/cropped-logo-site.fw_-2-2.png\",\"width\":100,\"height\":100,\"caption\":\"AGabriel\"},\"logo\":{\"@id\":\"https:\\\/\\\/maniadasmoedas.pt\\\/wp-content\\\/uploads\\\/2020\\\/05\\\/cropped-logo-site.fw_-2-2.png\"}}]}<\/script>\n<!-- \/ Yoast SEO plugin. -->","yoast_head_json":{"title":"Conjunto 22 moedas 2\u20ac Erasmus 2022 - Ler Descri\u00e7\u00e3o! - Mania das Moedas","description":"Conjunto com 22 Moedas de 2\u20ac alusivas ao Programa de Erasmus de 2022","robots":{"index":"index","follow":"follow","max-snippet":"max-snippet:-1","max-image-preview":"max-image-preview:large","max-video-preview":"max-video-preview:-1"},"canonical":"https:\/\/maniadasmoedas.pt\/?product=conjunto-22-moedas-2e-erasmus-2022","og_locale":"pt_PT","og_type":"article","og_title":"Conjunto 22 moedas 2\u20ac Erasmus 2022 - Ler Descri\u00e7\u00e3o! - Mania das Moedas","og_description":"Conjunto com 22 Moedas de 2\u20ac alusivas ao Programa de Erasmus de 2022","og_url":"https:\/\/maniadasmoedas.pt\/?product=conjunto-22-moedas-2e-erasmus-2022","og_site_name":"Mania das Moedas","article_modified_time":"2023-11-05T22:16:08+00:00","og_image":[{"width":1350,"height":1650,"url":"https:\/\/maniadasmoedas.pt\/wp-content\/uploads\/2022\/10\/conjunto-22-erasmus.jpg","type":"image\/jpeg"}],"twitter_card":"summary_large_image","twitter_misc":{"Tempo estimado de leitura":"1 minuto"},"schema":{"@context":"https:\/\/schema.org","@graph":[{"@type":"WebPage","@id":"https:\/\/maniadasmoedas.pt\/?product=conjunto-22-moedas-2e-erasmus-2022","url":"https:\/\/maniadasmoedas.pt\/?product=conjunto-22-moedas-2e-erasmus-2022","name":"Conjunto 22 moedas 2\u20ac Erasmus 2022 - Ler Descri\u00e7\u00e3o! - Mania das Moedas","isPartOf":{"@id":"https:\/\/maniadasmoedas.pt\/#website"},"primaryImageOfPage":{"@id":"https:\/\/maniadasmoedas.pt\/?product=conjunto-22-moedas-2e-erasmus-2022#primaryimage"},"image":{"@id":"https:\/\/maniadasmoedas.pt\/?product=conjunto-22-moedas-2e-erasmus-2022#primaryimage"},"thumbnailUrl":"https:\/\/maniadasmoedas.pt\/wp-content\/uploads\/2022\/10\/conjunto-22-erasmus.jpg","datePublished":"2022-10-11T13:43:10+00:00","dateModified":"2023-11-05T22:16:08+00:00","description":"Conjunto com 22 Moedas de 2\u20ac alusivas ao Programa de Erasmus de 2022","breadcrumb":{"@id":"https:\/\/maniadasmoedas.pt\/?product=conjunto-22-moedas-2e-erasmus-2022#breadcrumb"},"inLanguage":"pt-PT","potentialAction":[{"@type":"ReadAction","target":["https:\/\/maniadasmoedas.pt\/?product=conjunto-22-moedas-2e-erasmus-2022"]}]},{"@type":"ImageObject","inLanguage":"pt-PT","@id":"https:\/\/maniadasmoedas.pt\/?product=conjunto-22-moedas-2e-erasmus-2022#primaryimage","url":"https:\/\/maniadasmoedas.pt\/wp-content\/uploads\/2022\/10\/conjunto-22-erasmus.jpg","contentUrl":"https:\/\/maniadasmoedas.pt\/wp-content\/uploads\/2022\/10\/conjunto-22-erasmus.jpg","width":1350,"height":1650,"caption":"Conjunto 22 moedas 2\u20ac Erasmus 2022"},{"@type":"BreadcrumbList","@id":"https:\/\/maniadasmoedas.pt\/?product=conjunto-22-moedas-2e-erasmus-2022#breadcrumb","itemListElement":[{"@type":"ListItem","position":1,"name":"In\u00edcio","item":"https:\/\/maniadasmoedas.pt\/"},{"@type":"ListItem","position":2,"name":"Elementor #34262","item":"https:\/\/maniadasmoedas.pt\/?page_id=34262"},{"@type":"ListItem","position":3,"name":"Conjunto 22 moedas 2\u20ac Erasmus 2022 &#8211; Ler Descri\u00e7\u00e3o!"}]},{"@type":"WebSite","@id":"https:\/\/maniadasmoedas.pt\/#website","url":"https:\/\/maniadasmoedas.pt\/","name":"ManiaDasMoedas","description":"Uma Moeda Nunca Vem S\u00f3!","publisher":{"@id":"https:\/\/maniadasmoedas.pt\/#\/schema\/person\/489ba095c99ab0b617a4e66e2783b41f"},"potentialAction":[{"@type":"SearchAction","target":{"@type":"EntryPoint","urlTemplate":"https:\/\/maniadasmoedas.pt\/?s={search_term_string}"},"query-input":{"@type":"PropertyValueSpecification","valueRequired":true,"valueName":"search_term_string"}}],"inLanguage":"pt-PT"},{"@type":["Person","Organization"],"@id":"https:\/\/maniadasmoedas.pt\/#\/schema\/person\/489ba095c99ab0b617a4e66e2783b41f","name":"AGabriel","image":{"@type":"ImageObject","inLanguage":"pt-PT","@id":"https:\/\/maniadasmoedas.pt\/wp-content\/uploads\/2020\/05\/cropped-logo-site.fw_-2-2.png","url":"https:\/\/maniadasmoedas.pt\/wp-content\/uploads\/2020\/05\/cropped-logo-site.fw_-2-2.png","contentUrl":"https:\/\/maniadasmoedas.pt\/wp-content\/uploads\/2020\/05\/cropped-logo-site.fw_-2-2.png","width":100,"height":100,"caption":"AGabriel"},"logo":{"@id":"https:\/\/maniadasmoedas.pt\/wp-content\/uploads\/2020\/05\/cropped-logo-site.fw_-2-2.png"}}]}},"uagb_featured_image_src":{"full":["https:\/\/maniadasmoedas.pt\/wp-content\/uploads\/2022\/10\/conjunto-22-erasmus.jpg",1350,1650,false],"thumbnail":["https:\/\/maniadasmoedas.pt\/wp-content\/uploads\/2022\/10\/conjunto-22-erasmus-150x150.jpg",150,150,true],"medium":["https:\/\/maniadasmoedas.pt\/wp-content\/uploads\/2022\/10\/conjunto-22-erasmus-245x300.jpg",245,300,true],"medium_large":["https:\/\/maniadasmoedas.pt\/wp-content\/uploads\/2022\/10\/conjunto-22-erasmus-768x939.jpg",640,783,true],"large":["https:\/\/maniadasmoedas.pt\/wp-content\/uploads\/2022\/10\/conjunto-22-erasmus-838x1024.jpg",640,782,true],"rpg_gallery_admin_thumb":["https:\/\/maniadasmoedas.pt\/wp-content\/uploads\/2022\/10\/conjunto-22-erasmus-150x150.jpg",150,150,true],"rpg_gallery_thumb":["https:\/\/maniadasmoedas.pt\/wp-content\/uploads\/2022\/10\/conjunto-22-erasmus-150x150.jpg",150,150,true],"1536x1536":["https:\/\/maniadasmoedas.pt\/wp-content\/uploads\/2022\/10\/conjunto-22-erasmus-1257x1536.jpg",1257,1536,true],"2048x2048":["https:\/\/maniadasmoedas.pt\/wp-content\/uploads\/2022\/10\/conjunto-22-erasmus.jpg",1350,1650,false],"woocommerce_thumbnail":["https:\/\/maniadasmoedas.pt\/wp-content\/uploads\/2022\/10\/conjunto-22-erasmus-320x320.jpg",320,320,true],"woocommerce_single":["https:\/\/maniadasmoedas.pt\/wp-content\/uploads\/2022\/10\/conjunto-22-erasmus-600x733.jpg",600,733,true],"woocommerce_gallery_thumbnail":["https:\/\/maniadasmoedas.pt\/wp-content\/uploads\/2022\/10\/conjunto-22-erasmus-100x100.jpg",100,100,true],"thaps-thumb-img":["https:\/\/maniadasmoedas.pt\/wp-content\/uploads\/2022\/10\/conjunto-22-erasmus-48x59.jpg",48,59,true],"taiowc-thumb-img":["https:\/\/maniadasmoedas.pt\/wp-content\/uploads\/2022\/10\/conjunto-22-erasmus-48x59.jpg",48,59,true]},"uagb_author_info":{"display_name":"AGabriel","author_link":"https:\/\/maniadasmoedas.pt\/?author=0"},"uagb_comment_info":0,"uagb_excerpt":"Conjunto com 22 Moedas de 2\u20ac alusivas ao Programa de Erasmus de 2022 Conjunto composto pelas seguintes moedas: Portugal \u00c1ustria Alemanha (Inclui as 5 Letras) Est\u00f3nia Eslov\u00e9nia Eslov\u00e1quia Let\u00f3nia Litu\u00e2nia It\u00e1lia Irlanda Espanha Fran\u00e7a Finl\u00e2ndia Gr\u00e9cia Luxemburgo Holanda B\u00e9lgica (moeda em coincard Original) Chipre Todas as moedas encontram-se em estado UNC em alv\u00e9olo de agrafar,&hellip;","jetpack_sharing_enabled":true,"_links":{"self":[{"href":"https:\/\/maniadasmoedas.pt\/index.php?rest_route=\/wp\/v2\/product\/34782","targetHints":{"allow":["GET"]}}],"collection":[{"href":"https:\/\/maniadasmoedas.pt\/index.php?rest_route=\/wp\/v2\/product"}],"about":[{"href":"https:\/\/maniadasmoedas.pt\/index.php?rest_route=\/wp\/v2\/types\/product"}],"replies":[{"embeddable":true,"href":"https:\/\/maniadasmoedas.pt\/index.php?rest_route=%2Fwp%2Fv2%2Fcomments&post=34782"}],"version-history":[{"count":1,"href":"https:\/\/maniadasmoedas.pt\/index.php?rest_route=\/wp\/v2\/product\/34782\/revisions"}],"predecessor-version":[{"id":35152,"href":"https:\/\/maniadasmoedas.pt\/index.php?rest_route=\/wp\/v2\/product\/34782\/revisions\/35152"}],"wp:featuredmedia":[{"embeddable":true,"href":"https:\/\/maniadasmoedas.pt\/index.php?rest_route=\/wp\/v2\/media\/34786"}],"wp:attachment":[{"href":"https:\/\/maniadasmoedas.pt\/index.php?rest_route=%2Fwp%2Fv2%2Fmedia&parent=34782"}],"wp:term":[{"taxonomy":"product_brand","embeddable":true,"href":"https:\/\/maniadasmoedas.pt\/index.php?rest_route=%2Fwp%2Fv2%2Fproduct_brand&post=34782"},{"taxonomy":"product_cat","embeddable":true,"href":"https:\/\/maniadasmoedas.pt\/index.php?rest_route=%2Fwp%2Fv2%2Fproduct_cat&post=34782"},{"taxonomy":"product_tag","embeddable":true,"href":"https:\/\/maniadasmoedas.pt\/index.php?rest_route=%2Fwp%2Fv2%2Fproduct_tag&post=34782"}],"curies":[{"name":"wp","href":"https:\/\/api.w.org\/{rel}","templated":true}]}}