{"id":34522,"date":"2022-08-12T22:17:07","date_gmt":"2022-08-12T22:17:07","guid":{"rendered":"https:\/\/maniadasmoedas.pt\/?post_type=product&#038;p=34522"},"modified":"2023-11-24T22:48:46","modified_gmt":"2023-11-24T22:48:46","slug":"conjunto-23-moedas-2e-de-2021-ler-descricao","status":"publish","type":"product","link":"https:\/\/maniadasmoedas.pt\/?product=conjunto-23-moedas-2e-de-2021-ler-descricao","title":{"rendered":"Conjunto 23 moedas 2\u20ac de  2021 &#8211; Ler descri\u00e7\u00e3o!"},"content":{"rendered":"<p>Conjunto com 23 Moedas de 2 Euros Comemorativos em UNC de 2021:<\/p>\n<p>2 Euro Comemorativo Alemanha 2021 &#8211; Magdeburg (apenas uma letra, vendedor escolhe)<br \/>\n2 Euro Comemorativo B\u00e9lgica 2021 &#8211; Carolus V (Coincard)<br \/>\n2 Euro Comemorativo B\u00e9lgica 2021 &#8211; Uni\u00e3o Econ\u00f3mica (Coincard)<br \/>\n2 Euro Comemorativo Espanha 2021 &#8211; Toledo<br \/>\n2 Euro Comemorativo Eslov\u00e1quia 2021 &#8211; Alexander Dubcek<br \/>\n2 Euro Comemorativo Est\u00f3nia 2021 &#8211; Lobo<br \/>\n2 Euro Comemorativo Est\u00f3nia 2021 &#8211; Finno-Ugric<br \/>\n2 Euro Comemorativo Eslov\u00e9nia 2021 &#8211; Museu Carniola<br \/>\n2 Euro Comemorativo Finl\u00e2ndia 2021 &#8211; Jornalismo<br \/>\n2 Euro Comemorativo Finl\u00e2ndia 2021 &#8211; Aland<br \/>\n2 Euro Comemorativo Fran\u00e7a 2021 &#8211; Jogos Ol\u00edmpicos (coincard, vendedor escolhe)<br \/>\n2 Euro Comemorativo Fran\u00e7a 2021 &#8211; Unicef<br \/>\n2 Euro Comemorativo Gr\u00e9cia 2021 &#8211; Revolu\u00e7\u00e3o<br \/>\n2 Euro Comemorativo It\u00e1lia 2021 &#8211; Cuidados de Sa\u00fade<br \/>\n2 Euro Comemorativo It\u00e1lia 2021 &#8211; Capital Roma<br \/>\n2 Euro Comemorativo Let\u00f3nia 2021 &#8211; Iure<br \/>\n2 Euro Comemorativo Lituania 2021 &#8211; Zuvintas<br \/>\n2 Euro Comemorativo Lituania 2021 &#8211; Dzukija<br \/>\n2 Euro Comemorativo Luxemburgo 2021 &#8211; Casamento (vers\u00e3o photo)<br \/>\n2 Euro Comemorativo Luxemburgo 2021 &#8211; Jean (vers\u00e3o photo)<br \/>\n2 Euro Comemorativo Malta 2021 &#8211; Templo Tarxien<br \/>\n2 Euro Comemorativo Portugal 2021 &#8211; Presid\u00eancia EU<br \/>\n2 Euro Comemorativo Portugal 2021 &#8211; Jogos Ol\u00edmpicos de Toquio<\/p>\n<p><strong>N\u00e3o inclui<\/strong> as moedas comemorativas dos seguintes pa\u00edses:<br \/>\nAndorra<br \/>\nM\u00f3naco<br \/>\nVaticano<br \/>\nS\u00e3o Marino<br \/>\nMalta (Her\u00f3is da Pandemia)<\/p>\n","protected":false},"excerpt":{"rendered":"<p>Conjunto com 23 Moedas de 2 Euros Comemorativos em UNC de 2021:<\/p>\n<p>2 Euro Comemorativo Alemanha 2021 &#8211; Magdeburg (apenas uma letra, vendedor escolhe)<br \/>\n2 Euro Comemorativo B\u00e9lgica 2021 &#8211; Carolus V (Coincard)<br \/>\n2 Euro Comemorativo B\u00e9lgica 2021 &#8211; Uni\u00e3o Econ\u00f3mica (Coincard)<br \/>\n2 Euro Comemorativo Espanha 2021 &#8211; Toledo<br \/>\n2 Euro Comemorativo Eslov\u00e1quia 2021 &#8211; Alexander Dubcek<br \/>\n2 Euro Comemorativo Est\u00f3nia 2021 &#8211; Lobo<br \/>\n2 Euro Comemorativo Est\u00f3nia 2021 &#8211; Finno-Ugric<br \/>\n2 Euro Comemorativo Eslov\u00e9nia 2021 &#8211; Museu Carniola<br \/>\n2 Euro Comemorativo Finl\u00e2ndia 2021 &#8211; Jornalismo<br \/>\n2 Euro Comemorativo Finl\u00e2ndia 2021 &#8211; Aland<br \/>\n2 Euro Comemorativo Fran\u00e7a 2021 &#8211; Jogos Ol\u00edmpicos (coincard, vendedor escolhe)<br \/>\n2 Euro Comemorativo Fran\u00e7a 2021 &#8211; Unicef<br \/>\n2 Euro Comemorativo Gr\u00e9cia 2021 &#8211; Revolu\u00e7\u00e3o<br \/>\n2 Euro Comemorativo It\u00e1lia 2021 &#8211; Cuidados de Sa\u00fade<br \/>\n2 Euro Comemorativo It\u00e1lia 2021 &#8211; Capital Roma<br \/>\n2 Euro Comemorativo Let\u00f3nia 2021 &#8211; Iure<br \/>\n2 Euro Comemorativo Lituania 2021 &#8211; Zuvintas<br \/>\n2 Euro Comemorativo Lituania 2021 &#8211; Dzukija<br \/>\n2 Euro Comemorativo Luxemburgo 2021 &#8211; Casamento (vers\u00e3o photo)<br \/>\n2 Euro Comemorativo Luxemburgo 2021 &#8211; Jean (vers\u00e3o photo)<br \/>\n2 Euro Comemorativo Malta 2021 &#8211; Templo Tarxien<br \/>\n2 Euro Comemorativo Portugal 2021 &#8211; Presid\u00eancia EU<br \/>\n2 Euro Comemorativo Portugal 2021 &#8211; Jogos Ol\u00edmpicos de Toquio<\/p>\n<p><strong>N\u00e3o inclui<\/strong> as moedas comemorativas dos seguintes pa\u00edses:<br \/>\nAndorra<br \/>\nM\u00f3naco<br \/>\nVaticano<br \/>\nS\u00e3o Marino<br \/>\nMalta (Her\u00f3is da Pandemia)<\/p>\n","protected":false},"featured_media":34523,"comment_status":"closed","ping_status":"closed","template":"","meta":{"_acf_changed":false,"_uag_custom_page_level_css":""},"product_brand":[],"product_cat":[212,71,15],"product_tag":[],"class_list":{"0":"post-34522","1":"product","2":"type-product","3":"status-publish","4":"has-post-thumbnail","6":"product_cat-conjuntos-ano","7":"product_cat-moedas","8":"product_cat-todos","9":"thunk-woo-product-list","10":"opn-qv-enable","11":"open-woo-hover-","12":"open-single-product-tab-horizontal","13":"open-shadow-","14":"open-shadow-hover-","16":"first","17":"outofstock","18":"shipping-taxable","19":"purchasable","20":"product-type-simple"},"acf":[],"yoast_head":"<!-- This site is optimized with the Yoast SEO plugin v27.4 - https:\/\/yoast.com\/product\/yoast-seo-wordpress\/ -->\n<title>Conjunto 23 moedas 2\u20ac de 2021 - Ler descri\u00e7\u00e3o! - Mania das Moedas<\/title>\n<meta name=\"robots\" content=\"index, follow, max-snippet:-1, max-image-preview:large, max-video-preview:-1\" \/>\n<link rel=\"canonical\" href=\"https:\/\/maniadasmoedas.pt\/?product=conjunto-23-moedas-2e-de-2021-ler-descricao\" \/>\n<meta property=\"og:locale\" content=\"pt_PT\" \/>\n<meta property=\"og:type\" content=\"article\" \/>\n<meta property=\"og:title\" content=\"Conjunto 23 moedas 2\u20ac de 2021 - Ler descri\u00e7\u00e3o! - Mania das Moedas\" \/>\n<meta property=\"og:description\" content=\"Conjunto com 23 Moedas de 2 Euros Comemorativos em UNC de 2021:  2 Euro Comemorativo Alemanha 2021 - Magdeburg (apenas uma letra, vendedor escolhe) 2 Euro Comemorativo B\u00e9lgica 2021 - Carolus V (Coincard) 2 Euro Comemorativo B\u00e9lgica 2021 - Uni\u00e3o Econ\u00f3mica (Coincard) 2 Euro Comemorativo Espanha 2021 - Toledo 2 Euro Comemorativo Eslov\u00e1quia 2021 - Alexander Dubcek 2 Euro Comemorativo Est\u00f3nia 2021 - Lobo 2 Euro Comemorativo Est\u00f3nia 2021 - Finno-Ugric 2 Euro Comemorativo Eslov\u00e9nia 2021 - Museu Carniola 2 Euro Comemorativo Finl\u00e2ndia 2021 - Jornalismo 2 Euro Comemorativo Finl\u00e2ndia 2021 - Aland 2 Euro Comemorativo Fran\u00e7a 2021 - Jogos Ol\u00edmpicos (coincard, vendedor escolhe) 2 Euro Comemorativo Fran\u00e7a 2021 - Unicef 2 Euro Comemorativo Gr\u00e9cia 2021 - Revolu\u00e7\u00e3o 2 Euro Comemorativo It\u00e1lia 2021 - Cuidados de Sa\u00fade 2 Euro Comemorativo It\u00e1lia 2021 - Capital Roma 2 Euro Comemorativo Let\u00f3nia 2021 - Iure 2 Euro Comemorativo Lituania 2021 - Zuvintas 2 Euro Comemorativo Lituania 2021 - Dzukija 2 Euro Comemorativo Luxemburgo 2021 - Casamento (vers\u00e3o photo) 2 Euro Comemorativo Luxemburgo 2021 - Jean (vers\u00e3o photo) 2 Euro Comemorativo Malta 2021 - Templo Tarxien 2 Euro Comemorativo Portugal 2021 - Presid\u00eancia EU 2 Euro Comemorativo Portugal 2021 - Jogos Ol\u00edmpicos de Toquio  N\u00e3o inclui as moedas comemorativas dos seguintes pa\u00edses: Andorra M\u00f3naco Vaticano S\u00e3o Marino Malta (Her\u00f3is da Pandemia)\" \/>\n<meta property=\"og:url\" content=\"https:\/\/maniadasmoedas.pt\/?product=conjunto-23-moedas-2e-de-2021-ler-descricao\" \/>\n<meta property=\"og:site_name\" content=\"Mania das Moedas\" \/>\n<meta property=\"article:modified_time\" content=\"2023-11-24T22:48:46+00:00\" \/>\n<meta property=\"og:image\" content=\"https:\/\/maniadasmoedas.pt\/wp-content\/uploads\/2022\/08\/conjunto-moedas-2021.jpg\" \/>\n\t<meta property=\"og:image:width\" content=\"1200\" \/>\n\t<meta property=\"og:image:height\" content=\"1650\" \/>\n\t<meta property=\"og:image:type\" content=\"image\/jpeg\" \/>\n<meta name=\"twitter:card\" content=\"summary_large_image\" \/>\n<meta name=\"twitter:label1\" content=\"Tempo estimado de leitura\" \/>\n\t<meta name=\"twitter:data1\" content=\"2 minutos\" \/>\n<script type=\"application\/ld+json\" class=\"yoast-schema-graph\">{\"@context\":\"https:\\\/\\\/schema.org\",\"@graph\":[{\"@type\":\"WebPage\",\"@id\":\"https:\\\/\\\/maniadasmoedas.pt\\\/?product=conjunto-23-moedas-2e-de-2021-ler-descricao\",\"url\":\"https:\\\/\\\/maniadasmoedas.pt\\\/?product=conjunto-23-moedas-2e-de-2021-ler-descricao\",\"name\":\"Conjunto 23 moedas 2\u20ac de 2021 - Ler descri\u00e7\u00e3o! - Mania das Moedas\",\"isPartOf\":{\"@id\":\"https:\\\/\\\/maniadasmoedas.pt\\\/#website\"},\"primaryImageOfPage\":{\"@id\":\"https:\\\/\\\/maniadasmoedas.pt\\\/?product=conjunto-23-moedas-2e-de-2021-ler-descricao#primaryimage\"},\"image\":{\"@id\":\"https:\\\/\\\/maniadasmoedas.pt\\\/?product=conjunto-23-moedas-2e-de-2021-ler-descricao#primaryimage\"},\"thumbnailUrl\":\"https:\\\/\\\/maniadasmoedas.pt\\\/wp-content\\\/uploads\\\/2022\\\/08\\\/conjunto-moedas-2021.jpg\",\"datePublished\":\"2022-08-12T22:17:07+00:00\",\"dateModified\":\"2023-11-24T22:48:46+00:00\",\"breadcrumb\":{\"@id\":\"https:\\\/\\\/maniadasmoedas.pt\\\/?product=conjunto-23-moedas-2e-de-2021-ler-descricao#breadcrumb\"},\"inLanguage\":\"pt-PT\",\"potentialAction\":[{\"@type\":\"ReadAction\",\"target\":[\"https:\\\/\\\/maniadasmoedas.pt\\\/?product=conjunto-23-moedas-2e-de-2021-ler-descricao\"]}]},{\"@type\":\"ImageObject\",\"inLanguage\":\"pt-PT\",\"@id\":\"https:\\\/\\\/maniadasmoedas.pt\\\/?product=conjunto-23-moedas-2e-de-2021-ler-descricao#primaryimage\",\"url\":\"https:\\\/\\\/maniadasmoedas.pt\\\/wp-content\\\/uploads\\\/2022\\\/08\\\/conjunto-moedas-2021.jpg\",\"contentUrl\":\"https:\\\/\\\/maniadasmoedas.pt\\\/wp-content\\\/uploads\\\/2022\\\/08\\\/conjunto-moedas-2021.jpg\",\"width\":1200,\"height\":1650,\"caption\":\"conjunto moedas 2021\"},{\"@type\":\"BreadcrumbList\",\"@id\":\"https:\\\/\\\/maniadasmoedas.pt\\\/?product=conjunto-23-moedas-2e-de-2021-ler-descricao#breadcrumb\",\"itemListElement\":[{\"@type\":\"ListItem\",\"position\":1,\"name\":\"In\u00edcio\",\"item\":\"https:\\\/\\\/maniadasmoedas.pt\\\/\"},{\"@type\":\"ListItem\",\"position\":2,\"name\":\"Elementor #34262\",\"item\":\"https:\\\/\\\/maniadasmoedas.pt\\\/?page_id=34262\"},{\"@type\":\"ListItem\",\"position\":3,\"name\":\"Conjunto 23 moedas 2\u20ac de 2021 &#8211; Ler descri\u00e7\u00e3o!\"}]},{\"@type\":\"WebSite\",\"@id\":\"https:\\\/\\\/maniadasmoedas.pt\\\/#website\",\"url\":\"https:\\\/\\\/maniadasmoedas.pt\\\/\",\"name\":\"ManiaDasMoedas\",\"description\":\"Uma Moeda Nunca Vem S\u00f3!\",\"publisher\":{\"@id\":\"https:\\\/\\\/maniadasmoedas.pt\\\/#\\\/schema\\\/person\\\/489ba095c99ab0b617a4e66e2783b41f\"},\"potentialAction\":[{\"@type\":\"SearchAction\",\"target\":{\"@type\":\"EntryPoint\",\"urlTemplate\":\"https:\\\/\\\/maniadasmoedas.pt\\\/?s={search_term_string}\"},\"query-input\":{\"@type\":\"PropertyValueSpecification\",\"valueRequired\":true,\"valueName\":\"search_term_string\"}}],\"inLanguage\":\"pt-PT\"},{\"@type\":[\"Person\",\"Organization\"],\"@id\":\"https:\\\/\\\/maniadasmoedas.pt\\\/#\\\/schema\\\/person\\\/489ba095c99ab0b617a4e66e2783b41f\",\"name\":\"AGabriel\",\"image\":{\"@type\":\"ImageObject\",\"inLanguage\":\"pt-PT\",\"@id\":\"https:\\\/\\\/maniadasmoedas.pt\\\/wp-content\\\/uploads\\\/2020\\\/05\\\/cropped-logo-site.fw_-2-2.png\",\"url\":\"https:\\\/\\\/maniadasmoedas.pt\\\/wp-content\\\/uploads\\\/2020\\\/05\\\/cropped-logo-site.fw_-2-2.png\",\"contentUrl\":\"https:\\\/\\\/maniadasmoedas.pt\\\/wp-content\\\/uploads\\\/2020\\\/05\\\/cropped-logo-site.fw_-2-2.png\",\"width\":100,\"height\":100,\"caption\":\"AGabriel\"},\"logo\":{\"@id\":\"https:\\\/\\\/maniadasmoedas.pt\\\/wp-content\\\/uploads\\\/2020\\\/05\\\/cropped-logo-site.fw_-2-2.png\"}}]}<\/script>\n<!-- \/ Yoast SEO plugin. -->","yoast_head_json":{"title":"Conjunto 23 moedas 2\u20ac de 2021 - Ler descri\u00e7\u00e3o! - Mania das Moedas","robots":{"index":"index","follow":"follow","max-snippet":"max-snippet:-1","max-image-preview":"max-image-preview:large","max-video-preview":"max-video-preview:-1"},"canonical":"https:\/\/maniadasmoedas.pt\/?product=conjunto-23-moedas-2e-de-2021-ler-descricao","og_locale":"pt_PT","og_type":"article","og_title":"Conjunto 23 moedas 2\u20ac de 2021 - Ler descri\u00e7\u00e3o! - Mania das Moedas","og_description":"Conjunto com 23 Moedas de 2 Euros Comemorativos em UNC de 2021:  2 Euro Comemorativo Alemanha 2021 - Magdeburg (apenas uma letra, vendedor escolhe) 2 Euro Comemorativo B\u00e9lgica 2021 - Carolus V (Coincard) 2 Euro Comemorativo B\u00e9lgica 2021 - Uni\u00e3o Econ\u00f3mica (Coincard) 2 Euro Comemorativo Espanha 2021 - Toledo 2 Euro Comemorativo Eslov\u00e1quia 2021 - Alexander Dubcek 2 Euro Comemorativo Est\u00f3nia 2021 - Lobo 2 Euro Comemorativo Est\u00f3nia 2021 - Finno-Ugric 2 Euro Comemorativo Eslov\u00e9nia 2021 - Museu Carniola 2 Euro Comemorativo Finl\u00e2ndia 2021 - Jornalismo 2 Euro Comemorativo Finl\u00e2ndia 2021 - Aland 2 Euro Comemorativo Fran\u00e7a 2021 - Jogos Ol\u00edmpicos (coincard, vendedor escolhe) 2 Euro Comemorativo Fran\u00e7a 2021 - Unicef 2 Euro Comemorativo Gr\u00e9cia 2021 - Revolu\u00e7\u00e3o 2 Euro Comemorativo It\u00e1lia 2021 - Cuidados de Sa\u00fade 2 Euro Comemorativo It\u00e1lia 2021 - Capital Roma 2 Euro Comemorativo Let\u00f3nia 2021 - Iure 2 Euro Comemorativo Lituania 2021 - Zuvintas 2 Euro Comemorativo Lituania 2021 - Dzukija 2 Euro Comemorativo Luxemburgo 2021 - Casamento (vers\u00e3o photo) 2 Euro Comemorativo Luxemburgo 2021 - Jean (vers\u00e3o photo) 2 Euro Comemorativo Malta 2021 - Templo Tarxien 2 Euro Comemorativo Portugal 2021 - Presid\u00eancia EU 2 Euro Comemorativo Portugal 2021 - Jogos Ol\u00edmpicos de Toquio  N\u00e3o inclui as moedas comemorativas dos seguintes pa\u00edses: Andorra M\u00f3naco Vaticano S\u00e3o Marino Malta (Her\u00f3is da Pandemia)","og_url":"https:\/\/maniadasmoedas.pt\/?product=conjunto-23-moedas-2e-de-2021-ler-descricao","og_site_name":"Mania das Moedas","article_modified_time":"2023-11-24T22:48:46+00:00","og_image":[{"width":1200,"height":1650,"url":"https:\/\/maniadasmoedas.pt\/wp-content\/uploads\/2022\/08\/conjunto-moedas-2021.jpg","type":"image\/jpeg"}],"twitter_card":"summary_large_image","twitter_misc":{"Tempo estimado de leitura":"2 minutos"},"schema":{"@context":"https:\/\/schema.org","@graph":[{"@type":"WebPage","@id":"https:\/\/maniadasmoedas.pt\/?product=conjunto-23-moedas-2e-de-2021-ler-descricao","url":"https:\/\/maniadasmoedas.pt\/?product=conjunto-23-moedas-2e-de-2021-ler-descricao","name":"Conjunto 23 moedas 2\u20ac de 2021 - Ler descri\u00e7\u00e3o! - Mania das Moedas","isPartOf":{"@id":"https:\/\/maniadasmoedas.pt\/#website"},"primaryImageOfPage":{"@id":"https:\/\/maniadasmoedas.pt\/?product=conjunto-23-moedas-2e-de-2021-ler-descricao#primaryimage"},"image":{"@id":"https:\/\/maniadasmoedas.pt\/?product=conjunto-23-moedas-2e-de-2021-ler-descricao#primaryimage"},"thumbnailUrl":"https:\/\/maniadasmoedas.pt\/wp-content\/uploads\/2022\/08\/conjunto-moedas-2021.jpg","datePublished":"2022-08-12T22:17:07+00:00","dateModified":"2023-11-24T22:48:46+00:00","breadcrumb":{"@id":"https:\/\/maniadasmoedas.pt\/?product=conjunto-23-moedas-2e-de-2021-ler-descricao#breadcrumb"},"inLanguage":"pt-PT","potentialAction":[{"@type":"ReadAction","target":["https:\/\/maniadasmoedas.pt\/?product=conjunto-23-moedas-2e-de-2021-ler-descricao"]}]},{"@type":"ImageObject","inLanguage":"pt-PT","@id":"https:\/\/maniadasmoedas.pt\/?product=conjunto-23-moedas-2e-de-2021-ler-descricao#primaryimage","url":"https:\/\/maniadasmoedas.pt\/wp-content\/uploads\/2022\/08\/conjunto-moedas-2021.jpg","contentUrl":"https:\/\/maniadasmoedas.pt\/wp-content\/uploads\/2022\/08\/conjunto-moedas-2021.jpg","width":1200,"height":1650,"caption":"conjunto moedas 2021"},{"@type":"BreadcrumbList","@id":"https:\/\/maniadasmoedas.pt\/?product=conjunto-23-moedas-2e-de-2021-ler-descricao#breadcrumb","itemListElement":[{"@type":"ListItem","position":1,"name":"In\u00edcio","item":"https:\/\/maniadasmoedas.pt\/"},{"@type":"ListItem","position":2,"name":"Elementor #34262","item":"https:\/\/maniadasmoedas.pt\/?page_id=34262"},{"@type":"ListItem","position":3,"name":"Conjunto 23 moedas 2\u20ac de 2021 &#8211; Ler descri\u00e7\u00e3o!"}]},{"@type":"WebSite","@id":"https:\/\/maniadasmoedas.pt\/#website","url":"https:\/\/maniadasmoedas.pt\/","name":"ManiaDasMoedas","description":"Uma Moeda Nunca Vem S\u00f3!","publisher":{"@id":"https:\/\/maniadasmoedas.pt\/#\/schema\/person\/489ba095c99ab0b617a4e66e2783b41f"},"potentialAction":[{"@type":"SearchAction","target":{"@type":"EntryPoint","urlTemplate":"https:\/\/maniadasmoedas.pt\/?s={search_term_string}"},"query-input":{"@type":"PropertyValueSpecification","valueRequired":true,"valueName":"search_term_string"}}],"inLanguage":"pt-PT"},{"@type":["Person","Organization"],"@id":"https:\/\/maniadasmoedas.pt\/#\/schema\/person\/489ba095c99ab0b617a4e66e2783b41f","name":"AGabriel","image":{"@type":"ImageObject","inLanguage":"pt-PT","@id":"https:\/\/maniadasmoedas.pt\/wp-content\/uploads\/2020\/05\/cropped-logo-site.fw_-2-2.png","url":"https:\/\/maniadasmoedas.pt\/wp-content\/uploads\/2020\/05\/cropped-logo-site.fw_-2-2.png","contentUrl":"https:\/\/maniadasmoedas.pt\/wp-content\/uploads\/2020\/05\/cropped-logo-site.fw_-2-2.png","width":100,"height":100,"caption":"AGabriel"},"logo":{"@id":"https:\/\/maniadasmoedas.pt\/wp-content\/uploads\/2020\/05\/cropped-logo-site.fw_-2-2.png"}}]}},"uagb_featured_image_src":{"full":["https:\/\/maniadasmoedas.pt\/wp-content\/uploads\/2022\/08\/conjunto-moedas-2021.jpg",1200,1650,false],"thumbnail":["https:\/\/maniadasmoedas.pt\/wp-content\/uploads\/2022\/08\/conjunto-moedas-2021-150x150.jpg",150,150,true],"medium":["https:\/\/maniadasmoedas.pt\/wp-content\/uploads\/2022\/08\/conjunto-moedas-2021-218x300.jpg",218,300,true],"medium_large":["https:\/\/maniadasmoedas.pt\/wp-content\/uploads\/2022\/08\/conjunto-moedas-2021-768x1056.jpg",640,880,true],"large":["https:\/\/maniadasmoedas.pt\/wp-content\/uploads\/2022\/08\/conjunto-moedas-2021-745x1024.jpg",640,880,true],"rpg_gallery_admin_thumb":["https:\/\/maniadasmoedas.pt\/wp-content\/uploads\/2022\/08\/conjunto-moedas-2021-150x150.jpg",150,150,true],"rpg_gallery_thumb":["https:\/\/maniadasmoedas.pt\/wp-content\/uploads\/2022\/08\/conjunto-moedas-2021-150x150.jpg",150,150,true],"1536x1536":["https:\/\/maniadasmoedas.pt\/wp-content\/uploads\/2022\/08\/conjunto-moedas-2021-1117x1536.jpg",1117,1536,true],"2048x2048":["https:\/\/maniadasmoedas.pt\/wp-content\/uploads\/2022\/08\/conjunto-moedas-2021.jpg",1200,1650,false],"woocommerce_thumbnail":["https:\/\/maniadasmoedas.pt\/wp-content\/uploads\/2022\/08\/conjunto-moedas-2021-320x320.jpg",320,320,true],"woocommerce_single":["https:\/\/maniadasmoedas.pt\/wp-content\/uploads\/2022\/08\/conjunto-moedas-2021-600x825.jpg",600,825,true],"woocommerce_gallery_thumbnail":["https:\/\/maniadasmoedas.pt\/wp-content\/uploads\/2022\/08\/conjunto-moedas-2021-100x100.jpg",100,100,true],"thaps-thumb-img":["https:\/\/maniadasmoedas.pt\/wp-content\/uploads\/2022\/08\/conjunto-moedas-2021-48x66.jpg",48,66,true],"taiowc-thumb-img":["https:\/\/maniadasmoedas.pt\/wp-content\/uploads\/2022\/08\/conjunto-moedas-2021-48x66.jpg",48,66,true]},"uagb_author_info":{"display_name":"AGabriel","author_link":"https:\/\/maniadasmoedas.pt\/?author=0"},"uagb_comment_info":0,"uagb_excerpt":"Conjunto com 23 Moedas de 2 Euros Comemorativos em UNC de 2021: 2 Euro Comemorativo Alemanha 2021 - Magdeburg (apenas uma letra, vendedor escolhe) 2 Euro Comemorativo B\u00e9lgica 2021 - Carolus V (Coincard) 2 Euro Comemorativo B\u00e9lgica 2021 - Uni\u00e3o Econ\u00f3mica (Coincard) 2 Euro Comemorativo Espanha 2021 - Toledo 2 Euro Comemorativo Eslov\u00e1quia 2021 -&hellip;","jetpack_sharing_enabled":true,"_links":{"self":[{"href":"https:\/\/maniadasmoedas.pt\/index.php?rest_route=\/wp\/v2\/product\/34522","targetHints":{"allow":["GET"]}}],"collection":[{"href":"https:\/\/maniadasmoedas.pt\/index.php?rest_route=\/wp\/v2\/product"}],"about":[{"href":"https:\/\/maniadasmoedas.pt\/index.php?rest_route=\/wp\/v2\/types\/product"}],"replies":[{"embeddable":true,"href":"https:\/\/maniadasmoedas.pt\/index.php?rest_route=%2Fwp%2Fv2%2Fcomments&post=34522"}],"version-history":[{"count":1,"href":"https:\/\/maniadasmoedas.pt\/index.php?rest_route=\/wp\/v2\/product\/34522\/revisions"}],"predecessor-version":[{"id":37691,"href":"https:\/\/maniadasmoedas.pt\/index.php?rest_route=\/wp\/v2\/product\/34522\/revisions\/37691"}],"wp:featuredmedia":[{"embeddable":true,"href":"https:\/\/maniadasmoedas.pt\/index.php?rest_route=\/wp\/v2\/media\/34523"}],"wp:attachment":[{"href":"https:\/\/maniadasmoedas.pt\/index.php?rest_route=%2Fwp%2Fv2%2Fmedia&parent=34522"}],"wp:term":[{"taxonomy":"product_brand","embeddable":true,"href":"https:\/\/maniadasmoedas.pt\/index.php?rest_route=%2Fwp%2Fv2%2Fproduct_brand&post=34522"},{"taxonomy":"product_cat","embeddable":true,"href":"https:\/\/maniadasmoedas.pt\/index.php?rest_route=%2Fwp%2Fv2%2Fproduct_cat&post=34522"},{"taxonomy":"product_tag","embeddable":true,"href":"https:\/\/maniadasmoedas.pt\/index.php?rest_route=%2Fwp%2Fv2%2Fproduct_tag&post=34522"}],"curies":[{"name":"wp","href":"https:\/\/api.w.org\/{rel}","templated":true}]}}