{"id":33842,"date":"2021-09-13T11:24:30","date_gmt":"2021-09-13T11:24:30","guid":{"rendered":"https:\/\/maniadasmoedas.pt\/?post_type=product&#038;p=33842"},"modified":"2025-10-31T16:45:17","modified_gmt":"2025-10-31T16:45:17","slug":"moeda-2e-belgica-2021-uniao-economica","status":"publish","type":"product","link":"https:\/\/maniadasmoedas.pt\/?product=moeda-2e-belgica-2021-uniao-economica","title":{"rendered":"Moeda 2\u20ac B\u00e9lgica 2021 &#8211; Uni\u00e3o Econ\u00f3mica"},"content":{"rendered":"<p>Moeda de 2\u20ac da B\u00e9lgica de 2021 alusiva aos 100 anos da constitui\u00e7\u00e3o da Uni\u00e3o Econ\u00f3mica Belga-Luxemburgo<\/p>\n<p>Moeda em coincard original<\/p>\n<p>Estado: UNC<\/p>\n","protected":false},"excerpt":{"rendered":"<p>Moeda de 2\u20ac da B\u00e9lgica de 2021 alusiva aos 100 anos da constitui\u00e7\u00e3o da Uni\u00e3o Econ\u00f3mica Belga-Luxemburgo<\/p>\n<p>Moeda em coincard original<\/p>\n<p>Estado: UNC<\/p>\n","protected":false},"featured_media":33846,"comment_status":"closed","ping_status":"closed","template":"","meta":{"_acf_changed":false,"_angie_page":false,"_uag_custom_page_level_css":""},"product_brand":[],"product_cat":[143,237],"product_tag":[],"class_list":{"0":"post-33842","1":"product","2":"type-product","3":"status-publish","4":"has-post-thumbnail","6":"product_cat-belgica","7":"product_cat-moedas-2e-belgica","8":"thunk-woo-product-list","9":"opn-qv-enable","10":"open-woo-hover-","11":"open-single-product-tab-horizontal","12":"open-shadow-","13":"open-shadow-hover-","15":"first","16":"instock","17":"shipping-taxable","18":"purchasable","19":"product-type-variable","20":"has-default-attributes"},"acf":[],"yoast_head":"<!-- This site is optimized with the Yoast SEO plugin v27.6 - https:\/\/yoast.com\/product\/yoast-seo-wordpress\/ -->\n<title>Moeda 2\u20ac B\u00e9lgica 2021 - Uni\u00e3o Econ\u00f3mica - Mania das Moedas<\/title>\n<meta name=\"description\" content=\"Moeda de 2\u20ac da B\u00e9lgica de 2021\" \/>\n<meta name=\"robots\" content=\"index, follow, max-snippet:-1, max-image-preview:large, max-video-preview:-1\" \/>\n<link rel=\"canonical\" href=\"https:\/\/maniadasmoedas.pt\/?product=moeda-2e-belgica-2021-uniao-economica\" \/>\n<meta property=\"og:locale\" content=\"pt_PT\" \/>\n<meta property=\"og:type\" content=\"article\" \/>\n<meta property=\"og:title\" content=\"Moeda 2\u20ac B\u00e9lgica 2021 - Uni\u00e3o Econ\u00f3mica - Mania das Moedas\" \/>\n<meta property=\"og:description\" content=\"Moeda de 2\u20ac da B\u00e9lgica de 2021\" \/>\n<meta property=\"og:url\" content=\"https:\/\/maniadasmoedas.pt\/?product=moeda-2e-belgica-2021-uniao-economica\" \/>\n<meta property=\"og:site_name\" content=\"Mania das Moedas\" \/>\n<meta property=\"article:modified_time\" content=\"2025-10-31T16:45:17+00:00\" \/>\n<meta property=\"og:image\" content=\"https:\/\/maniadasmoedas.pt\/wp-content\/uploads\/2021\/09\/belgica-2021.fw_.png\" \/>\n\t<meta property=\"og:image:width\" content=\"600\" \/>\n\t<meta property=\"og:image:height\" content=\"600\" \/>\n\t<meta property=\"og:image:type\" content=\"image\/png\" \/>\n<meta name=\"twitter:card\" content=\"summary_large_image\" \/>\n<meta name=\"twitter:label1\" content=\"Tempo estimado de leitura\" \/>\n\t<meta name=\"twitter:data1\" content=\"1 minuto\" \/>\n<script type=\"application\/ld+json\" class=\"yoast-schema-graph\">{\"@context\":\"https:\\\/\\\/schema.org\",\"@graph\":[{\"@type\":\"WebPage\",\"@id\":\"https:\\\/\\\/maniadasmoedas.pt\\\/?product=moeda-2e-belgica-2021-uniao-economica\",\"url\":\"https:\\\/\\\/maniadasmoedas.pt\\\/?product=moeda-2e-belgica-2021-uniao-economica\",\"name\":\"Moeda 2\u20ac B\u00e9lgica 2021 - Uni\u00e3o Econ\u00f3mica - Mania das Moedas\",\"isPartOf\":{\"@id\":\"https:\\\/\\\/maniadasmoedas.pt\\\/#website\"},\"primaryImageOfPage\":{\"@id\":\"https:\\\/\\\/maniadasmoedas.pt\\\/?product=moeda-2e-belgica-2021-uniao-economica#primaryimage\"},\"image\":{\"@id\":\"https:\\\/\\\/maniadasmoedas.pt\\\/?product=moeda-2e-belgica-2021-uniao-economica#primaryimage\"},\"thumbnailUrl\":\"https:\\\/\\\/maniadasmoedas.pt\\\/wp-content\\\/uploads\\\/2021\\\/09\\\/belgica-2021.fw_.png\",\"datePublished\":\"2021-09-13T11:24:30+00:00\",\"dateModified\":\"2025-10-31T16:45:17+00:00\",\"description\":\"Moeda de 2\u20ac da B\u00e9lgica de 2021\",\"breadcrumb\":{\"@id\":\"https:\\\/\\\/maniadasmoedas.pt\\\/?product=moeda-2e-belgica-2021-uniao-economica#breadcrumb\"},\"inLanguage\":\"pt-PT\",\"potentialAction\":[{\"@type\":\"ReadAction\",\"target\":[\"https:\\\/\\\/maniadasmoedas.pt\\\/?product=moeda-2e-belgica-2021-uniao-economica\"]}]},{\"@type\":\"ImageObject\",\"inLanguage\":\"pt-PT\",\"@id\":\"https:\\\/\\\/maniadasmoedas.pt\\\/?product=moeda-2e-belgica-2021-uniao-economica#primaryimage\",\"url\":\"https:\\\/\\\/maniadasmoedas.pt\\\/wp-content\\\/uploads\\\/2021\\\/09\\\/belgica-2021.fw_.png\",\"contentUrl\":\"https:\\\/\\\/maniadasmoedas.pt\\\/wp-content\\\/uploads\\\/2021\\\/09\\\/belgica-2021.fw_.png\",\"width\":600,\"height\":600},{\"@type\":\"BreadcrumbList\",\"@id\":\"https:\\\/\\\/maniadasmoedas.pt\\\/?product=moeda-2e-belgica-2021-uniao-economica#breadcrumb\",\"itemListElement\":[{\"@type\":\"ListItem\",\"position\":1,\"name\":\"In\u00edcio\",\"item\":\"https:\\\/\\\/maniadasmoedas.pt\\\/\"},{\"@type\":\"ListItem\",\"position\":2,\"name\":\"Elementor #34262\",\"item\":\"https:\\\/\\\/maniadasmoedas.pt\\\/?page_id=34262\"},{\"@type\":\"ListItem\",\"position\":3,\"name\":\"Moeda 2\u20ac B\u00e9lgica 2021 &#8211; Uni\u00e3o Econ\u00f3mica\"}]},{\"@type\":\"WebSite\",\"@id\":\"https:\\\/\\\/maniadasmoedas.pt\\\/#website\",\"url\":\"https:\\\/\\\/maniadasmoedas.pt\\\/\",\"name\":\"ManiaDasMoedas\",\"description\":\"Uma Moeda Nunca Vem S\u00f3!\",\"publisher\":{\"@id\":\"https:\\\/\\\/maniadasmoedas.pt\\\/#\\\/schema\\\/person\\\/489ba095c99ab0b617a4e66e2783b41f\"},\"potentialAction\":[{\"@type\":\"SearchAction\",\"target\":{\"@type\":\"EntryPoint\",\"urlTemplate\":\"https:\\\/\\\/maniadasmoedas.pt\\\/?s={search_term_string}\"},\"query-input\":{\"@type\":\"PropertyValueSpecification\",\"valueRequired\":true,\"valueName\":\"search_term_string\"}}],\"inLanguage\":\"pt-PT\"},{\"@type\":[\"Person\",\"Organization\"],\"@id\":\"https:\\\/\\\/maniadasmoedas.pt\\\/#\\\/schema\\\/person\\\/489ba095c99ab0b617a4e66e2783b41f\",\"name\":\"AGabriel\",\"image\":{\"@type\":\"ImageObject\",\"inLanguage\":\"pt-PT\",\"@id\":\"https:\\\/\\\/maniadasmoedas.pt\\\/wp-content\\\/uploads\\\/2020\\\/05\\\/cropped-logo-site.fw_-2-2.png\",\"url\":\"https:\\\/\\\/maniadasmoedas.pt\\\/wp-content\\\/uploads\\\/2020\\\/05\\\/cropped-logo-site.fw_-2-2.png\",\"contentUrl\":\"https:\\\/\\\/maniadasmoedas.pt\\\/wp-content\\\/uploads\\\/2020\\\/05\\\/cropped-logo-site.fw_-2-2.png\",\"width\":100,\"height\":100,\"caption\":\"AGabriel\"},\"logo\":{\"@id\":\"https:\\\/\\\/maniadasmoedas.pt\\\/wp-content\\\/uploads\\\/2020\\\/05\\\/cropped-logo-site.fw_-2-2.png\"}}]}<\/script>\n<!-- \/ Yoast SEO plugin. -->","yoast_head_json":{"title":"Moeda 2\u20ac B\u00e9lgica 2021 - Uni\u00e3o Econ\u00f3mica - Mania das Moedas","description":"Moeda de 2\u20ac da B\u00e9lgica de 2021","robots":{"index":"index","follow":"follow","max-snippet":"max-snippet:-1","max-image-preview":"max-image-preview:large","max-video-preview":"max-video-preview:-1"},"canonical":"https:\/\/maniadasmoedas.pt\/?product=moeda-2e-belgica-2021-uniao-economica","og_locale":"pt_PT","og_type":"article","og_title":"Moeda 2\u20ac B\u00e9lgica 2021 - Uni\u00e3o Econ\u00f3mica - Mania das Moedas","og_description":"Moeda de 2\u20ac da B\u00e9lgica de 2021","og_url":"https:\/\/maniadasmoedas.pt\/?product=moeda-2e-belgica-2021-uniao-economica","og_site_name":"Mania das Moedas","article_modified_time":"2025-10-31T16:45:17+00:00","og_image":[{"width":600,"height":600,"url":"https:\/\/maniadasmoedas.pt\/wp-content\/uploads\/2021\/09\/belgica-2021.fw_.png","type":"image\/png"}],"twitter_card":"summary_large_image","twitter_misc":{"Tempo estimado de leitura":"1 minuto"},"schema":{"@context":"https:\/\/schema.org","@graph":[{"@type":"WebPage","@id":"https:\/\/maniadasmoedas.pt\/?product=moeda-2e-belgica-2021-uniao-economica","url":"https:\/\/maniadasmoedas.pt\/?product=moeda-2e-belgica-2021-uniao-economica","name":"Moeda 2\u20ac B\u00e9lgica 2021 - Uni\u00e3o Econ\u00f3mica - Mania das Moedas","isPartOf":{"@id":"https:\/\/maniadasmoedas.pt\/#website"},"primaryImageOfPage":{"@id":"https:\/\/maniadasmoedas.pt\/?product=moeda-2e-belgica-2021-uniao-economica#primaryimage"},"image":{"@id":"https:\/\/maniadasmoedas.pt\/?product=moeda-2e-belgica-2021-uniao-economica#primaryimage"},"thumbnailUrl":"https:\/\/maniadasmoedas.pt\/wp-content\/uploads\/2021\/09\/belgica-2021.fw_.png","datePublished":"2021-09-13T11:24:30+00:00","dateModified":"2025-10-31T16:45:17+00:00","description":"Moeda de 2\u20ac da B\u00e9lgica de 2021","breadcrumb":{"@id":"https:\/\/maniadasmoedas.pt\/?product=moeda-2e-belgica-2021-uniao-economica#breadcrumb"},"inLanguage":"pt-PT","potentialAction":[{"@type":"ReadAction","target":["https:\/\/maniadasmoedas.pt\/?product=moeda-2e-belgica-2021-uniao-economica"]}]},{"@type":"ImageObject","inLanguage":"pt-PT","@id":"https:\/\/maniadasmoedas.pt\/?product=moeda-2e-belgica-2021-uniao-economica#primaryimage","url":"https:\/\/maniadasmoedas.pt\/wp-content\/uploads\/2021\/09\/belgica-2021.fw_.png","contentUrl":"https:\/\/maniadasmoedas.pt\/wp-content\/uploads\/2021\/09\/belgica-2021.fw_.png","width":600,"height":600},{"@type":"BreadcrumbList","@id":"https:\/\/maniadasmoedas.pt\/?product=moeda-2e-belgica-2021-uniao-economica#breadcrumb","itemListElement":[{"@type":"ListItem","position":1,"name":"In\u00edcio","item":"https:\/\/maniadasmoedas.pt\/"},{"@type":"ListItem","position":2,"name":"Elementor #34262","item":"https:\/\/maniadasmoedas.pt\/?page_id=34262"},{"@type":"ListItem","position":3,"name":"Moeda 2\u20ac B\u00e9lgica 2021 &#8211; Uni\u00e3o Econ\u00f3mica"}]},{"@type":"WebSite","@id":"https:\/\/maniadasmoedas.pt\/#website","url":"https:\/\/maniadasmoedas.pt\/","name":"ManiaDasMoedas","description":"Uma Moeda Nunca Vem S\u00f3!","publisher":{"@id":"https:\/\/maniadasmoedas.pt\/#\/schema\/person\/489ba095c99ab0b617a4e66e2783b41f"},"potentialAction":[{"@type":"SearchAction","target":{"@type":"EntryPoint","urlTemplate":"https:\/\/maniadasmoedas.pt\/?s={search_term_string}"},"query-input":{"@type":"PropertyValueSpecification","valueRequired":true,"valueName":"search_term_string"}}],"inLanguage":"pt-PT"},{"@type":["Person","Organization"],"@id":"https:\/\/maniadasmoedas.pt\/#\/schema\/person\/489ba095c99ab0b617a4e66e2783b41f","name":"AGabriel","image":{"@type":"ImageObject","inLanguage":"pt-PT","@id":"https:\/\/maniadasmoedas.pt\/wp-content\/uploads\/2020\/05\/cropped-logo-site.fw_-2-2.png","url":"https:\/\/maniadasmoedas.pt\/wp-content\/uploads\/2020\/05\/cropped-logo-site.fw_-2-2.png","contentUrl":"https:\/\/maniadasmoedas.pt\/wp-content\/uploads\/2020\/05\/cropped-logo-site.fw_-2-2.png","width":100,"height":100,"caption":"AGabriel"},"logo":{"@id":"https:\/\/maniadasmoedas.pt\/wp-content\/uploads\/2020\/05\/cropped-logo-site.fw_-2-2.png"}}]}},"uagb_featured_image_src":{"full":["https:\/\/maniadasmoedas.pt\/wp-content\/uploads\/2021\/09\/belgica-2021.fw_.png",600,600,false],"thumbnail":["https:\/\/maniadasmoedas.pt\/wp-content\/uploads\/2021\/09\/belgica-2021.fw_-150x150.png",150,150,true],"medium":["https:\/\/maniadasmoedas.pt\/wp-content\/uploads\/2021\/09\/belgica-2021.fw_-300x300.png",300,300,true],"medium_large":["https:\/\/maniadasmoedas.pt\/wp-content\/uploads\/2021\/09\/belgica-2021.fw_.png",600,600,false],"large":["https:\/\/maniadasmoedas.pt\/wp-content\/uploads\/2021\/09\/belgica-2021.fw_.png",600,600,false],"rpg_gallery_admin_thumb":["https:\/\/maniadasmoedas.pt\/wp-content\/uploads\/2021\/09\/belgica-2021.fw_-150x150.png",150,150,true],"rpg_gallery_thumb":["https:\/\/maniadasmoedas.pt\/wp-content\/uploads\/2021\/09\/belgica-2021.fw_-150x150.png",150,150,true],"1536x1536":["https:\/\/maniadasmoedas.pt\/wp-content\/uploads\/2021\/09\/belgica-2021.fw_.png",600,600,false],"2048x2048":["https:\/\/maniadasmoedas.pt\/wp-content\/uploads\/2021\/09\/belgica-2021.fw_.png",600,600,false],"woocommerce_thumbnail":["https:\/\/maniadasmoedas.pt\/wp-content\/uploads\/2021\/09\/belgica-2021.fw_-320x320.png",320,320,true],"woocommerce_single":["https:\/\/maniadasmoedas.pt\/wp-content\/uploads\/2021\/09\/belgica-2021.fw_.png",600,600,false],"woocommerce_gallery_thumbnail":["https:\/\/maniadasmoedas.pt\/wp-content\/uploads\/2021\/09\/belgica-2021.fw_-100x100.png",100,100,true],"thaps-thumb-img":["https:\/\/maniadasmoedas.pt\/wp-content\/uploads\/2021\/09\/belgica-2021.fw_.png",48,48,false],"taiowc-thumb-img":["https:\/\/maniadasmoedas.pt\/wp-content\/uploads\/2021\/09\/belgica-2021.fw_.png",48,48,false]},"uagb_author_info":{"display_name":"AGabriel","author_link":"https:\/\/maniadasmoedas.pt\/?author=0"},"uagb_comment_info":0,"uagb_excerpt":"Moeda de 2\u20ac da B\u00e9lgica de 2021 alusiva aos 100 anos da constitui\u00e7\u00e3o da Uni\u00e3o Econ\u00f3mica Belga-Luxemburgo Moeda em coincard original Estado: UNC","jetpack_sharing_enabled":true,"_links":{"self":[{"href":"https:\/\/maniadasmoedas.pt\/index.php?rest_route=\/wp\/v2\/product\/33842","targetHints":{"allow":["GET"]}}],"collection":[{"href":"https:\/\/maniadasmoedas.pt\/index.php?rest_route=\/wp\/v2\/product"}],"about":[{"href":"https:\/\/maniadasmoedas.pt\/index.php?rest_route=\/wp\/v2\/types\/product"}],"replies":[{"embeddable":true,"href":"https:\/\/maniadasmoedas.pt\/index.php?rest_route=%2Fwp%2Fv2%2Fcomments&post=33842"}],"version-history":[{"count":1,"href":"https:\/\/maniadasmoedas.pt\/index.php?rest_route=\/wp\/v2\/product\/33842\/revisions"}],"predecessor-version":[{"id":34562,"href":"https:\/\/maniadasmoedas.pt\/index.php?rest_route=\/wp\/v2\/product\/33842\/revisions\/34562"}],"wp:featuredmedia":[{"embeddable":true,"href":"https:\/\/maniadasmoedas.pt\/index.php?rest_route=\/wp\/v2\/media\/33846"}],"wp:attachment":[{"href":"https:\/\/maniadasmoedas.pt\/index.php?rest_route=%2Fwp%2Fv2%2Fmedia&parent=33842"}],"wp:term":[{"taxonomy":"product_brand","embeddable":true,"href":"https:\/\/maniadasmoedas.pt\/index.php?rest_route=%2Fwp%2Fv2%2Fproduct_brand&post=33842"},{"taxonomy":"product_cat","embeddable":true,"href":"https:\/\/maniadasmoedas.pt\/index.php?rest_route=%2Fwp%2Fv2%2Fproduct_cat&post=33842"},{"taxonomy":"product_tag","embeddable":true,"href":"https:\/\/maniadasmoedas.pt\/index.php?rest_route=%2Fwp%2Fv2%2Fproduct_tag&post=33842"}],"curies":[{"name":"wp","href":"https:\/\/api.w.org\/{rel}","templated":true}]}}