{"id":33778,"date":"2021-06-07T23:24:45","date_gmt":"2021-06-07T23:24:45","guid":{"rendered":"https:\/\/maniadasmoedas.pt\/?post_type=product&#038;p=33778"},"modified":"2026-03-29T01:16:33","modified_gmt":"2026-03-29T01:16:33","slug":"moeda-2e-lituania-2021-zuvintas-reserva-biosfera","status":"publish","type":"product","link":"https:\/\/maniadasmoedas.pt\/?product=moeda-2e-lituania-2021-zuvintas-reserva-biosfera","title":{"rendered":"Moeda 2\u20ac Litu\u00e2nia 2021 &#8211; Zuvintas Reserva Biosfera"},"content":{"rendered":"<p>Moeda de 2\u20ac da Litu\u00e2nia de 2021 alusiva \u00e0 reserva da Biosfera Zuvintas<\/p>\n<p>Moeda em alv\u00e9olo de agrafar<\/p>\n<p>Estado: UNC retirada de rolo<\/p>\n","protected":false},"excerpt":{"rendered":"<p>Moeda de 2\u20ac da Litu\u00e2nia de 2021 alusiva \u00e0 reserva da Biosfera Zuvintas<\/p>\n<p>Moeda em alv\u00e9olo de agrafar<\/p>\n<p>Estado: UNC retirada de rolo<\/p>\n","protected":false},"featured_media":33779,"comment_status":"closed","ping_status":"closed","template":"","meta":{"_acf_changed":false,"_uag_custom_page_level_css":""},"product_brand":[],"product_cat":[85,192],"product_tag":[],"class_list":{"0":"post-33778","1":"product","2":"type-product","3":"status-publish","4":"has-post-thumbnail","6":"product_cat-lituania","7":"product_cat-moedas-de-2e-lituania","8":"thunk-woo-product-list","9":"opn-qv-enable","10":"open-woo-hover-","11":"open-single-product-tab-horizontal","12":"open-shadow-","13":"open-shadow-hover-","15":"first","16":"outofstock","17":"shipping-taxable","18":"purchasable","19":"product-type-simple"},"acf":[],"yoast_head":"<!-- This site is optimized with the Yoast SEO plugin v27.4 - https:\/\/yoast.com\/product\/yoast-seo-wordpress\/ -->\n<title>Moeda 2\u20ac Litu\u00e2nia 2021 - Zuvintas Reserva Biosfera - Mania das Moedas<\/title>\n<meta name=\"description\" content=\"Moeda de 2\u20ac da Litu\u00e2nia de 2021 alusiva \u00e0 reserva da Biosfera Zuvintas Moeda em alv\u00e9olo de agrafar Estado: UNC retirada de rolo\" \/>\n<meta name=\"robots\" content=\"index, follow, max-snippet:-1, max-image-preview:large, max-video-preview:-1\" \/>\n<link rel=\"canonical\" href=\"https:\/\/maniadasmoedas.pt\/?product=moeda-2e-lituania-2021-zuvintas-reserva-biosfera\" \/>\n<meta property=\"og:locale\" content=\"pt_PT\" \/>\n<meta property=\"og:type\" content=\"article\" \/>\n<meta property=\"og:title\" content=\"Moeda 2\u20ac Litu\u00e2nia 2021 - Zuvintas Reserva Biosfera - Mania das Moedas\" \/>\n<meta property=\"og:description\" content=\"Moeda de 2\u20ac da Litu\u00e2nia de 2021 alusiva \u00e0 reserva da Biosfera Zuvintas Moeda em alv\u00e9olo de agrafar Estado: UNC retirada de rolo\" \/>\n<meta property=\"og:url\" content=\"https:\/\/maniadasmoedas.pt\/?product=moeda-2e-lituania-2021-zuvintas-reserva-biosfera\" \/>\n<meta property=\"og:site_name\" content=\"Mania das Moedas\" \/>\n<meta property=\"article:modified_time\" content=\"2026-03-29T01:16:33+00:00\" \/>\n<meta property=\"og:image\" content=\"https:\/\/maniadasmoedas.pt\/wp-content\/uploads\/2021\/06\/litauen-2-euro-2021-bfr-biosphaerenreservat-von-zuvintas-e0f.png\" \/>\n\t<meta property=\"og:image:width\" content=\"600\" \/>\n\t<meta property=\"og:image:height\" content=\"600\" \/>\n\t<meta property=\"og:image:type\" content=\"image\/png\" \/>\n<meta name=\"twitter:card\" content=\"summary_large_image\" \/>\n<meta name=\"twitter:label1\" content=\"Tempo estimado de leitura\" \/>\n\t<meta name=\"twitter:data1\" content=\"1 minuto\" \/>\n<script type=\"application\/ld+json\" class=\"yoast-schema-graph\">{\"@context\":\"https:\\\/\\\/schema.org\",\"@graph\":[{\"@type\":\"WebPage\",\"@id\":\"https:\\\/\\\/maniadasmoedas.pt\\\/?product=moeda-2e-lituania-2021-zuvintas-reserva-biosfera\",\"url\":\"https:\\\/\\\/maniadasmoedas.pt\\\/?product=moeda-2e-lituania-2021-zuvintas-reserva-biosfera\",\"name\":\"Moeda 2\u20ac Litu\u00e2nia 2021 - Zuvintas Reserva Biosfera - Mania das Moedas\",\"isPartOf\":{\"@id\":\"https:\\\/\\\/maniadasmoedas.pt\\\/#website\"},\"primaryImageOfPage\":{\"@id\":\"https:\\\/\\\/maniadasmoedas.pt\\\/?product=moeda-2e-lituania-2021-zuvintas-reserva-biosfera#primaryimage\"},\"image\":{\"@id\":\"https:\\\/\\\/maniadasmoedas.pt\\\/?product=moeda-2e-lituania-2021-zuvintas-reserva-biosfera#primaryimage\"},\"thumbnailUrl\":\"https:\\\/\\\/maniadasmoedas.pt\\\/wp-content\\\/uploads\\\/2021\\\/06\\\/litauen-2-euro-2021-bfr-biosphaerenreservat-von-zuvintas-e0f.png\",\"datePublished\":\"2021-06-07T23:24:45+00:00\",\"dateModified\":\"2026-03-29T01:16:33+00:00\",\"description\":\"Moeda de 2\u20ac da Litu\u00e2nia de 2021 alusiva \u00e0 reserva da Biosfera Zuvintas Moeda em alv\u00e9olo de agrafar Estado: UNC retirada de rolo\",\"breadcrumb\":{\"@id\":\"https:\\\/\\\/maniadasmoedas.pt\\\/?product=moeda-2e-lituania-2021-zuvintas-reserva-biosfera#breadcrumb\"},\"inLanguage\":\"pt-PT\",\"potentialAction\":[{\"@type\":\"ReadAction\",\"target\":[\"https:\\\/\\\/maniadasmoedas.pt\\\/?product=moeda-2e-lituania-2021-zuvintas-reserva-biosfera\"]}]},{\"@type\":\"ImageObject\",\"inLanguage\":\"pt-PT\",\"@id\":\"https:\\\/\\\/maniadasmoedas.pt\\\/?product=moeda-2e-lituania-2021-zuvintas-reserva-biosfera#primaryimage\",\"url\":\"https:\\\/\\\/maniadasmoedas.pt\\\/wp-content\\\/uploads\\\/2021\\\/06\\\/litauen-2-euro-2021-bfr-biosphaerenreservat-von-zuvintas-e0f.png\",\"contentUrl\":\"https:\\\/\\\/maniadasmoedas.pt\\\/wp-content\\\/uploads\\\/2021\\\/06\\\/litauen-2-euro-2021-bfr-biosphaerenreservat-von-zuvintas-e0f.png\",\"width\":600,\"height\":600},{\"@type\":\"BreadcrumbList\",\"@id\":\"https:\\\/\\\/maniadasmoedas.pt\\\/?product=moeda-2e-lituania-2021-zuvintas-reserva-biosfera#breadcrumb\",\"itemListElement\":[{\"@type\":\"ListItem\",\"position\":1,\"name\":\"In\u00edcio\",\"item\":\"https:\\\/\\\/maniadasmoedas.pt\\\/\"},{\"@type\":\"ListItem\",\"position\":2,\"name\":\"Elementor #34262\",\"item\":\"https:\\\/\\\/maniadasmoedas.pt\\\/?page_id=34262\"},{\"@type\":\"ListItem\",\"position\":3,\"name\":\"Moeda 2\u20ac Litu\u00e2nia 2021 &#8211; Zuvintas Reserva Biosfera\"}]},{\"@type\":\"WebSite\",\"@id\":\"https:\\\/\\\/maniadasmoedas.pt\\\/#website\",\"url\":\"https:\\\/\\\/maniadasmoedas.pt\\\/\",\"name\":\"ManiaDasMoedas\",\"description\":\"Uma Moeda Nunca Vem S\u00f3!\",\"publisher\":{\"@id\":\"https:\\\/\\\/maniadasmoedas.pt\\\/#\\\/schema\\\/person\\\/489ba095c99ab0b617a4e66e2783b41f\"},\"potentialAction\":[{\"@type\":\"SearchAction\",\"target\":{\"@type\":\"EntryPoint\",\"urlTemplate\":\"https:\\\/\\\/maniadasmoedas.pt\\\/?s={search_term_string}\"},\"query-input\":{\"@type\":\"PropertyValueSpecification\",\"valueRequired\":true,\"valueName\":\"search_term_string\"}}],\"inLanguage\":\"pt-PT\"},{\"@type\":[\"Person\",\"Organization\"],\"@id\":\"https:\\\/\\\/maniadasmoedas.pt\\\/#\\\/schema\\\/person\\\/489ba095c99ab0b617a4e66e2783b41f\",\"name\":\"AGabriel\",\"image\":{\"@type\":\"ImageObject\",\"inLanguage\":\"pt-PT\",\"@id\":\"https:\\\/\\\/maniadasmoedas.pt\\\/wp-content\\\/uploads\\\/2020\\\/05\\\/cropped-logo-site.fw_-2-2.png\",\"url\":\"https:\\\/\\\/maniadasmoedas.pt\\\/wp-content\\\/uploads\\\/2020\\\/05\\\/cropped-logo-site.fw_-2-2.png\",\"contentUrl\":\"https:\\\/\\\/maniadasmoedas.pt\\\/wp-content\\\/uploads\\\/2020\\\/05\\\/cropped-logo-site.fw_-2-2.png\",\"width\":100,\"height\":100,\"caption\":\"AGabriel\"},\"logo\":{\"@id\":\"https:\\\/\\\/maniadasmoedas.pt\\\/wp-content\\\/uploads\\\/2020\\\/05\\\/cropped-logo-site.fw_-2-2.png\"}}]}<\/script>\n<!-- \/ Yoast SEO plugin. -->","yoast_head_json":{"title":"Moeda 2\u20ac Litu\u00e2nia 2021 - Zuvintas Reserva Biosfera - Mania das Moedas","description":"Moeda de 2\u20ac da Litu\u00e2nia de 2021 alusiva \u00e0 reserva da Biosfera Zuvintas Moeda em alv\u00e9olo de agrafar Estado: UNC retirada de rolo","robots":{"index":"index","follow":"follow","max-snippet":"max-snippet:-1","max-image-preview":"max-image-preview:large","max-video-preview":"max-video-preview:-1"},"canonical":"https:\/\/maniadasmoedas.pt\/?product=moeda-2e-lituania-2021-zuvintas-reserva-biosfera","og_locale":"pt_PT","og_type":"article","og_title":"Moeda 2\u20ac Litu\u00e2nia 2021 - Zuvintas Reserva Biosfera - Mania das Moedas","og_description":"Moeda de 2\u20ac da Litu\u00e2nia de 2021 alusiva \u00e0 reserva da Biosfera Zuvintas Moeda em alv\u00e9olo de agrafar Estado: UNC retirada de rolo","og_url":"https:\/\/maniadasmoedas.pt\/?product=moeda-2e-lituania-2021-zuvintas-reserva-biosfera","og_site_name":"Mania das Moedas","article_modified_time":"2026-03-29T01:16:33+00:00","og_image":[{"width":600,"height":600,"url":"https:\/\/maniadasmoedas.pt\/wp-content\/uploads\/2021\/06\/litauen-2-euro-2021-bfr-biosphaerenreservat-von-zuvintas-e0f.png","type":"image\/png"}],"twitter_card":"summary_large_image","twitter_misc":{"Tempo estimado de leitura":"1 minuto"},"schema":{"@context":"https:\/\/schema.org","@graph":[{"@type":"WebPage","@id":"https:\/\/maniadasmoedas.pt\/?product=moeda-2e-lituania-2021-zuvintas-reserva-biosfera","url":"https:\/\/maniadasmoedas.pt\/?product=moeda-2e-lituania-2021-zuvintas-reserva-biosfera","name":"Moeda 2\u20ac Litu\u00e2nia 2021 - Zuvintas Reserva Biosfera - Mania das Moedas","isPartOf":{"@id":"https:\/\/maniadasmoedas.pt\/#website"},"primaryImageOfPage":{"@id":"https:\/\/maniadasmoedas.pt\/?product=moeda-2e-lituania-2021-zuvintas-reserva-biosfera#primaryimage"},"image":{"@id":"https:\/\/maniadasmoedas.pt\/?product=moeda-2e-lituania-2021-zuvintas-reserva-biosfera#primaryimage"},"thumbnailUrl":"https:\/\/maniadasmoedas.pt\/wp-content\/uploads\/2021\/06\/litauen-2-euro-2021-bfr-biosphaerenreservat-von-zuvintas-e0f.png","datePublished":"2021-06-07T23:24:45+00:00","dateModified":"2026-03-29T01:16:33+00:00","description":"Moeda de 2\u20ac da Litu\u00e2nia de 2021 alusiva \u00e0 reserva da Biosfera Zuvintas Moeda em alv\u00e9olo de agrafar Estado: UNC retirada de rolo","breadcrumb":{"@id":"https:\/\/maniadasmoedas.pt\/?product=moeda-2e-lituania-2021-zuvintas-reserva-biosfera#breadcrumb"},"inLanguage":"pt-PT","potentialAction":[{"@type":"ReadAction","target":["https:\/\/maniadasmoedas.pt\/?product=moeda-2e-lituania-2021-zuvintas-reserva-biosfera"]}]},{"@type":"ImageObject","inLanguage":"pt-PT","@id":"https:\/\/maniadasmoedas.pt\/?product=moeda-2e-lituania-2021-zuvintas-reserva-biosfera#primaryimage","url":"https:\/\/maniadasmoedas.pt\/wp-content\/uploads\/2021\/06\/litauen-2-euro-2021-bfr-biosphaerenreservat-von-zuvintas-e0f.png","contentUrl":"https:\/\/maniadasmoedas.pt\/wp-content\/uploads\/2021\/06\/litauen-2-euro-2021-bfr-biosphaerenreservat-von-zuvintas-e0f.png","width":600,"height":600},{"@type":"BreadcrumbList","@id":"https:\/\/maniadasmoedas.pt\/?product=moeda-2e-lituania-2021-zuvintas-reserva-biosfera#breadcrumb","itemListElement":[{"@type":"ListItem","position":1,"name":"In\u00edcio","item":"https:\/\/maniadasmoedas.pt\/"},{"@type":"ListItem","position":2,"name":"Elementor #34262","item":"https:\/\/maniadasmoedas.pt\/?page_id=34262"},{"@type":"ListItem","position":3,"name":"Moeda 2\u20ac Litu\u00e2nia 2021 &#8211; Zuvintas Reserva Biosfera"}]},{"@type":"WebSite","@id":"https:\/\/maniadasmoedas.pt\/#website","url":"https:\/\/maniadasmoedas.pt\/","name":"ManiaDasMoedas","description":"Uma Moeda Nunca Vem S\u00f3!","publisher":{"@id":"https:\/\/maniadasmoedas.pt\/#\/schema\/person\/489ba095c99ab0b617a4e66e2783b41f"},"potentialAction":[{"@type":"SearchAction","target":{"@type":"EntryPoint","urlTemplate":"https:\/\/maniadasmoedas.pt\/?s={search_term_string}"},"query-input":{"@type":"PropertyValueSpecification","valueRequired":true,"valueName":"search_term_string"}}],"inLanguage":"pt-PT"},{"@type":["Person","Organization"],"@id":"https:\/\/maniadasmoedas.pt\/#\/schema\/person\/489ba095c99ab0b617a4e66e2783b41f","name":"AGabriel","image":{"@type":"ImageObject","inLanguage":"pt-PT","@id":"https:\/\/maniadasmoedas.pt\/wp-content\/uploads\/2020\/05\/cropped-logo-site.fw_-2-2.png","url":"https:\/\/maniadasmoedas.pt\/wp-content\/uploads\/2020\/05\/cropped-logo-site.fw_-2-2.png","contentUrl":"https:\/\/maniadasmoedas.pt\/wp-content\/uploads\/2020\/05\/cropped-logo-site.fw_-2-2.png","width":100,"height":100,"caption":"AGabriel"},"logo":{"@id":"https:\/\/maniadasmoedas.pt\/wp-content\/uploads\/2020\/05\/cropped-logo-site.fw_-2-2.png"}}]}},"uagb_featured_image_src":{"full":["https:\/\/maniadasmoedas.pt\/wp-content\/uploads\/2021\/06\/litauen-2-euro-2021-bfr-biosphaerenreservat-von-zuvintas-e0f.png",600,600,false],"thumbnail":["https:\/\/maniadasmoedas.pt\/wp-content\/uploads\/2021\/06\/litauen-2-euro-2021-bfr-biosphaerenreservat-von-zuvintas-e0f-150x150.png",150,150,true],"medium":["https:\/\/maniadasmoedas.pt\/wp-content\/uploads\/2021\/06\/litauen-2-euro-2021-bfr-biosphaerenreservat-von-zuvintas-e0f-300x300.png",300,300,true],"medium_large":["https:\/\/maniadasmoedas.pt\/wp-content\/uploads\/2021\/06\/litauen-2-euro-2021-bfr-biosphaerenreservat-von-zuvintas-e0f.png",600,600,false],"large":["https:\/\/maniadasmoedas.pt\/wp-content\/uploads\/2021\/06\/litauen-2-euro-2021-bfr-biosphaerenreservat-von-zuvintas-e0f.png",600,600,false],"rpg_gallery_admin_thumb":["https:\/\/maniadasmoedas.pt\/wp-content\/uploads\/2021\/06\/litauen-2-euro-2021-bfr-biosphaerenreservat-von-zuvintas-e0f-150x150.png",150,150,true],"rpg_gallery_thumb":["https:\/\/maniadasmoedas.pt\/wp-content\/uploads\/2021\/06\/litauen-2-euro-2021-bfr-biosphaerenreservat-von-zuvintas-e0f-150x150.png",150,150,true],"1536x1536":["https:\/\/maniadasmoedas.pt\/wp-content\/uploads\/2021\/06\/litauen-2-euro-2021-bfr-biosphaerenreservat-von-zuvintas-e0f.png",600,600,false],"2048x2048":["https:\/\/maniadasmoedas.pt\/wp-content\/uploads\/2021\/06\/litauen-2-euro-2021-bfr-biosphaerenreservat-von-zuvintas-e0f.png",600,600,false],"woocommerce_thumbnail":["https:\/\/maniadasmoedas.pt\/wp-content\/uploads\/2021\/06\/litauen-2-euro-2021-bfr-biosphaerenreservat-von-zuvintas-e0f-320x320.png",320,320,true],"woocommerce_single":["https:\/\/maniadasmoedas.pt\/wp-content\/uploads\/2021\/06\/litauen-2-euro-2021-bfr-biosphaerenreservat-von-zuvintas-e0f.png",600,600,false],"woocommerce_gallery_thumbnail":["https:\/\/maniadasmoedas.pt\/wp-content\/uploads\/2021\/06\/litauen-2-euro-2021-bfr-biosphaerenreservat-von-zuvintas-e0f-100x100.png",100,100,true],"thaps-thumb-img":["https:\/\/maniadasmoedas.pt\/wp-content\/uploads\/2021\/06\/litauen-2-euro-2021-bfr-biosphaerenreservat-von-zuvintas-e0f.png",48,48,false],"taiowc-thumb-img":["https:\/\/maniadasmoedas.pt\/wp-content\/uploads\/2021\/06\/litauen-2-euro-2021-bfr-biosphaerenreservat-von-zuvintas-e0f.png",48,48,false]},"uagb_author_info":{"display_name":"AGabriel","author_link":"https:\/\/maniadasmoedas.pt\/?author=0"},"uagb_comment_info":0,"uagb_excerpt":"Moeda de 2\u20ac da Litu\u00e2nia de 2021 alusiva \u00e0 reserva da Biosfera Zuvintas Moeda em alv\u00e9olo de agrafar Estado: UNC retirada de rolo","jetpack_sharing_enabled":true,"_links":{"self":[{"href":"https:\/\/maniadasmoedas.pt\/index.php?rest_route=\/wp\/v2\/product\/33778","targetHints":{"allow":["GET"]}}],"collection":[{"href":"https:\/\/maniadasmoedas.pt\/index.php?rest_route=\/wp\/v2\/product"}],"about":[{"href":"https:\/\/maniadasmoedas.pt\/index.php?rest_route=\/wp\/v2\/types\/product"}],"replies":[{"embeddable":true,"href":"https:\/\/maniadasmoedas.pt\/index.php?rest_route=%2Fwp%2Fv2%2Fcomments&post=33778"}],"version-history":[{"count":1,"href":"https:\/\/maniadasmoedas.pt\/index.php?rest_route=\/wp\/v2\/product\/33778\/revisions"}],"predecessor-version":[{"id":38819,"href":"https:\/\/maniadasmoedas.pt\/index.php?rest_route=\/wp\/v2\/product\/33778\/revisions\/38819"}],"wp:featuredmedia":[{"embeddable":true,"href":"https:\/\/maniadasmoedas.pt\/index.php?rest_route=\/wp\/v2\/media\/33779"}],"wp:attachment":[{"href":"https:\/\/maniadasmoedas.pt\/index.php?rest_route=%2Fwp%2Fv2%2Fmedia&parent=33778"}],"wp:term":[{"taxonomy":"product_brand","embeddable":true,"href":"https:\/\/maniadasmoedas.pt\/index.php?rest_route=%2Fwp%2Fv2%2Fproduct_brand&post=33778"},{"taxonomy":"product_cat","embeddable":true,"href":"https:\/\/maniadasmoedas.pt\/index.php?rest_route=%2Fwp%2Fv2%2Fproduct_cat&post=33778"},{"taxonomy":"product_tag","embeddable":true,"href":"https:\/\/maniadasmoedas.pt\/index.php?rest_route=%2Fwp%2Fv2%2Fproduct_tag&post=33778"}],"curies":[{"name":"wp","href":"https:\/\/api.w.org\/{rel}","templated":true}]}}