{"id":33734,"date":"2021-05-27T17:27:51","date_gmt":"2021-05-27T17:27:51","guid":{"rendered":"https:\/\/maniadasmoedas.pt\/?post_type=product&#038;p=33734"},"modified":"2026-01-12T20:28:57","modified_gmt":"2026-01-12T20:28:57","slug":"10-capsulas-leuchtturm-2150mm","status":"publish","type":"product","link":"https:\/\/maniadasmoedas.pt\/?product=10-capsulas-leuchtturm-2150mm","title":{"rendered":"10 C\u00e1psulas Leuchtturm 21,50mm"},"content":{"rendered":"<p>Embalagem com 10 c\u00e1psulas da marca Leuchtturm<\/p>\n<p>Circunfer\u00eancia interna de 21,50mm<\/p>\n<p>Para moedas de 5 C\u00eantimos<\/p>\n<p>EAN: 4004117149993<\/p>\n","protected":false},"excerpt":{"rendered":"<p>Embalagem com 10 c\u00e1psulas da marca Leuchtturm<\/p>\n<p>Circunfer\u00eancia interna de 21,50mm<\/p>\n<p>Para moedas de 5 C\u00eantimos<\/p>\n<p>EAN: 4004117149993<\/p>\n","protected":false},"featured_media":34109,"comment_status":"closed","ping_status":"closed","template":"","meta":{"_acf_changed":false,"_uag_custom_page_level_css":""},"product_brand":[],"product_cat":[68,72,137],"product_tag":[],"class_list":{"0":"post-33734","1":"product","2":"type-product","3":"status-publish","4":"has-post-thumbnail","6":"product_cat-acessorios","7":"product_cat-capsulas","8":"product_cat-leuchtturm","9":"thunk-woo-product-list","10":"opn-qv-enable","11":"open-woo-hover-","12":"open-single-product-tab-horizontal","13":"open-shadow-","14":"open-shadow-hover-","16":"first","17":"instock","18":"sale","19":"shipping-taxable","20":"purchasable","21":"product-type-simple"},"acf":[],"yoast_head":"<!-- This site is optimized with the Yoast SEO plugin v27.5 - https:\/\/yoast.com\/product\/yoast-seo-wordpress\/ -->\n<title>10 C\u00e1psulas Leuchtturm 21,50mm - Mania das Moedas<\/title>\n<meta name=\"description\" content=\"Embalagem com 10 c\u00e1psulas da marca Leuchtturm Circunfer\u00eancia interna de 21,50mmPara moedas de 5 C\u00eantimos EAN: 4004117149993\" \/>\n<meta name=\"robots\" content=\"index, follow, max-snippet:-1, max-image-preview:large, max-video-preview:-1\" \/>\n<link rel=\"canonical\" href=\"https:\/\/maniadasmoedas.pt\/?product=10-capsulas-leuchtturm-2150mm\" \/>\n<meta property=\"og:locale\" content=\"pt_PT\" \/>\n<meta property=\"og:type\" content=\"article\" \/>\n<meta property=\"og:title\" content=\"10 C\u00e1psulas Leuchtturm 21,50mm - Mania das Moedas\" \/>\n<meta property=\"og:description\" content=\"Embalagem com 10 c\u00e1psulas da marca Leuchtturm Circunfer\u00eancia interna de 21,50mmPara moedas de 5 C\u00eantimos EAN: 4004117149993\" \/>\n<meta property=\"og:url\" content=\"https:\/\/maniadasmoedas.pt\/?product=10-capsulas-leuchtturm-2150mm\" \/>\n<meta property=\"og:site_name\" content=\"Mania das Moedas\" \/>\n<meta property=\"article:modified_time\" content=\"2026-01-12T20:28:57+00:00\" \/>\n<meta property=\"og:image\" content=\"https:\/\/maniadasmoedas.pt\/wp-content\/uploads\/2021\/05\/10-capsulas-215.fw_-1.png\" \/>\n\t<meta property=\"og:image:width\" content=\"600\" \/>\n\t<meta property=\"og:image:height\" content=\"600\" \/>\n\t<meta property=\"og:image:type\" content=\"image\/png\" \/>\n<meta name=\"twitter:card\" content=\"summary_large_image\" \/>\n<meta name=\"twitter:label1\" content=\"Tempo estimado de leitura\" \/>\n\t<meta name=\"twitter:data1\" content=\"1 minuto\" \/>\n<script type=\"application\/ld+json\" class=\"yoast-schema-graph\">{\"@context\":\"https:\\\/\\\/schema.org\",\"@graph\":[{\"@type\":\"WebPage\",\"@id\":\"https:\\\/\\\/maniadasmoedas.pt\\\/?product=10-capsulas-leuchtturm-2150mm\",\"url\":\"https:\\\/\\\/maniadasmoedas.pt\\\/?product=10-capsulas-leuchtturm-2150mm\",\"name\":\"10 C\u00e1psulas Leuchtturm 21,50mm - Mania das Moedas\",\"isPartOf\":{\"@id\":\"https:\\\/\\\/maniadasmoedas.pt\\\/#website\"},\"primaryImageOfPage\":{\"@id\":\"https:\\\/\\\/maniadasmoedas.pt\\\/?product=10-capsulas-leuchtturm-2150mm#primaryimage\"},\"image\":{\"@id\":\"https:\\\/\\\/maniadasmoedas.pt\\\/?product=10-capsulas-leuchtturm-2150mm#primaryimage\"},\"thumbnailUrl\":\"https:\\\/\\\/maniadasmoedas.pt\\\/wp-content\\\/uploads\\\/2021\\\/05\\\/10-capsulas-215.fw_-1.png\",\"datePublished\":\"2021-05-27T17:27:51+00:00\",\"dateModified\":\"2026-01-12T20:28:57+00:00\",\"description\":\"Embalagem com 10 c\u00e1psulas da marca Leuchtturm Circunfer\u00eancia interna de 21,50mmPara moedas de 5 C\u00eantimos EAN: 4004117149993\",\"breadcrumb\":{\"@id\":\"https:\\\/\\\/maniadasmoedas.pt\\\/?product=10-capsulas-leuchtturm-2150mm#breadcrumb\"},\"inLanguage\":\"pt-PT\",\"potentialAction\":[{\"@type\":\"ReadAction\",\"target\":[\"https:\\\/\\\/maniadasmoedas.pt\\\/?product=10-capsulas-leuchtturm-2150mm\"]}]},{\"@type\":\"ImageObject\",\"inLanguage\":\"pt-PT\",\"@id\":\"https:\\\/\\\/maniadasmoedas.pt\\\/?product=10-capsulas-leuchtturm-2150mm#primaryimage\",\"url\":\"https:\\\/\\\/maniadasmoedas.pt\\\/wp-content\\\/uploads\\\/2021\\\/05\\\/10-capsulas-215.fw_-1.png\",\"contentUrl\":\"https:\\\/\\\/maniadasmoedas.pt\\\/wp-content\\\/uploads\\\/2021\\\/05\\\/10-capsulas-215.fw_-1.png\",\"width\":600,\"height\":600,\"caption\":\"10 C\u00e1psulas Leuchtturm 21,50mm\"},{\"@type\":\"BreadcrumbList\",\"@id\":\"https:\\\/\\\/maniadasmoedas.pt\\\/?product=10-capsulas-leuchtturm-2150mm#breadcrumb\",\"itemListElement\":[{\"@type\":\"ListItem\",\"position\":1,\"name\":\"In\u00edcio\",\"item\":\"https:\\\/\\\/maniadasmoedas.pt\\\/\"},{\"@type\":\"ListItem\",\"position\":2,\"name\":\"Elementor #34262\",\"item\":\"https:\\\/\\\/maniadasmoedas.pt\\\/?page_id=34262\"},{\"@type\":\"ListItem\",\"position\":3,\"name\":\"10 C\u00e1psulas Leuchtturm 21,50mm\"}]},{\"@type\":\"WebSite\",\"@id\":\"https:\\\/\\\/maniadasmoedas.pt\\\/#website\",\"url\":\"https:\\\/\\\/maniadasmoedas.pt\\\/\",\"name\":\"ManiaDasMoedas\",\"description\":\"Uma Moeda Nunca Vem S\u00f3!\",\"publisher\":{\"@id\":\"https:\\\/\\\/maniadasmoedas.pt\\\/#\\\/schema\\\/person\\\/489ba095c99ab0b617a4e66e2783b41f\"},\"potentialAction\":[{\"@type\":\"SearchAction\",\"target\":{\"@type\":\"EntryPoint\",\"urlTemplate\":\"https:\\\/\\\/maniadasmoedas.pt\\\/?s={search_term_string}\"},\"query-input\":{\"@type\":\"PropertyValueSpecification\",\"valueRequired\":true,\"valueName\":\"search_term_string\"}}],\"inLanguage\":\"pt-PT\"},{\"@type\":[\"Person\",\"Organization\"],\"@id\":\"https:\\\/\\\/maniadasmoedas.pt\\\/#\\\/schema\\\/person\\\/489ba095c99ab0b617a4e66e2783b41f\",\"name\":\"AGabriel\",\"image\":{\"@type\":\"ImageObject\",\"inLanguage\":\"pt-PT\",\"@id\":\"https:\\\/\\\/maniadasmoedas.pt\\\/wp-content\\\/uploads\\\/2020\\\/05\\\/cropped-logo-site.fw_-2-2.png\",\"url\":\"https:\\\/\\\/maniadasmoedas.pt\\\/wp-content\\\/uploads\\\/2020\\\/05\\\/cropped-logo-site.fw_-2-2.png\",\"contentUrl\":\"https:\\\/\\\/maniadasmoedas.pt\\\/wp-content\\\/uploads\\\/2020\\\/05\\\/cropped-logo-site.fw_-2-2.png\",\"width\":100,\"height\":100,\"caption\":\"AGabriel\"},\"logo\":{\"@id\":\"https:\\\/\\\/maniadasmoedas.pt\\\/wp-content\\\/uploads\\\/2020\\\/05\\\/cropped-logo-site.fw_-2-2.png\"}}]}<\/script>\n<!-- \/ Yoast SEO plugin. -->","yoast_head_json":{"title":"10 C\u00e1psulas Leuchtturm 21,50mm - Mania das Moedas","description":"Embalagem com 10 c\u00e1psulas da marca Leuchtturm Circunfer\u00eancia interna de 21,50mmPara moedas de 5 C\u00eantimos EAN: 4004117149993","robots":{"index":"index","follow":"follow","max-snippet":"max-snippet:-1","max-image-preview":"max-image-preview:large","max-video-preview":"max-video-preview:-1"},"canonical":"https:\/\/maniadasmoedas.pt\/?product=10-capsulas-leuchtturm-2150mm","og_locale":"pt_PT","og_type":"article","og_title":"10 C\u00e1psulas Leuchtturm 21,50mm - Mania das Moedas","og_description":"Embalagem com 10 c\u00e1psulas da marca Leuchtturm Circunfer\u00eancia interna de 21,50mmPara moedas de 5 C\u00eantimos EAN: 4004117149993","og_url":"https:\/\/maniadasmoedas.pt\/?product=10-capsulas-leuchtturm-2150mm","og_site_name":"Mania das Moedas","article_modified_time":"2026-01-12T20:28:57+00:00","og_image":[{"width":600,"height":600,"url":"https:\/\/maniadasmoedas.pt\/wp-content\/uploads\/2021\/05\/10-capsulas-215.fw_-1.png","type":"image\/png"}],"twitter_card":"summary_large_image","twitter_misc":{"Tempo estimado de leitura":"1 minuto"},"schema":{"@context":"https:\/\/schema.org","@graph":[{"@type":"WebPage","@id":"https:\/\/maniadasmoedas.pt\/?product=10-capsulas-leuchtturm-2150mm","url":"https:\/\/maniadasmoedas.pt\/?product=10-capsulas-leuchtturm-2150mm","name":"10 C\u00e1psulas Leuchtturm 21,50mm - Mania das Moedas","isPartOf":{"@id":"https:\/\/maniadasmoedas.pt\/#website"},"primaryImageOfPage":{"@id":"https:\/\/maniadasmoedas.pt\/?product=10-capsulas-leuchtturm-2150mm#primaryimage"},"image":{"@id":"https:\/\/maniadasmoedas.pt\/?product=10-capsulas-leuchtturm-2150mm#primaryimage"},"thumbnailUrl":"https:\/\/maniadasmoedas.pt\/wp-content\/uploads\/2021\/05\/10-capsulas-215.fw_-1.png","datePublished":"2021-05-27T17:27:51+00:00","dateModified":"2026-01-12T20:28:57+00:00","description":"Embalagem com 10 c\u00e1psulas da marca Leuchtturm Circunfer\u00eancia interna de 21,50mmPara moedas de 5 C\u00eantimos EAN: 4004117149993","breadcrumb":{"@id":"https:\/\/maniadasmoedas.pt\/?product=10-capsulas-leuchtturm-2150mm#breadcrumb"},"inLanguage":"pt-PT","potentialAction":[{"@type":"ReadAction","target":["https:\/\/maniadasmoedas.pt\/?product=10-capsulas-leuchtturm-2150mm"]}]},{"@type":"ImageObject","inLanguage":"pt-PT","@id":"https:\/\/maniadasmoedas.pt\/?product=10-capsulas-leuchtturm-2150mm#primaryimage","url":"https:\/\/maniadasmoedas.pt\/wp-content\/uploads\/2021\/05\/10-capsulas-215.fw_-1.png","contentUrl":"https:\/\/maniadasmoedas.pt\/wp-content\/uploads\/2021\/05\/10-capsulas-215.fw_-1.png","width":600,"height":600,"caption":"10 C\u00e1psulas Leuchtturm 21,50mm"},{"@type":"BreadcrumbList","@id":"https:\/\/maniadasmoedas.pt\/?product=10-capsulas-leuchtturm-2150mm#breadcrumb","itemListElement":[{"@type":"ListItem","position":1,"name":"In\u00edcio","item":"https:\/\/maniadasmoedas.pt\/"},{"@type":"ListItem","position":2,"name":"Elementor #34262","item":"https:\/\/maniadasmoedas.pt\/?page_id=34262"},{"@type":"ListItem","position":3,"name":"10 C\u00e1psulas Leuchtturm 21,50mm"}]},{"@type":"WebSite","@id":"https:\/\/maniadasmoedas.pt\/#website","url":"https:\/\/maniadasmoedas.pt\/","name":"ManiaDasMoedas","description":"Uma Moeda Nunca Vem S\u00f3!","publisher":{"@id":"https:\/\/maniadasmoedas.pt\/#\/schema\/person\/489ba095c99ab0b617a4e66e2783b41f"},"potentialAction":[{"@type":"SearchAction","target":{"@type":"EntryPoint","urlTemplate":"https:\/\/maniadasmoedas.pt\/?s={search_term_string}"},"query-input":{"@type":"PropertyValueSpecification","valueRequired":true,"valueName":"search_term_string"}}],"inLanguage":"pt-PT"},{"@type":["Person","Organization"],"@id":"https:\/\/maniadasmoedas.pt\/#\/schema\/person\/489ba095c99ab0b617a4e66e2783b41f","name":"AGabriel","image":{"@type":"ImageObject","inLanguage":"pt-PT","@id":"https:\/\/maniadasmoedas.pt\/wp-content\/uploads\/2020\/05\/cropped-logo-site.fw_-2-2.png","url":"https:\/\/maniadasmoedas.pt\/wp-content\/uploads\/2020\/05\/cropped-logo-site.fw_-2-2.png","contentUrl":"https:\/\/maniadasmoedas.pt\/wp-content\/uploads\/2020\/05\/cropped-logo-site.fw_-2-2.png","width":100,"height":100,"caption":"AGabriel"},"logo":{"@id":"https:\/\/maniadasmoedas.pt\/wp-content\/uploads\/2020\/05\/cropped-logo-site.fw_-2-2.png"}}]}},"uagb_featured_image_src":{"full":["https:\/\/maniadasmoedas.pt\/wp-content\/uploads\/2021\/05\/10-capsulas-215.fw_-1.png",600,600,false],"thumbnail":["https:\/\/maniadasmoedas.pt\/wp-content\/uploads\/2021\/05\/10-capsulas-215.fw_-1-150x150.png",150,150,true],"medium":["https:\/\/maniadasmoedas.pt\/wp-content\/uploads\/2021\/05\/10-capsulas-215.fw_-1-300x300.png",300,300,true],"medium_large":["https:\/\/maniadasmoedas.pt\/wp-content\/uploads\/2021\/05\/10-capsulas-215.fw_-1.png",600,600,false],"large":["https:\/\/maniadasmoedas.pt\/wp-content\/uploads\/2021\/05\/10-capsulas-215.fw_-1.png",600,600,false],"rpg_gallery_admin_thumb":["https:\/\/maniadasmoedas.pt\/wp-content\/uploads\/2021\/05\/10-capsulas-215.fw_-1-150x150.png",150,150,true],"rpg_gallery_thumb":["https:\/\/maniadasmoedas.pt\/wp-content\/uploads\/2021\/05\/10-capsulas-215.fw_-1-150x150.png",150,150,true],"1536x1536":["https:\/\/maniadasmoedas.pt\/wp-content\/uploads\/2021\/05\/10-capsulas-215.fw_-1.png",600,600,false],"2048x2048":["https:\/\/maniadasmoedas.pt\/wp-content\/uploads\/2021\/05\/10-capsulas-215.fw_-1.png",600,600,false],"woocommerce_thumbnail":["https:\/\/maniadasmoedas.pt\/wp-content\/uploads\/2021\/05\/10-capsulas-215.fw_-1-320x320.png",320,320,true],"woocommerce_single":["https:\/\/maniadasmoedas.pt\/wp-content\/uploads\/2021\/05\/10-capsulas-215.fw_-1.png",600,600,false],"woocommerce_gallery_thumbnail":["https:\/\/maniadasmoedas.pt\/wp-content\/uploads\/2021\/05\/10-capsulas-215.fw_-1-100x100.png",100,100,true],"thaps-thumb-img":["https:\/\/maniadasmoedas.pt\/wp-content\/uploads\/2021\/05\/10-capsulas-215.fw_-1-48x48.png",48,48,true],"taiowc-thumb-img":["https:\/\/maniadasmoedas.pt\/wp-content\/uploads\/2021\/05\/10-capsulas-215.fw_-1.png",48,48,false]},"uagb_author_info":{"display_name":"AGabriel","author_link":"https:\/\/maniadasmoedas.pt\/?author=0"},"uagb_comment_info":0,"uagb_excerpt":"Embalagem com 10 c\u00e1psulas da marca Leuchtturm Circunfer\u00eancia interna de 21,50mm Para moedas de 5 C\u00eantimos EAN: 4004117149993","jetpack_sharing_enabled":true,"_links":{"self":[{"href":"https:\/\/maniadasmoedas.pt\/index.php?rest_route=\/wp\/v2\/product\/33734","targetHints":{"allow":["GET"]}}],"collection":[{"href":"https:\/\/maniadasmoedas.pt\/index.php?rest_route=\/wp\/v2\/product"}],"about":[{"href":"https:\/\/maniadasmoedas.pt\/index.php?rest_route=\/wp\/v2\/types\/product"}],"replies":[{"embeddable":true,"href":"https:\/\/maniadasmoedas.pt\/index.php?rest_route=%2Fwp%2Fv2%2Fcomments&post=33734"}],"version-history":[{"count":2,"href":"https:\/\/maniadasmoedas.pt\/index.php?rest_route=\/wp\/v2\/product\/33734\/revisions"}],"predecessor-version":[{"id":39872,"href":"https:\/\/maniadasmoedas.pt\/index.php?rest_route=\/wp\/v2\/product\/33734\/revisions\/39872"}],"wp:featuredmedia":[{"embeddable":true,"href":"https:\/\/maniadasmoedas.pt\/index.php?rest_route=\/wp\/v2\/media\/34109"}],"wp:attachment":[{"href":"https:\/\/maniadasmoedas.pt\/index.php?rest_route=%2Fwp%2Fv2%2Fmedia&parent=33734"}],"wp:term":[{"taxonomy":"product_brand","embeddable":true,"href":"https:\/\/maniadasmoedas.pt\/index.php?rest_route=%2Fwp%2Fv2%2Fproduct_brand&post=33734"},{"taxonomy":"product_cat","embeddable":true,"href":"https:\/\/maniadasmoedas.pt\/index.php?rest_route=%2Fwp%2Fv2%2Fproduct_cat&post=33734"},{"taxonomy":"product_tag","embeddable":true,"href":"https:\/\/maniadasmoedas.pt\/index.php?rest_route=%2Fwp%2Fv2%2Fproduct_tag&post=33734"}],"curies":[{"name":"wp","href":"https:\/\/api.w.org\/{rel}","templated":true}]}}