{"id":33457,"date":"2021-04-16T15:21:12","date_gmt":"2021-04-16T15:21:12","guid":{"rendered":"https:\/\/maniadasmoedas.pt\/?post_type=product&#038;p=33457"},"modified":"2025-12-14T23:33:06","modified_gmt":"2025-12-14T23:33:06","slug":"tabuleiro-leuchtturm-com-35-compartimentos-para-capsulas-26mm","status":"publish","type":"product","link":"https:\/\/maniadasmoedas.pt\/?product=tabuleiro-leuchtturm-com-35-compartimentos-para-capsulas-26mm","title":{"rendered":"Tabuleiro Leuchtturm com 35 compartimentos"},"content":{"rendered":"<p>Tabuleiro Leuchtturm com 35 compartimentos para <strong>Capsulas 26mm<\/strong><\/p>\n<p>As barras garantem uma f\u00e1cil remo\u00e7\u00e3o das c\u00e1psulas das moedas.\u00a0As caixas de moedas podem ser expandidas \u00e0 vontade, <strong>s\u00e3o empilh\u00e1veis<\/strong> \u200b\u200be equipadas com<strong> interior aveludado.\u2005<\/strong><\/p>\n<p>Cor: Vermelho Fumo<\/p>\n<p>Tamanho: 236 x 20 x 303 mm<\/p>\n<p>EAN: 4004117185014<\/p>\n<p><iframe hcb-fetch-image-from=\"https:\/\/youtu.be\/8TxUqPfhVYA\" title=\"Mania das moedas\" width=\"640\" height=\"360\" src=\"https:\/\/www.youtube.com\/embed\/8TxUqPfhVYA?feature=oembed\" frameborder=\"0\" allow=\"accelerometer; autoplay; clipboard-write; encrypted-media; gyroscope; picture-in-picture; web-share\" referrerpolicy=\"strict-origin-when-cross-origin\" allowfullscreen><\/iframe><\/p>\n","protected":false},"excerpt":{"rendered":"<p>Tabuleiro Leuchtturm com 35 compartimentos para <strong>Capsulas 26mm<\/strong><\/p>\n<p>As barras garantem uma f\u00e1cil remo\u00e7\u00e3o das c\u00e1psulas das moedas.\u00a0As caixas de moedas podem ser expandidas \u00e0 vontade, <strong>s\u00e3o empilh\u00e1veis<\/strong> \u200b\u200be equipadas com<strong> interior aveludado.\u2005<\/strong><\/p>\n<p>Cor: Vermelho Fumo<\/p>\n<p>Tamanho: 236 x 20 x 303 mm<\/p>\n<p>EAN: 4004117185014<\/p>\n","protected":false},"featured_media":33700,"comment_status":"closed","ping_status":"closed","template":"","meta":{"_acf_changed":false,"_uag_custom_page_level_css":""},"product_brand":[],"product_cat":[68,137,183],"product_tag":[],"class_list":{"0":"post-33457","1":"product","2":"type-product","3":"status-publish","4":"has-post-thumbnail","6":"product_cat-acessorios","7":"product_cat-leuchtturm","8":"product_cat-tabuleiros-acessorios","9":"thunk-woo-product-list","10":"opn-qv-enable","11":"open-woo-hover-","12":"open-single-product-tab-horizontal","13":"open-shadow-","14":"open-shadow-hover-","16":"first","17":"instock","18":"sale","19":"shipping-taxable","20":"purchasable","21":"product-type-simple"},"acf":[],"yoast_head":"<!-- This site is optimized with the Yoast SEO plugin v27.5 - https:\/\/yoast.com\/product\/yoast-seo-wordpress\/ -->\n<title>Tabuleiro Leuchtturm com 35 compartimentos - Mania das Moedas<\/title>\n<meta name=\"description\" content=\"Tabuleiro Leuchtturm com 35 compartimentos para Capsulas 26mm As barras garantem uma f\u00e1cil remo\u00e7\u00e3o das c\u00e1psulas das moedas.\u00a0As caixas de moedas podem ser expandidas \u00e0 vontade, s\u00e3o empilh\u00e1veis \u200b\u200be equipadas com interior aveludado.\u2005\" \/>\n<meta name=\"robots\" content=\"index, follow, max-snippet:-1, max-image-preview:large, max-video-preview:-1\" \/>\n<link rel=\"canonical\" href=\"https:\/\/maniadasmoedas.pt\/?product=tabuleiro-leuchtturm-com-35-compartimentos-para-capsulas-26mm\" \/>\n<meta property=\"og:locale\" content=\"pt_PT\" \/>\n<meta property=\"og:type\" content=\"article\" \/>\n<meta property=\"og:title\" content=\"Tabuleiro Leuchtturm com 35 compartimentos para Capsulas 26mm\" \/>\n<meta property=\"og:description\" content=\"Tabuleiro Leuchtturm com 35 compartimentos para Capsulas 26mm\" \/>\n<meta property=\"og:url\" content=\"https:\/\/maniadasmoedas.pt\/?product=tabuleiro-leuchtturm-com-35-compartimentos-para-capsulas-26mm\" \/>\n<meta property=\"og:site_name\" content=\"Mania das Moedas\" \/>\n<meta property=\"article:modified_time\" content=\"2025-12-14T23:33:06+00:00\" \/>\n<meta property=\"og:image\" content=\"https:\/\/maniadasmoedas.pt\/wp-content\/uploads\/2021\/04\/muenzbox-35-faecher-fuer-caps-26-rauchfarben-1.jpg\" \/>\n\t<meta property=\"og:image:width\" content=\"1640\" \/>\n\t<meta property=\"og:image:height\" content=\"1640\" \/>\n\t<meta property=\"og:image:type\" content=\"image\/jpeg\" \/>\n<meta name=\"twitter:card\" content=\"summary_large_image\" \/>\n<meta name=\"twitter:label1\" content=\"Tempo estimado de leitura\" \/>\n\t<meta name=\"twitter:data1\" content=\"1 minuto\" \/>\n<script type=\"application\/ld+json\" class=\"yoast-schema-graph\">{\"@context\":\"https:\\\/\\\/schema.org\",\"@graph\":[{\"@type\":\"WebPage\",\"@id\":\"https:\\\/\\\/maniadasmoedas.pt\\\/?product=tabuleiro-leuchtturm-com-35-compartimentos-para-capsulas-26mm\",\"url\":\"https:\\\/\\\/maniadasmoedas.pt\\\/?product=tabuleiro-leuchtturm-com-35-compartimentos-para-capsulas-26mm\",\"name\":\"Tabuleiro Leuchtturm com 35 compartimentos - Mania das Moedas\",\"isPartOf\":{\"@id\":\"https:\\\/\\\/maniadasmoedas.pt\\\/#website\"},\"primaryImageOfPage\":{\"@id\":\"https:\\\/\\\/maniadasmoedas.pt\\\/?product=tabuleiro-leuchtturm-com-35-compartimentos-para-capsulas-26mm#primaryimage\"},\"image\":{\"@id\":\"https:\\\/\\\/maniadasmoedas.pt\\\/?product=tabuleiro-leuchtturm-com-35-compartimentos-para-capsulas-26mm#primaryimage\"},\"thumbnailUrl\":\"https:\\\/\\\/maniadasmoedas.pt\\\/wp-content\\\/uploads\\\/2021\\\/04\\\/tabuleiro-2e.jpg\",\"datePublished\":\"2021-04-16T15:21:12+00:00\",\"dateModified\":\"2025-12-14T23:33:06+00:00\",\"description\":\"Tabuleiro Leuchtturm com 35 compartimentos para Capsulas 26mm As barras garantem uma f\u00e1cil remo\u00e7\u00e3o das c\u00e1psulas das moedas.\u00a0As caixas de moedas podem ser expandidas \u00e0 vontade, s\u00e3o empilh\u00e1veis \u200b\u200be equipadas com interior aveludado.\u2005\",\"breadcrumb\":{\"@id\":\"https:\\\/\\\/maniadasmoedas.pt\\\/?product=tabuleiro-leuchtturm-com-35-compartimentos-para-capsulas-26mm#breadcrumb\"},\"inLanguage\":\"pt-PT\",\"potentialAction\":[{\"@type\":\"ReadAction\",\"target\":[\"https:\\\/\\\/maniadasmoedas.pt\\\/?product=tabuleiro-leuchtturm-com-35-compartimentos-para-capsulas-26mm\"]}]},{\"@type\":\"ImageObject\",\"inLanguage\":\"pt-PT\",\"@id\":\"https:\\\/\\\/maniadasmoedas.pt\\\/?product=tabuleiro-leuchtturm-com-35-compartimentos-para-capsulas-26mm#primaryimage\",\"url\":\"https:\\\/\\\/maniadasmoedas.pt\\\/wp-content\\\/uploads\\\/2021\\\/04\\\/tabuleiro-2e.jpg\",\"contentUrl\":\"https:\\\/\\\/maniadasmoedas.pt\\\/wp-content\\\/uploads\\\/2021\\\/04\\\/tabuleiro-2e.jpg\",\"width\":1640,\"height\":1640},{\"@type\":\"BreadcrumbList\",\"@id\":\"https:\\\/\\\/maniadasmoedas.pt\\\/?product=tabuleiro-leuchtturm-com-35-compartimentos-para-capsulas-26mm#breadcrumb\",\"itemListElement\":[{\"@type\":\"ListItem\",\"position\":1,\"name\":\"In\u00edcio\",\"item\":\"https:\\\/\\\/maniadasmoedas.pt\\\/\"},{\"@type\":\"ListItem\",\"position\":2,\"name\":\"Elementor #34262\",\"item\":\"https:\\\/\\\/maniadasmoedas.pt\\\/?page_id=34262\"},{\"@type\":\"ListItem\",\"position\":3,\"name\":\"Tabuleiro Leuchtturm com 35 compartimentos\"}]},{\"@type\":\"WebSite\",\"@id\":\"https:\\\/\\\/maniadasmoedas.pt\\\/#website\",\"url\":\"https:\\\/\\\/maniadasmoedas.pt\\\/\",\"name\":\"ManiaDasMoedas\",\"description\":\"Uma Moeda Nunca Vem S\u00f3!\",\"publisher\":{\"@id\":\"https:\\\/\\\/maniadasmoedas.pt\\\/#\\\/schema\\\/person\\\/489ba095c99ab0b617a4e66e2783b41f\"},\"potentialAction\":[{\"@type\":\"SearchAction\",\"target\":{\"@type\":\"EntryPoint\",\"urlTemplate\":\"https:\\\/\\\/maniadasmoedas.pt\\\/?s={search_term_string}\"},\"query-input\":{\"@type\":\"PropertyValueSpecification\",\"valueRequired\":true,\"valueName\":\"search_term_string\"}}],\"inLanguage\":\"pt-PT\"},{\"@type\":[\"Person\",\"Organization\"],\"@id\":\"https:\\\/\\\/maniadasmoedas.pt\\\/#\\\/schema\\\/person\\\/489ba095c99ab0b617a4e66e2783b41f\",\"name\":\"AGabriel\",\"image\":{\"@type\":\"ImageObject\",\"inLanguage\":\"pt-PT\",\"@id\":\"https:\\\/\\\/maniadasmoedas.pt\\\/wp-content\\\/uploads\\\/2020\\\/05\\\/cropped-logo-site.fw_-2-2.png\",\"url\":\"https:\\\/\\\/maniadasmoedas.pt\\\/wp-content\\\/uploads\\\/2020\\\/05\\\/cropped-logo-site.fw_-2-2.png\",\"contentUrl\":\"https:\\\/\\\/maniadasmoedas.pt\\\/wp-content\\\/uploads\\\/2020\\\/05\\\/cropped-logo-site.fw_-2-2.png\",\"width\":100,\"height\":100,\"caption\":\"AGabriel\"},\"logo\":{\"@id\":\"https:\\\/\\\/maniadasmoedas.pt\\\/wp-content\\\/uploads\\\/2020\\\/05\\\/cropped-logo-site.fw_-2-2.png\"}}]}<\/script>\n<!-- \/ Yoast SEO plugin. -->","yoast_head_json":{"title":"Tabuleiro Leuchtturm com 35 compartimentos - Mania das Moedas","description":"Tabuleiro Leuchtturm com 35 compartimentos para Capsulas 26mm As barras garantem uma f\u00e1cil remo\u00e7\u00e3o das c\u00e1psulas das moedas.\u00a0As caixas de moedas podem ser expandidas \u00e0 vontade, s\u00e3o empilh\u00e1veis \u200b\u200be equipadas com interior aveludado.\u2005","robots":{"index":"index","follow":"follow","max-snippet":"max-snippet:-1","max-image-preview":"max-image-preview:large","max-video-preview":"max-video-preview:-1"},"canonical":"https:\/\/maniadasmoedas.pt\/?product=tabuleiro-leuchtturm-com-35-compartimentos-para-capsulas-26mm","og_locale":"pt_PT","og_type":"article","og_title":"Tabuleiro Leuchtturm com 35 compartimentos para Capsulas 26mm","og_description":"Tabuleiro Leuchtturm com 35 compartimentos para Capsulas 26mm","og_url":"https:\/\/maniadasmoedas.pt\/?product=tabuleiro-leuchtturm-com-35-compartimentos-para-capsulas-26mm","og_site_name":"Mania das Moedas","article_modified_time":"2025-12-14T23:33:06+00:00","og_image":[{"width":1640,"height":1640,"url":"https:\/\/maniadasmoedas.pt\/wp-content\/uploads\/2021\/04\/muenzbox-35-faecher-fuer-caps-26-rauchfarben-1.jpg","type":"image\/jpeg"}],"twitter_card":"summary_large_image","twitter_misc":{"Tempo estimado de leitura":"1 minuto"},"schema":{"@context":"https:\/\/schema.org","@graph":[{"@type":"WebPage","@id":"https:\/\/maniadasmoedas.pt\/?product=tabuleiro-leuchtturm-com-35-compartimentos-para-capsulas-26mm","url":"https:\/\/maniadasmoedas.pt\/?product=tabuleiro-leuchtturm-com-35-compartimentos-para-capsulas-26mm","name":"Tabuleiro Leuchtturm com 35 compartimentos - Mania das Moedas","isPartOf":{"@id":"https:\/\/maniadasmoedas.pt\/#website"},"primaryImageOfPage":{"@id":"https:\/\/maniadasmoedas.pt\/?product=tabuleiro-leuchtturm-com-35-compartimentos-para-capsulas-26mm#primaryimage"},"image":{"@id":"https:\/\/maniadasmoedas.pt\/?product=tabuleiro-leuchtturm-com-35-compartimentos-para-capsulas-26mm#primaryimage"},"thumbnailUrl":"https:\/\/maniadasmoedas.pt\/wp-content\/uploads\/2021\/04\/tabuleiro-2e.jpg","datePublished":"2021-04-16T15:21:12+00:00","dateModified":"2025-12-14T23:33:06+00:00","description":"Tabuleiro Leuchtturm com 35 compartimentos para Capsulas 26mm As barras garantem uma f\u00e1cil remo\u00e7\u00e3o das c\u00e1psulas das moedas.\u00a0As caixas de moedas podem ser expandidas \u00e0 vontade, s\u00e3o empilh\u00e1veis \u200b\u200be equipadas com interior aveludado.\u2005","breadcrumb":{"@id":"https:\/\/maniadasmoedas.pt\/?product=tabuleiro-leuchtturm-com-35-compartimentos-para-capsulas-26mm#breadcrumb"},"inLanguage":"pt-PT","potentialAction":[{"@type":"ReadAction","target":["https:\/\/maniadasmoedas.pt\/?product=tabuleiro-leuchtturm-com-35-compartimentos-para-capsulas-26mm"]}]},{"@type":"ImageObject","inLanguage":"pt-PT","@id":"https:\/\/maniadasmoedas.pt\/?product=tabuleiro-leuchtturm-com-35-compartimentos-para-capsulas-26mm#primaryimage","url":"https:\/\/maniadasmoedas.pt\/wp-content\/uploads\/2021\/04\/tabuleiro-2e.jpg","contentUrl":"https:\/\/maniadasmoedas.pt\/wp-content\/uploads\/2021\/04\/tabuleiro-2e.jpg","width":1640,"height":1640},{"@type":"BreadcrumbList","@id":"https:\/\/maniadasmoedas.pt\/?product=tabuleiro-leuchtturm-com-35-compartimentos-para-capsulas-26mm#breadcrumb","itemListElement":[{"@type":"ListItem","position":1,"name":"In\u00edcio","item":"https:\/\/maniadasmoedas.pt\/"},{"@type":"ListItem","position":2,"name":"Elementor #34262","item":"https:\/\/maniadasmoedas.pt\/?page_id=34262"},{"@type":"ListItem","position":3,"name":"Tabuleiro Leuchtturm com 35 compartimentos"}]},{"@type":"WebSite","@id":"https:\/\/maniadasmoedas.pt\/#website","url":"https:\/\/maniadasmoedas.pt\/","name":"ManiaDasMoedas","description":"Uma Moeda Nunca Vem S\u00f3!","publisher":{"@id":"https:\/\/maniadasmoedas.pt\/#\/schema\/person\/489ba095c99ab0b617a4e66e2783b41f"},"potentialAction":[{"@type":"SearchAction","target":{"@type":"EntryPoint","urlTemplate":"https:\/\/maniadasmoedas.pt\/?s={search_term_string}"},"query-input":{"@type":"PropertyValueSpecification","valueRequired":true,"valueName":"search_term_string"}}],"inLanguage":"pt-PT"},{"@type":["Person","Organization"],"@id":"https:\/\/maniadasmoedas.pt\/#\/schema\/person\/489ba095c99ab0b617a4e66e2783b41f","name":"AGabriel","image":{"@type":"ImageObject","inLanguage":"pt-PT","@id":"https:\/\/maniadasmoedas.pt\/wp-content\/uploads\/2020\/05\/cropped-logo-site.fw_-2-2.png","url":"https:\/\/maniadasmoedas.pt\/wp-content\/uploads\/2020\/05\/cropped-logo-site.fw_-2-2.png","contentUrl":"https:\/\/maniadasmoedas.pt\/wp-content\/uploads\/2020\/05\/cropped-logo-site.fw_-2-2.png","width":100,"height":100,"caption":"AGabriel"},"logo":{"@id":"https:\/\/maniadasmoedas.pt\/wp-content\/uploads\/2020\/05\/cropped-logo-site.fw_-2-2.png"}}]}},"uagb_featured_image_src":{"full":["https:\/\/maniadasmoedas.pt\/wp-content\/uploads\/2021\/04\/tabuleiro-2e.jpg",1640,1640,false],"thumbnail":["https:\/\/maniadasmoedas.pt\/wp-content\/uploads\/2021\/04\/tabuleiro-2e-150x150.jpg",150,150,true],"medium":["https:\/\/maniadasmoedas.pt\/wp-content\/uploads\/2021\/04\/tabuleiro-2e-300x300.jpg",300,300,true],"medium_large":["https:\/\/maniadasmoedas.pt\/wp-content\/uploads\/2021\/04\/tabuleiro-2e-768x768.jpg",640,640,true],"large":["https:\/\/maniadasmoedas.pt\/wp-content\/uploads\/2021\/04\/tabuleiro-2e-1024x1024.jpg",640,640,true],"rpg_gallery_admin_thumb":["https:\/\/maniadasmoedas.pt\/wp-content\/uploads\/2021\/04\/tabuleiro-2e-150x150.jpg",150,150,true],"rpg_gallery_thumb":["https:\/\/maniadasmoedas.pt\/wp-content\/uploads\/2021\/04\/tabuleiro-2e-150x150.jpg",150,150,true],"1536x1536":["https:\/\/maniadasmoedas.pt\/wp-content\/uploads\/2021\/04\/tabuleiro-2e-1536x1536.jpg",1536,1536,true],"2048x2048":["https:\/\/maniadasmoedas.pt\/wp-content\/uploads\/2021\/04\/tabuleiro-2e.jpg",1640,1640,false],"woocommerce_thumbnail":["https:\/\/maniadasmoedas.pt\/wp-content\/uploads\/2021\/04\/tabuleiro-2e-320x320.jpg",320,320,true],"woocommerce_single":["https:\/\/maniadasmoedas.pt\/wp-content\/uploads\/2021\/04\/tabuleiro-2e-600x600.jpg",600,600,true],"woocommerce_gallery_thumbnail":["https:\/\/maniadasmoedas.pt\/wp-content\/uploads\/2021\/04\/tabuleiro-2e-100x100.jpg",100,100,true],"thaps-thumb-img":["https:\/\/maniadasmoedas.pt\/wp-content\/uploads\/2021\/04\/tabuleiro-2e.jpg",48,48,false],"taiowc-thumb-img":["https:\/\/maniadasmoedas.pt\/wp-content\/uploads\/2021\/04\/tabuleiro-2e.jpg",48,48,false]},"uagb_author_info":{"display_name":"AGabriel","author_link":"https:\/\/maniadasmoedas.pt\/?author=0"},"uagb_comment_info":0,"uagb_excerpt":"Tabuleiro Leuchtturm com 35 compartimentos para Capsulas 26mm As barras garantem uma f\u00e1cil remo\u00e7\u00e3o das c\u00e1psulas das moedas.\u00a0As caixas de moedas podem ser expandidas \u00e0 vontade, s\u00e3o empilh\u00e1veis \u200b\u200be equipadas com interior aveludado.\u2005 Cor: Vermelho Fumo Tamanho: 236 x 20 x 303 mm EAN: 4004117185014","jetpack_sharing_enabled":true,"_links":{"self":[{"href":"https:\/\/maniadasmoedas.pt\/index.php?rest_route=\/wp\/v2\/product\/33457","targetHints":{"allow":["GET"]}}],"collection":[{"href":"https:\/\/maniadasmoedas.pt\/index.php?rest_route=\/wp\/v2\/product"}],"about":[{"href":"https:\/\/maniadasmoedas.pt\/index.php?rest_route=\/wp\/v2\/types\/product"}],"replies":[{"embeddable":true,"href":"https:\/\/maniadasmoedas.pt\/index.php?rest_route=%2Fwp%2Fv2%2Fcomments&post=33457"}],"version-history":[{"count":2,"href":"https:\/\/maniadasmoedas.pt\/index.php?rest_route=\/wp\/v2\/product\/33457\/revisions"}],"predecessor-version":[{"id":38480,"href":"https:\/\/maniadasmoedas.pt\/index.php?rest_route=\/wp\/v2\/product\/33457\/revisions\/38480"}],"wp:featuredmedia":[{"embeddable":true,"href":"https:\/\/maniadasmoedas.pt\/index.php?rest_route=\/wp\/v2\/media\/33700"}],"wp:attachment":[{"href":"https:\/\/maniadasmoedas.pt\/index.php?rest_route=%2Fwp%2Fv2%2Fmedia&parent=33457"}],"wp:term":[{"taxonomy":"product_brand","embeddable":true,"href":"https:\/\/maniadasmoedas.pt\/index.php?rest_route=%2Fwp%2Fv2%2Fproduct_brand&post=33457"},{"taxonomy":"product_cat","embeddable":true,"href":"https:\/\/maniadasmoedas.pt\/index.php?rest_route=%2Fwp%2Fv2%2Fproduct_cat&post=33457"},{"taxonomy":"product_tag","embeddable":true,"href":"https:\/\/maniadasmoedas.pt\/index.php?rest_route=%2Fwp%2Fv2%2Fproduct_tag&post=33457"}],"curies":[{"name":"wp","href":"https:\/\/api.w.org\/{rel}","templated":true}]}}