{"id":33317,"date":"2021-02-19T16:22:24","date_gmt":"2021-02-19T16:22:24","guid":{"rendered":"https:\/\/maniadasmoedas.pt\/?post_type=product&#038;p=33317"},"modified":"2024-08-11T21:17:07","modified_gmt":"2024-08-11T21:17:07","slug":"moeda-de-colecao-5e-portugal-2017-ferro-e-vidro","status":"publish","type":"product","link":"https:\/\/maniadasmoedas.pt\/?product=moeda-de-colecao-5e-portugal-2017-ferro-e-vidro","title":{"rendered":"Moeda de Cole\u00e7\u00e3o 5\u20ac Portugal 2017 &#8211; Ferro e Vidro"},"content":{"rendered":"<p>Dando continuidade ao ciclo alusivo \u00e0s \u00abIdades da Europa\u00bb, que reflete alguns dos mais importantes movimentos art\u00edsticos europeus, a s\u00e9rie Europa, em 2017, tem por tema a Idade do Ferro e do Vidro.<br \/>\nA moeda portuguesa, da autoria do designer Eduardo Aires, \u00e9 inspirada na entrada do antigo Pal\u00e1cio de Cristal, no Porto, uma constru\u00e7\u00e3o em granito, ferro e vidro, inaugurada em 1865 e demolida em 1951.<\/p>\n<p>Valor Facial: <span class=\"dark\">5.00 Euros<\/span><\/p>\n<p>Metal: <span class=\"dark\">Cupron\u00edquel<\/span><\/p>\n<p>Di\u00e2metro: <span class=\"dark\">30.00 mm<\/span><\/p>\n<p>Limite de Emiss\u00e3o: <span class=\"dark\">60000<\/span><\/p>\n<p>Peso:<span class=\"dark\">10 g<\/span><\/p>\n","protected":false},"excerpt":{"rendered":"<p>Dando continuidade ao ciclo alusivo \u00e0s \u00abIdades da Europa\u00bb, que reflete alguns dos mais importantes movimentos art\u00edsticos europeus, a s\u00e9rie Europa, em 2017, tem por tema a Idade do Ferro e do Vidro.<br \/>\nA moeda portuguesa, da autoria do designer Eduardo Aires, \u00e9 inspirada na entrada do antigo Pal\u00e1cio de Cristal, no Porto, uma constru\u00e7\u00e3o em granito, ferro e vidro, inaugurada em 1865 e demolida em 1951.<\/p>\n<p>Valor Facial: <span class=\"dark\">5.00 Euros<\/span><\/p>\n<p>Metal: <span class=\"dark\">Cupron\u00edquel<\/span><\/p>\n<p>Di\u00e2metro: <span class=\"dark\">30.00 mm<\/span><\/p>\n<p>Limite de Emiss\u00e3o: <span class=\"dark\">60000<\/span><\/p>\n<p>Peso:<span class=\"dark\">10 g<\/span><\/p>\n","protected":false},"featured_media":33318,"comment_status":"closed","ping_status":"closed","template":"","meta":{"_acf_changed":false,"_uag_custom_page_level_css":""},"product_brand":[],"product_cat":[221,90],"product_tag":[],"class_list":{"0":"post-33317","1":"product","2":"type-product","3":"status-publish","4":"has-post-thumbnail","6":"product_cat-moedas-de-5e","7":"product_cat-portugal","8":"thunk-woo-product-list","9":"opn-qv-enable","10":"open-woo-hover-","11":"open-single-product-tab-horizontal","12":"open-shadow-","13":"open-shadow-hover-","15":"first","16":"instock","17":"shipping-taxable","18":"purchasable","19":"product-type-simple"},"acf":[],"yoast_head":"<!-- This site is optimized with the Yoast SEO plugin v27.4 - https:\/\/yoast.com\/product\/yoast-seo-wordpress\/ -->\n<title>Moeda de Cole\u00e7\u00e3o 5\u20ac Portugal 2017 - Ferro e Vidro - Mania das Moedas<\/title>\n<meta name=\"robots\" content=\"index, follow, max-snippet:-1, max-image-preview:large, max-video-preview:-1\" \/>\n<link rel=\"canonical\" href=\"https:\/\/maniadasmoedas.pt\/?product=moeda-de-colecao-5e-portugal-2017-ferro-e-vidro\" \/>\n<meta property=\"og:locale\" content=\"pt_PT\" \/>\n<meta property=\"og:type\" content=\"article\" \/>\n<meta property=\"og:title\" content=\"Moeda de Cole\u00e7\u00e3o 5\u20ac Portugal 2017 - Ferro e Vidro - Mania das Moedas\" \/>\n<meta property=\"og:description\" content=\"Dando continuidade ao ciclo alusivo \u00e0s \u00abIdades da Europa\u00bb, que reflete alguns dos mais importantes movimentos art\u00edsticos europeus, a s\u00e9rie Europa, em 2017, tem por tema a Idade do Ferro e do Vidro. A moeda portuguesa, da autoria do designer Eduardo Aires, \u00e9 inspirada na entrada do antigo Pal\u00e1cio de Cristal, no Porto, uma constru\u00e7\u00e3o em granito, ferro e vidro, inaugurada em 1865 e demolida em 1951.  Valor Facial: 5.00 Euros  Metal: Cupron\u00edquel  Di\u00e2metro: 30.00 mm  Limite de Emiss\u00e3o: 60000  Peso:10 g\" \/>\n<meta property=\"og:url\" content=\"https:\/\/maniadasmoedas.pt\/?product=moeda-de-colecao-5e-portugal-2017-ferro-e-vidro\" \/>\n<meta property=\"og:site_name\" content=\"Mania das Moedas\" \/>\n<meta property=\"article:modified_time\" content=\"2024-08-11T21:17:07+00:00\" \/>\n<meta property=\"og:image\" content=\"https:\/\/maniadasmoedas.pt\/wp-content\/uploads\/2021\/02\/10310120171020131320848.png\" \/>\n\t<meta property=\"og:image:width\" content=\"600\" \/>\n\t<meta property=\"og:image:height\" content=\"600\" \/>\n\t<meta property=\"og:image:type\" content=\"image\/png\" \/>\n<meta name=\"twitter:card\" content=\"summary_large_image\" \/>\n<meta name=\"twitter:label1\" content=\"Tempo estimado de leitura\" \/>\n\t<meta name=\"twitter:data1\" content=\"1 minuto\" \/>\n<script type=\"application\/ld+json\" class=\"yoast-schema-graph\">{\"@context\":\"https:\\\/\\\/schema.org\",\"@graph\":[{\"@type\":\"WebPage\",\"@id\":\"https:\\\/\\\/maniadasmoedas.pt\\\/?product=moeda-de-colecao-5e-portugal-2017-ferro-e-vidro\",\"url\":\"https:\\\/\\\/maniadasmoedas.pt\\\/?product=moeda-de-colecao-5e-portugal-2017-ferro-e-vidro\",\"name\":\"Moeda de Cole\u00e7\u00e3o 5\u20ac Portugal 2017 - Ferro e Vidro - Mania das Moedas\",\"isPartOf\":{\"@id\":\"https:\\\/\\\/maniadasmoedas.pt\\\/#website\"},\"primaryImageOfPage\":{\"@id\":\"https:\\\/\\\/maniadasmoedas.pt\\\/?product=moeda-de-colecao-5e-portugal-2017-ferro-e-vidro#primaryimage\"},\"image\":{\"@id\":\"https:\\\/\\\/maniadasmoedas.pt\\\/?product=moeda-de-colecao-5e-portugal-2017-ferro-e-vidro#primaryimage\"},\"thumbnailUrl\":\"https:\\\/\\\/maniadasmoedas.pt\\\/wp-content\\\/uploads\\\/2021\\\/02\\\/10310120171020131320848.png\",\"datePublished\":\"2021-02-19T16:22:24+00:00\",\"dateModified\":\"2024-08-11T21:17:07+00:00\",\"breadcrumb\":{\"@id\":\"https:\\\/\\\/maniadasmoedas.pt\\\/?product=moeda-de-colecao-5e-portugal-2017-ferro-e-vidro#breadcrumb\"},\"inLanguage\":\"pt-PT\",\"potentialAction\":[{\"@type\":\"ReadAction\",\"target\":[\"https:\\\/\\\/maniadasmoedas.pt\\\/?product=moeda-de-colecao-5e-portugal-2017-ferro-e-vidro\"]}]},{\"@type\":\"ImageObject\",\"inLanguage\":\"pt-PT\",\"@id\":\"https:\\\/\\\/maniadasmoedas.pt\\\/?product=moeda-de-colecao-5e-portugal-2017-ferro-e-vidro#primaryimage\",\"url\":\"https:\\\/\\\/maniadasmoedas.pt\\\/wp-content\\\/uploads\\\/2021\\\/02\\\/10310120171020131320848.png\",\"contentUrl\":\"https:\\\/\\\/maniadasmoedas.pt\\\/wp-content\\\/uploads\\\/2021\\\/02\\\/10310120171020131320848.png\",\"width\":600,\"height\":600},{\"@type\":\"BreadcrumbList\",\"@id\":\"https:\\\/\\\/maniadasmoedas.pt\\\/?product=moeda-de-colecao-5e-portugal-2017-ferro-e-vidro#breadcrumb\",\"itemListElement\":[{\"@type\":\"ListItem\",\"position\":1,\"name\":\"In\u00edcio\",\"item\":\"https:\\\/\\\/maniadasmoedas.pt\\\/\"},{\"@type\":\"ListItem\",\"position\":2,\"name\":\"Elementor #34262\",\"item\":\"https:\\\/\\\/maniadasmoedas.pt\\\/?page_id=34262\"},{\"@type\":\"ListItem\",\"position\":3,\"name\":\"Moeda de Cole\u00e7\u00e3o 5\u20ac Portugal 2017 &#8211; Ferro e Vidro\"}]},{\"@type\":\"WebSite\",\"@id\":\"https:\\\/\\\/maniadasmoedas.pt\\\/#website\",\"url\":\"https:\\\/\\\/maniadasmoedas.pt\\\/\",\"name\":\"ManiaDasMoedas\",\"description\":\"Uma Moeda Nunca Vem S\u00f3!\",\"publisher\":{\"@id\":\"https:\\\/\\\/maniadasmoedas.pt\\\/#\\\/schema\\\/person\\\/489ba095c99ab0b617a4e66e2783b41f\"},\"potentialAction\":[{\"@type\":\"SearchAction\",\"target\":{\"@type\":\"EntryPoint\",\"urlTemplate\":\"https:\\\/\\\/maniadasmoedas.pt\\\/?s={search_term_string}\"},\"query-input\":{\"@type\":\"PropertyValueSpecification\",\"valueRequired\":true,\"valueName\":\"search_term_string\"}}],\"inLanguage\":\"pt-PT\"},{\"@type\":[\"Person\",\"Organization\"],\"@id\":\"https:\\\/\\\/maniadasmoedas.pt\\\/#\\\/schema\\\/person\\\/489ba095c99ab0b617a4e66e2783b41f\",\"name\":\"AGabriel\",\"image\":{\"@type\":\"ImageObject\",\"inLanguage\":\"pt-PT\",\"@id\":\"https:\\\/\\\/maniadasmoedas.pt\\\/wp-content\\\/uploads\\\/2020\\\/05\\\/cropped-logo-site.fw_-2-2.png\",\"url\":\"https:\\\/\\\/maniadasmoedas.pt\\\/wp-content\\\/uploads\\\/2020\\\/05\\\/cropped-logo-site.fw_-2-2.png\",\"contentUrl\":\"https:\\\/\\\/maniadasmoedas.pt\\\/wp-content\\\/uploads\\\/2020\\\/05\\\/cropped-logo-site.fw_-2-2.png\",\"width\":100,\"height\":100,\"caption\":\"AGabriel\"},\"logo\":{\"@id\":\"https:\\\/\\\/maniadasmoedas.pt\\\/wp-content\\\/uploads\\\/2020\\\/05\\\/cropped-logo-site.fw_-2-2.png\"}}]}<\/script>\n<!-- \/ Yoast SEO plugin. -->","yoast_head_json":{"title":"Moeda de Cole\u00e7\u00e3o 5\u20ac Portugal 2017 - Ferro e Vidro - Mania das Moedas","robots":{"index":"index","follow":"follow","max-snippet":"max-snippet:-1","max-image-preview":"max-image-preview:large","max-video-preview":"max-video-preview:-1"},"canonical":"https:\/\/maniadasmoedas.pt\/?product=moeda-de-colecao-5e-portugal-2017-ferro-e-vidro","og_locale":"pt_PT","og_type":"article","og_title":"Moeda de Cole\u00e7\u00e3o 5\u20ac Portugal 2017 - Ferro e Vidro - Mania das Moedas","og_description":"Dando continuidade ao ciclo alusivo \u00e0s \u00abIdades da Europa\u00bb, que reflete alguns dos mais importantes movimentos art\u00edsticos europeus, a s\u00e9rie Europa, em 2017, tem por tema a Idade do Ferro e do Vidro. A moeda portuguesa, da autoria do designer Eduardo Aires, \u00e9 inspirada na entrada do antigo Pal\u00e1cio de Cristal, no Porto, uma constru\u00e7\u00e3o em granito, ferro e vidro, inaugurada em 1865 e demolida em 1951.  Valor Facial: 5.00 Euros  Metal: Cupron\u00edquel  Di\u00e2metro: 30.00 mm  Limite de Emiss\u00e3o: 60000  Peso:10 g","og_url":"https:\/\/maniadasmoedas.pt\/?product=moeda-de-colecao-5e-portugal-2017-ferro-e-vidro","og_site_name":"Mania das Moedas","article_modified_time":"2024-08-11T21:17:07+00:00","og_image":[{"width":600,"height":600,"url":"https:\/\/maniadasmoedas.pt\/wp-content\/uploads\/2021\/02\/10310120171020131320848.png","type":"image\/png"}],"twitter_card":"summary_large_image","twitter_misc":{"Tempo estimado de leitura":"1 minuto"},"schema":{"@context":"https:\/\/schema.org","@graph":[{"@type":"WebPage","@id":"https:\/\/maniadasmoedas.pt\/?product=moeda-de-colecao-5e-portugal-2017-ferro-e-vidro","url":"https:\/\/maniadasmoedas.pt\/?product=moeda-de-colecao-5e-portugal-2017-ferro-e-vidro","name":"Moeda de Cole\u00e7\u00e3o 5\u20ac Portugal 2017 - Ferro e Vidro - Mania das Moedas","isPartOf":{"@id":"https:\/\/maniadasmoedas.pt\/#website"},"primaryImageOfPage":{"@id":"https:\/\/maniadasmoedas.pt\/?product=moeda-de-colecao-5e-portugal-2017-ferro-e-vidro#primaryimage"},"image":{"@id":"https:\/\/maniadasmoedas.pt\/?product=moeda-de-colecao-5e-portugal-2017-ferro-e-vidro#primaryimage"},"thumbnailUrl":"https:\/\/maniadasmoedas.pt\/wp-content\/uploads\/2021\/02\/10310120171020131320848.png","datePublished":"2021-02-19T16:22:24+00:00","dateModified":"2024-08-11T21:17:07+00:00","breadcrumb":{"@id":"https:\/\/maniadasmoedas.pt\/?product=moeda-de-colecao-5e-portugal-2017-ferro-e-vidro#breadcrumb"},"inLanguage":"pt-PT","potentialAction":[{"@type":"ReadAction","target":["https:\/\/maniadasmoedas.pt\/?product=moeda-de-colecao-5e-portugal-2017-ferro-e-vidro"]}]},{"@type":"ImageObject","inLanguage":"pt-PT","@id":"https:\/\/maniadasmoedas.pt\/?product=moeda-de-colecao-5e-portugal-2017-ferro-e-vidro#primaryimage","url":"https:\/\/maniadasmoedas.pt\/wp-content\/uploads\/2021\/02\/10310120171020131320848.png","contentUrl":"https:\/\/maniadasmoedas.pt\/wp-content\/uploads\/2021\/02\/10310120171020131320848.png","width":600,"height":600},{"@type":"BreadcrumbList","@id":"https:\/\/maniadasmoedas.pt\/?product=moeda-de-colecao-5e-portugal-2017-ferro-e-vidro#breadcrumb","itemListElement":[{"@type":"ListItem","position":1,"name":"In\u00edcio","item":"https:\/\/maniadasmoedas.pt\/"},{"@type":"ListItem","position":2,"name":"Elementor #34262","item":"https:\/\/maniadasmoedas.pt\/?page_id=34262"},{"@type":"ListItem","position":3,"name":"Moeda de Cole\u00e7\u00e3o 5\u20ac Portugal 2017 &#8211; Ferro e Vidro"}]},{"@type":"WebSite","@id":"https:\/\/maniadasmoedas.pt\/#website","url":"https:\/\/maniadasmoedas.pt\/","name":"ManiaDasMoedas","description":"Uma Moeda Nunca Vem S\u00f3!","publisher":{"@id":"https:\/\/maniadasmoedas.pt\/#\/schema\/person\/489ba095c99ab0b617a4e66e2783b41f"},"potentialAction":[{"@type":"SearchAction","target":{"@type":"EntryPoint","urlTemplate":"https:\/\/maniadasmoedas.pt\/?s={search_term_string}"},"query-input":{"@type":"PropertyValueSpecification","valueRequired":true,"valueName":"search_term_string"}}],"inLanguage":"pt-PT"},{"@type":["Person","Organization"],"@id":"https:\/\/maniadasmoedas.pt\/#\/schema\/person\/489ba095c99ab0b617a4e66e2783b41f","name":"AGabriel","image":{"@type":"ImageObject","inLanguage":"pt-PT","@id":"https:\/\/maniadasmoedas.pt\/wp-content\/uploads\/2020\/05\/cropped-logo-site.fw_-2-2.png","url":"https:\/\/maniadasmoedas.pt\/wp-content\/uploads\/2020\/05\/cropped-logo-site.fw_-2-2.png","contentUrl":"https:\/\/maniadasmoedas.pt\/wp-content\/uploads\/2020\/05\/cropped-logo-site.fw_-2-2.png","width":100,"height":100,"caption":"AGabriel"},"logo":{"@id":"https:\/\/maniadasmoedas.pt\/wp-content\/uploads\/2020\/05\/cropped-logo-site.fw_-2-2.png"}}]}},"uagb_featured_image_src":{"full":["https:\/\/maniadasmoedas.pt\/wp-content\/uploads\/2021\/02\/10310120171020131320848.png",600,600,false],"thumbnail":["https:\/\/maniadasmoedas.pt\/wp-content\/uploads\/2021\/02\/10310120171020131320848-150x150.png",150,150,true],"medium":["https:\/\/maniadasmoedas.pt\/wp-content\/uploads\/2021\/02\/10310120171020131320848-300x300.png",300,300,true],"medium_large":["https:\/\/maniadasmoedas.pt\/wp-content\/uploads\/2021\/02\/10310120171020131320848.png",600,600,false],"large":["https:\/\/maniadasmoedas.pt\/wp-content\/uploads\/2021\/02\/10310120171020131320848.png",600,600,false],"rpg_gallery_admin_thumb":["https:\/\/maniadasmoedas.pt\/wp-content\/uploads\/2021\/02\/10310120171020131320848-150x150.png",150,150,true],"rpg_gallery_thumb":["https:\/\/maniadasmoedas.pt\/wp-content\/uploads\/2021\/02\/10310120171020131320848-150x150.png",150,150,true],"1536x1536":["https:\/\/maniadasmoedas.pt\/wp-content\/uploads\/2021\/02\/10310120171020131320848.png",600,600,false],"2048x2048":["https:\/\/maniadasmoedas.pt\/wp-content\/uploads\/2021\/02\/10310120171020131320848.png",600,600,false],"woocommerce_thumbnail":["https:\/\/maniadasmoedas.pt\/wp-content\/uploads\/2021\/02\/10310120171020131320848-320x320.png",320,320,true],"woocommerce_single":["https:\/\/maniadasmoedas.pt\/wp-content\/uploads\/2021\/02\/10310120171020131320848.png",600,600,false],"woocommerce_gallery_thumbnail":["https:\/\/maniadasmoedas.pt\/wp-content\/uploads\/2021\/02\/10310120171020131320848-100x100.png",100,100,true],"thaps-thumb-img":["https:\/\/maniadasmoedas.pt\/wp-content\/uploads\/2021\/02\/10310120171020131320848.png",48,48,false],"taiowc-thumb-img":["https:\/\/maniadasmoedas.pt\/wp-content\/uploads\/2021\/02\/10310120171020131320848.png",48,48,false]},"uagb_author_info":{"display_name":"AGabriel","author_link":"https:\/\/maniadasmoedas.pt\/?author=0"},"uagb_comment_info":0,"uagb_excerpt":"Dando continuidade ao ciclo alusivo \u00e0s \u00abIdades da Europa\u00bb, que reflete alguns dos mais importantes movimentos art\u00edsticos europeus, a s\u00e9rie Europa, em 2017, tem por tema a Idade do Ferro e do Vidro. A moeda portuguesa, da autoria do designer Eduardo Aires, \u00e9 inspirada na entrada do antigo Pal\u00e1cio de Cristal, no Porto, uma constru\u00e7\u00e3o&hellip;","jetpack_sharing_enabled":true,"_links":{"self":[{"href":"https:\/\/maniadasmoedas.pt\/index.php?rest_route=\/wp\/v2\/product\/33317","targetHints":{"allow":["GET"]}}],"collection":[{"href":"https:\/\/maniadasmoedas.pt\/index.php?rest_route=\/wp\/v2\/product"}],"about":[{"href":"https:\/\/maniadasmoedas.pt\/index.php?rest_route=\/wp\/v2\/types\/product"}],"replies":[{"embeddable":true,"href":"https:\/\/maniadasmoedas.pt\/index.php?rest_route=%2Fwp%2Fv2%2Fcomments&post=33317"}],"version-history":[{"count":1,"href":"https:\/\/maniadasmoedas.pt\/index.php?rest_route=\/wp\/v2\/product\/33317\/revisions"}],"predecessor-version":[{"id":38432,"href":"https:\/\/maniadasmoedas.pt\/index.php?rest_route=\/wp\/v2\/product\/33317\/revisions\/38432"}],"wp:featuredmedia":[{"embeddable":true,"href":"https:\/\/maniadasmoedas.pt\/index.php?rest_route=\/wp\/v2\/media\/33318"}],"wp:attachment":[{"href":"https:\/\/maniadasmoedas.pt\/index.php?rest_route=%2Fwp%2Fv2%2Fmedia&parent=33317"}],"wp:term":[{"taxonomy":"product_brand","embeddable":true,"href":"https:\/\/maniadasmoedas.pt\/index.php?rest_route=%2Fwp%2Fv2%2Fproduct_brand&post=33317"},{"taxonomy":"product_cat","embeddable":true,"href":"https:\/\/maniadasmoedas.pt\/index.php?rest_route=%2Fwp%2Fv2%2Fproduct_cat&post=33317"},{"taxonomy":"product_tag","embeddable":true,"href":"https:\/\/maniadasmoedas.pt\/index.php?rest_route=%2Fwp%2Fv2%2Fproduct_tag&post=33317"}],"curies":[{"name":"wp","href":"https:\/\/api.w.org\/{rel}","templated":true}]}}