{"id":33174,"date":"2021-01-22T17:08:15","date_gmt":"2021-01-22T17:08:15","guid":{"rendered":"https:\/\/maniadasmoedas.pt\/?post_type=product&#038;p=33174"},"modified":"2022-02-06T19:26:54","modified_gmt":"2022-02-06T19:26:54","slug":"caixa-para-35-moedas-volterra-leuchtturm","status":"publish","type":"product","link":"https:\/\/maniadasmoedas.pt\/?product=caixa-para-35-moedas-volterra-leuchtturm","title":{"rendered":"Caixa para 35 moedas VOLTERRA LEUCHTTURM"},"content":{"rendered":"<p>Caixa para moedas VOLTERRA UNO de Luxe para 2 moedas de euro em c\u00e1psulas. Caixa para moedas de alta qualidade em madeira de gr\u00e3o de mogno, almofada da tampa com seda azul, elaborado relevo da tampa. Inlay com superf\u00edcie aveludada para um total de 35 moedas de 2 euros em c\u00e1psulas. 5 x 7 campos redondos (\u00d8 32 mm). Dimens\u00e3o externa: 305 x 30 x 245 mm.<br \/>\nC\u00e1psulas n\u00e3o inclu\u00eddas.<\/p>\n","protected":false},"excerpt":{"rendered":"<p>Caixa para moedas VOLTERRA UNO de Luxe para 2 moedas de euro em c\u00e1psulas. Caixa para moedas de alta qualidade em madeira de gr\u00e3o de mogno, almofada da tampa com seda azul, elaborado relevo da tampa. Inlay com superf\u00edcie aveludada para um total de 35 moedas de 2 euros em c\u00e1psulas. 5 x 7 campos redondos (\u00d8 32 mm). Dimens\u00e3o externa: 305 x 30 x 245 mm.<br \/>\nC\u00e1psulas n\u00e3o inclu\u00eddas.<\/p>\n","protected":false},"featured_media":33175,"comment_status":"closed","ping_status":"closed","template":"","meta":{"_acf_changed":false,"_uag_custom_page_level_css":""},"product_brand":[],"product_cat":[68,70,137],"product_tag":[],"class_list":{"0":"post-33174","1":"product","2":"type-product","3":"status-publish","4":"has-post-thumbnail","6":"product_cat-acessorios","7":"product_cat-caixas","8":"product_cat-leuchtturm","9":"thunk-woo-product-list","10":"opn-qv-enable","11":"open-woo-hover-","12":"open-single-product-tab-horizontal","13":"open-shadow-","14":"open-shadow-hover-","16":"first","17":"outofstock","18":"sale","19":"shipping-taxable","20":"purchasable","21":"product-type-simple"},"acf":[],"yoast_head":"<!-- This site is optimized with the Yoast SEO plugin v27.5 - https:\/\/yoast.com\/product\/yoast-seo-wordpress\/ -->\n<title>Caixa para 35 moedas VOLTERRA LEUCHTTURM - Mania das Moedas<\/title>\n<meta name=\"description\" content=\"Caixa para moedas VOLTERRA UNO de Luxe para 2 moedas de euro em c\u00e1psulas. Caixa para moedas de alta qualidade em madeira de gr\u00e3o de mogno, almofada da tampa com seda azul, elaborado relevo da tampa. Inlay com superf\u00edcie aveludada para um total de 35 moedas de 2 euros em c\u00e1psulas. 5 x 7 campos redondos (\u00d8 32 mm). Dimens\u00e3o externa: 305 x 30 x 245 mm.\" \/>\n<meta name=\"robots\" content=\"index, follow, max-snippet:-1, max-image-preview:large, max-video-preview:-1\" \/>\n<link rel=\"canonical\" href=\"https:\/\/maniadasmoedas.pt\/?product=caixa-para-35-moedas-volterra-leuchtturm\" \/>\n<meta property=\"og:locale\" content=\"pt_PT\" \/>\n<meta property=\"og:type\" content=\"article\" \/>\n<meta property=\"og:title\" content=\"Caixa para 35 moedas VOLTERRA LEUCHTTURM - Mania das Moedas\" \/>\n<meta property=\"og:description\" content=\"Caixa para moedas VOLTERRA UNO de Luxe para 2 moedas de euro em c\u00e1psulas. Caixa para moedas de alta qualidade em madeira de gr\u00e3o de mogno, almofada da tampa com seda azul, elaborado relevo da tampa. Inlay com superf\u00edcie aveludada para um total de 35 moedas de 2 euros em c\u00e1psulas. 5 x 7 campos redondos (\u00d8 32 mm). Dimens\u00e3o externa: 305 x 30 x 245 mm.\" \/>\n<meta property=\"og:url\" content=\"https:\/\/maniadasmoedas.pt\/?product=caixa-para-35-moedas-volterra-leuchtturm\" \/>\n<meta property=\"og:site_name\" content=\"Mania das Moedas\" \/>\n<meta property=\"article:modified_time\" content=\"2022-02-06T19:26:54+00:00\" \/>\n<meta property=\"og:image\" content=\"https:\/\/maniadasmoedas.pt\/wp-content\/uploads\/2021\/01\/presentation-case-volterra-uno-de-luxe-for-35-coins-in-capsules-up-to-26-mm-o.jpg\" \/>\n\t<meta property=\"og:image:width\" content=\"1640\" \/>\n\t<meta property=\"og:image:height\" content=\"1640\" \/>\n\t<meta property=\"og:image:type\" content=\"image\/jpeg\" \/>\n<meta name=\"twitter:card\" content=\"summary_large_image\" \/>\n<script type=\"application\/ld+json\" class=\"yoast-schema-graph\">{\"@context\":\"https:\\\/\\\/schema.org\",\"@graph\":[{\"@type\":\"WebPage\",\"@id\":\"https:\\\/\\\/maniadasmoedas.pt\\\/?product=caixa-para-35-moedas-volterra-leuchtturm\",\"url\":\"https:\\\/\\\/maniadasmoedas.pt\\\/?product=caixa-para-35-moedas-volterra-leuchtturm\",\"name\":\"Caixa para 35 moedas VOLTERRA LEUCHTTURM - Mania das Moedas\",\"isPartOf\":{\"@id\":\"https:\\\/\\\/maniadasmoedas.pt\\\/#website\"},\"primaryImageOfPage\":{\"@id\":\"https:\\\/\\\/maniadasmoedas.pt\\\/?product=caixa-para-35-moedas-volterra-leuchtturm#primaryimage\"},\"image\":{\"@id\":\"https:\\\/\\\/maniadasmoedas.pt\\\/?product=caixa-para-35-moedas-volterra-leuchtturm#primaryimage\"},\"thumbnailUrl\":\"https:\\\/\\\/maniadasmoedas.pt\\\/wp-content\\\/uploads\\\/2021\\\/01\\\/presentation-case-volterra-uno-de-luxe-for-35-coins-in-capsules-up-to-26-mm-o.jpg\",\"datePublished\":\"2021-01-22T17:08:15+00:00\",\"dateModified\":\"2022-02-06T19:26:54+00:00\",\"description\":\"Caixa para moedas VOLTERRA UNO de Luxe para 2 moedas de euro em c\u00e1psulas. Caixa para moedas de alta qualidade em madeira de gr\u00e3o de mogno, almofada da tampa com seda azul, elaborado relevo da tampa. Inlay com superf\u00edcie aveludada para um total de 35 moedas de 2 euros em c\u00e1psulas. 5 x 7 campos redondos (\u00d8 32 mm). Dimens\u00e3o externa: 305 x 30 x 245 mm.\",\"breadcrumb\":{\"@id\":\"https:\\\/\\\/maniadasmoedas.pt\\\/?product=caixa-para-35-moedas-volterra-leuchtturm#breadcrumb\"},\"inLanguage\":\"pt-PT\",\"potentialAction\":[{\"@type\":\"ReadAction\",\"target\":[\"https:\\\/\\\/maniadasmoedas.pt\\\/?product=caixa-para-35-moedas-volterra-leuchtturm\"]}]},{\"@type\":\"ImageObject\",\"inLanguage\":\"pt-PT\",\"@id\":\"https:\\\/\\\/maniadasmoedas.pt\\\/?product=caixa-para-35-moedas-volterra-leuchtturm#primaryimage\",\"url\":\"https:\\\/\\\/maniadasmoedas.pt\\\/wp-content\\\/uploads\\\/2021\\\/01\\\/presentation-case-volterra-uno-de-luxe-for-35-coins-in-capsules-up-to-26-mm-o.jpg\",\"contentUrl\":\"https:\\\/\\\/maniadasmoedas.pt\\\/wp-content\\\/uploads\\\/2021\\\/01\\\/presentation-case-volterra-uno-de-luxe-for-35-coins-in-capsules-up-to-26-mm-o.jpg\",\"width\":1640,\"height\":1640},{\"@type\":\"BreadcrumbList\",\"@id\":\"https:\\\/\\\/maniadasmoedas.pt\\\/?product=caixa-para-35-moedas-volterra-leuchtturm#breadcrumb\",\"itemListElement\":[{\"@type\":\"ListItem\",\"position\":1,\"name\":\"In\u00edcio\",\"item\":\"https:\\\/\\\/maniadasmoedas.pt\\\/\"},{\"@type\":\"ListItem\",\"position\":2,\"name\":\"Elementor #34262\",\"item\":\"https:\\\/\\\/maniadasmoedas.pt\\\/?page_id=34262\"},{\"@type\":\"ListItem\",\"position\":3,\"name\":\"Caixa para 35 moedas VOLTERRA LEUCHTTURM\"}]},{\"@type\":\"WebSite\",\"@id\":\"https:\\\/\\\/maniadasmoedas.pt\\\/#website\",\"url\":\"https:\\\/\\\/maniadasmoedas.pt\\\/\",\"name\":\"ManiaDasMoedas\",\"description\":\"Uma Moeda Nunca Vem S\u00f3!\",\"publisher\":{\"@id\":\"https:\\\/\\\/maniadasmoedas.pt\\\/#\\\/schema\\\/person\\\/489ba095c99ab0b617a4e66e2783b41f\"},\"potentialAction\":[{\"@type\":\"SearchAction\",\"target\":{\"@type\":\"EntryPoint\",\"urlTemplate\":\"https:\\\/\\\/maniadasmoedas.pt\\\/?s={search_term_string}\"},\"query-input\":{\"@type\":\"PropertyValueSpecification\",\"valueRequired\":true,\"valueName\":\"search_term_string\"}}],\"inLanguage\":\"pt-PT\"},{\"@type\":[\"Person\",\"Organization\"],\"@id\":\"https:\\\/\\\/maniadasmoedas.pt\\\/#\\\/schema\\\/person\\\/489ba095c99ab0b617a4e66e2783b41f\",\"name\":\"AGabriel\",\"image\":{\"@type\":\"ImageObject\",\"inLanguage\":\"pt-PT\",\"@id\":\"https:\\\/\\\/maniadasmoedas.pt\\\/wp-content\\\/uploads\\\/2020\\\/05\\\/cropped-logo-site.fw_-2-2.png\",\"url\":\"https:\\\/\\\/maniadasmoedas.pt\\\/wp-content\\\/uploads\\\/2020\\\/05\\\/cropped-logo-site.fw_-2-2.png\",\"contentUrl\":\"https:\\\/\\\/maniadasmoedas.pt\\\/wp-content\\\/uploads\\\/2020\\\/05\\\/cropped-logo-site.fw_-2-2.png\",\"width\":100,\"height\":100,\"caption\":\"AGabriel\"},\"logo\":{\"@id\":\"https:\\\/\\\/maniadasmoedas.pt\\\/wp-content\\\/uploads\\\/2020\\\/05\\\/cropped-logo-site.fw_-2-2.png\"}}]}<\/script>\n<!-- \/ Yoast SEO plugin. -->","yoast_head_json":{"title":"Caixa para 35 moedas VOLTERRA LEUCHTTURM - Mania das Moedas","description":"Caixa para moedas VOLTERRA UNO de Luxe para 2 moedas de euro em c\u00e1psulas. Caixa para moedas de alta qualidade em madeira de gr\u00e3o de mogno, almofada da tampa com seda azul, elaborado relevo da tampa. Inlay com superf\u00edcie aveludada para um total de 35 moedas de 2 euros em c\u00e1psulas. 5 x 7 campos redondos (\u00d8 32 mm). Dimens\u00e3o externa: 305 x 30 x 245 mm.","robots":{"index":"index","follow":"follow","max-snippet":"max-snippet:-1","max-image-preview":"max-image-preview:large","max-video-preview":"max-video-preview:-1"},"canonical":"https:\/\/maniadasmoedas.pt\/?product=caixa-para-35-moedas-volterra-leuchtturm","og_locale":"pt_PT","og_type":"article","og_title":"Caixa para 35 moedas VOLTERRA LEUCHTTURM - Mania das Moedas","og_description":"Caixa para moedas VOLTERRA UNO de Luxe para 2 moedas de euro em c\u00e1psulas. Caixa para moedas de alta qualidade em madeira de gr\u00e3o de mogno, almofada da tampa com seda azul, elaborado relevo da tampa. Inlay com superf\u00edcie aveludada para um total de 35 moedas de 2 euros em c\u00e1psulas. 5 x 7 campos redondos (\u00d8 32 mm). Dimens\u00e3o externa: 305 x 30 x 245 mm.","og_url":"https:\/\/maniadasmoedas.pt\/?product=caixa-para-35-moedas-volterra-leuchtturm","og_site_name":"Mania das Moedas","article_modified_time":"2022-02-06T19:26:54+00:00","og_image":[{"width":1640,"height":1640,"url":"https:\/\/maniadasmoedas.pt\/wp-content\/uploads\/2021\/01\/presentation-case-volterra-uno-de-luxe-for-35-coins-in-capsules-up-to-26-mm-o.jpg","type":"image\/jpeg"}],"twitter_card":"summary_large_image","schema":{"@context":"https:\/\/schema.org","@graph":[{"@type":"WebPage","@id":"https:\/\/maniadasmoedas.pt\/?product=caixa-para-35-moedas-volterra-leuchtturm","url":"https:\/\/maniadasmoedas.pt\/?product=caixa-para-35-moedas-volterra-leuchtturm","name":"Caixa para 35 moedas VOLTERRA LEUCHTTURM - Mania das Moedas","isPartOf":{"@id":"https:\/\/maniadasmoedas.pt\/#website"},"primaryImageOfPage":{"@id":"https:\/\/maniadasmoedas.pt\/?product=caixa-para-35-moedas-volterra-leuchtturm#primaryimage"},"image":{"@id":"https:\/\/maniadasmoedas.pt\/?product=caixa-para-35-moedas-volterra-leuchtturm#primaryimage"},"thumbnailUrl":"https:\/\/maniadasmoedas.pt\/wp-content\/uploads\/2021\/01\/presentation-case-volterra-uno-de-luxe-for-35-coins-in-capsules-up-to-26-mm-o.jpg","datePublished":"2021-01-22T17:08:15+00:00","dateModified":"2022-02-06T19:26:54+00:00","description":"Caixa para moedas VOLTERRA UNO de Luxe para 2 moedas de euro em c\u00e1psulas. Caixa para moedas de alta qualidade em madeira de gr\u00e3o de mogno, almofada da tampa com seda azul, elaborado relevo da tampa. Inlay com superf\u00edcie aveludada para um total de 35 moedas de 2 euros em c\u00e1psulas. 5 x 7 campos redondos (\u00d8 32 mm). Dimens\u00e3o externa: 305 x 30 x 245 mm.","breadcrumb":{"@id":"https:\/\/maniadasmoedas.pt\/?product=caixa-para-35-moedas-volterra-leuchtturm#breadcrumb"},"inLanguage":"pt-PT","potentialAction":[{"@type":"ReadAction","target":["https:\/\/maniadasmoedas.pt\/?product=caixa-para-35-moedas-volterra-leuchtturm"]}]},{"@type":"ImageObject","inLanguage":"pt-PT","@id":"https:\/\/maniadasmoedas.pt\/?product=caixa-para-35-moedas-volterra-leuchtturm#primaryimage","url":"https:\/\/maniadasmoedas.pt\/wp-content\/uploads\/2021\/01\/presentation-case-volterra-uno-de-luxe-for-35-coins-in-capsules-up-to-26-mm-o.jpg","contentUrl":"https:\/\/maniadasmoedas.pt\/wp-content\/uploads\/2021\/01\/presentation-case-volterra-uno-de-luxe-for-35-coins-in-capsules-up-to-26-mm-o.jpg","width":1640,"height":1640},{"@type":"BreadcrumbList","@id":"https:\/\/maniadasmoedas.pt\/?product=caixa-para-35-moedas-volterra-leuchtturm#breadcrumb","itemListElement":[{"@type":"ListItem","position":1,"name":"In\u00edcio","item":"https:\/\/maniadasmoedas.pt\/"},{"@type":"ListItem","position":2,"name":"Elementor #34262","item":"https:\/\/maniadasmoedas.pt\/?page_id=34262"},{"@type":"ListItem","position":3,"name":"Caixa para 35 moedas VOLTERRA LEUCHTTURM"}]},{"@type":"WebSite","@id":"https:\/\/maniadasmoedas.pt\/#website","url":"https:\/\/maniadasmoedas.pt\/","name":"ManiaDasMoedas","description":"Uma Moeda Nunca Vem S\u00f3!","publisher":{"@id":"https:\/\/maniadasmoedas.pt\/#\/schema\/person\/489ba095c99ab0b617a4e66e2783b41f"},"potentialAction":[{"@type":"SearchAction","target":{"@type":"EntryPoint","urlTemplate":"https:\/\/maniadasmoedas.pt\/?s={search_term_string}"},"query-input":{"@type":"PropertyValueSpecification","valueRequired":true,"valueName":"search_term_string"}}],"inLanguage":"pt-PT"},{"@type":["Person","Organization"],"@id":"https:\/\/maniadasmoedas.pt\/#\/schema\/person\/489ba095c99ab0b617a4e66e2783b41f","name":"AGabriel","image":{"@type":"ImageObject","inLanguage":"pt-PT","@id":"https:\/\/maniadasmoedas.pt\/wp-content\/uploads\/2020\/05\/cropped-logo-site.fw_-2-2.png","url":"https:\/\/maniadasmoedas.pt\/wp-content\/uploads\/2020\/05\/cropped-logo-site.fw_-2-2.png","contentUrl":"https:\/\/maniadasmoedas.pt\/wp-content\/uploads\/2020\/05\/cropped-logo-site.fw_-2-2.png","width":100,"height":100,"caption":"AGabriel"},"logo":{"@id":"https:\/\/maniadasmoedas.pt\/wp-content\/uploads\/2020\/05\/cropped-logo-site.fw_-2-2.png"}}]}},"uagb_featured_image_src":{"full":["https:\/\/maniadasmoedas.pt\/wp-content\/uploads\/2021\/01\/presentation-case-volterra-uno-de-luxe-for-35-coins-in-capsules-up-to-26-mm-o.jpg",1640,1640,false],"thumbnail":["https:\/\/maniadasmoedas.pt\/wp-content\/uploads\/2021\/01\/presentation-case-volterra-uno-de-luxe-for-35-coins-in-capsules-up-to-26-mm-o-150x150.jpg",150,150,true],"medium":["https:\/\/maniadasmoedas.pt\/wp-content\/uploads\/2021\/01\/presentation-case-volterra-uno-de-luxe-for-35-coins-in-capsules-up-to-26-mm-o-300x300.jpg",300,300,true],"medium_large":["https:\/\/maniadasmoedas.pt\/wp-content\/uploads\/2021\/01\/presentation-case-volterra-uno-de-luxe-for-35-coins-in-capsules-up-to-26-mm-o-768x768.jpg",640,640,true],"large":["https:\/\/maniadasmoedas.pt\/wp-content\/uploads\/2021\/01\/presentation-case-volterra-uno-de-luxe-for-35-coins-in-capsules-up-to-26-mm-o-1024x1024.jpg",640,640,true],"rpg_gallery_admin_thumb":["https:\/\/maniadasmoedas.pt\/wp-content\/uploads\/2021\/01\/presentation-case-volterra-uno-de-luxe-for-35-coins-in-capsules-up-to-26-mm-o-150x150.jpg",150,150,true],"rpg_gallery_thumb":["https:\/\/maniadasmoedas.pt\/wp-content\/uploads\/2021\/01\/presentation-case-volterra-uno-de-luxe-for-35-coins-in-capsules-up-to-26-mm-o-150x150.jpg",150,150,true],"1536x1536":["https:\/\/maniadasmoedas.pt\/wp-content\/uploads\/2021\/01\/presentation-case-volterra-uno-de-luxe-for-35-coins-in-capsules-up-to-26-mm-o-1536x1536.jpg",1536,1536,true],"2048x2048":["https:\/\/maniadasmoedas.pt\/wp-content\/uploads\/2021\/01\/presentation-case-volterra-uno-de-luxe-for-35-coins-in-capsules-up-to-26-mm-o.jpg",1640,1640,false],"woocommerce_thumbnail":["https:\/\/maniadasmoedas.pt\/wp-content\/uploads\/2021\/01\/presentation-case-volterra-uno-de-luxe-for-35-coins-in-capsules-up-to-26-mm-o-320x320.jpg",320,320,true],"woocommerce_single":["https:\/\/maniadasmoedas.pt\/wp-content\/uploads\/2021\/01\/presentation-case-volterra-uno-de-luxe-for-35-coins-in-capsules-up-to-26-mm-o-600x600.jpg",600,600,true],"woocommerce_gallery_thumbnail":["https:\/\/maniadasmoedas.pt\/wp-content\/uploads\/2021\/01\/presentation-case-volterra-uno-de-luxe-for-35-coins-in-capsules-up-to-26-mm-o-100x100.jpg",100,100,true],"thaps-thumb-img":["https:\/\/maniadasmoedas.pt\/wp-content\/uploads\/2021\/01\/presentation-case-volterra-uno-de-luxe-for-35-coins-in-capsules-up-to-26-mm-o.jpg",48,48,false],"taiowc-thumb-img":["https:\/\/maniadasmoedas.pt\/wp-content\/uploads\/2021\/01\/presentation-case-volterra-uno-de-luxe-for-35-coins-in-capsules-up-to-26-mm-o.jpg",48,48,false]},"uagb_author_info":{"display_name":"AGabriel","author_link":"https:\/\/maniadasmoedas.pt\/?author=0"},"uagb_comment_info":0,"uagb_excerpt":"Caixa para moedas VOLTERRA UNO de Luxe para 2 moedas de euro em c\u00e1psulas. Caixa para moedas de alta qualidade em madeira de gr\u00e3o de mogno, almofada da tampa com seda azul, elaborado relevo da tampa. Inlay com superf\u00edcie aveludada para um total de 35 moedas de 2 euros em c\u00e1psulas. 5 x 7 campos&hellip;","jetpack_sharing_enabled":true,"_links":{"self":[{"href":"https:\/\/maniadasmoedas.pt\/index.php?rest_route=\/wp\/v2\/product\/33174","targetHints":{"allow":["GET"]}}],"collection":[{"href":"https:\/\/maniadasmoedas.pt\/index.php?rest_route=\/wp\/v2\/product"}],"about":[{"href":"https:\/\/maniadasmoedas.pt\/index.php?rest_route=\/wp\/v2\/types\/product"}],"replies":[{"embeddable":true,"href":"https:\/\/maniadasmoedas.pt\/index.php?rest_route=%2Fwp%2Fv2%2Fcomments&post=33174"}],"version-history":[{"count":1,"href":"https:\/\/maniadasmoedas.pt\/index.php?rest_route=\/wp\/v2\/product\/33174\/revisions"}],"predecessor-version":[{"id":33177,"href":"https:\/\/maniadasmoedas.pt\/index.php?rest_route=\/wp\/v2\/product\/33174\/revisions\/33177"}],"wp:featuredmedia":[{"embeddable":true,"href":"https:\/\/maniadasmoedas.pt\/index.php?rest_route=\/wp\/v2\/media\/33175"}],"wp:attachment":[{"href":"https:\/\/maniadasmoedas.pt\/index.php?rest_route=%2Fwp%2Fv2%2Fmedia&parent=33174"}],"wp:term":[{"taxonomy":"product_brand","embeddable":true,"href":"https:\/\/maniadasmoedas.pt\/index.php?rest_route=%2Fwp%2Fv2%2Fproduct_brand&post=33174"},{"taxonomy":"product_cat","embeddable":true,"href":"https:\/\/maniadasmoedas.pt\/index.php?rest_route=%2Fwp%2Fv2%2Fproduct_cat&post=33174"},{"taxonomy":"product_tag","embeddable":true,"href":"https:\/\/maniadasmoedas.pt\/index.php?rest_route=%2Fwp%2Fv2%2Fproduct_tag&post=33174"}],"curies":[{"name":"wp","href":"https:\/\/api.w.org\/{rel}","templated":true}]}}