{"id":32957,"date":"2020-08-13T11:17:22","date_gmt":"2020-08-13T11:17:22","guid":{"rendered":"https:\/\/maniadasmoedas.pt\/?post_type=product&#038;p=32957"},"modified":"2026-01-07T19:26:52","modified_gmt":"2026-01-07T19:26:52","slug":"moeda-malta-2020-templos-skorba","status":"publish","type":"product","link":"https:\/\/maniadasmoedas.pt\/?product=moeda-malta-2020-templos-skorba","title":{"rendered":"Moeda Malta 2020 &#8211; Templos Skorba"},"content":{"rendered":"<p>Moeda de 2\u20ac alusiva aos Templos Skorba<br \/>\nPode escolher o acondicionamento, Alv\u00e9olo de agrafar, alv\u00e9olo autocolante ou em c\u00e1psula.<\/p>\n<p>Estado: UNC<\/p>\n","protected":false},"excerpt":{"rendered":"<p>Moeda de 2\u20ac alusiva aos Templos Skorba<br \/>\nPode escolher o acondicionamento, Alv\u00e9olo de agrafar, alv\u00e9olo autocolante ou em c\u00e1psula.<\/p>\n<p>Estado: UNC<\/p>\n","protected":false},"featured_media":32960,"comment_status":"closed","ping_status":"closed","template":"","meta":{"_acf_changed":false,"_uag_custom_page_level_css":""},"product_brand":[],"product_cat":[83,71,162,15],"product_tag":[],"class_list":{"0":"post-32957","1":"product","2":"type-product","3":"status-publish","4":"has-post-thumbnail","6":"product_cat-malta","7":"product_cat-moedas","8":"product_cat-moedas-2e-malta","9":"product_cat-todos","10":"thunk-woo-product-list","11":"opn-qv-enable","12":"open-woo-hover-","13":"open-single-product-tab-horizontal","14":"open-shadow-","15":"open-shadow-hover-","17":"first","18":"instock","19":"shipping-taxable","20":"purchasable","21":"product-type-simple"},"acf":[],"yoast_head":"<!-- This site is optimized with the Yoast SEO plugin v27.4 - https:\/\/yoast.com\/product\/yoast-seo-wordpress\/ -->\n<title>Moeda Malta 2020 - Templos Skorba - Mania das Moedas<\/title>\n<meta name=\"description\" content=\"Moeda de 2\u20ac alusiva aos templos skorba 2020. Moedas de 2\u20ac Espanha, Gr\u00e9cia, Malta, Portugal, Luxemburgo, Est\u00f3nia. Acess\u00f3rios. Low Cost\" \/>\n<meta name=\"robots\" content=\"index, follow, max-snippet:-1, max-image-preview:large, max-video-preview:-1\" \/>\n<link rel=\"canonical\" href=\"https:\/\/maniadasmoedas.pt\/?product=moeda-malta-2020-templos-skorba\" \/>\n<meta property=\"og:locale\" content=\"pt_PT\" \/>\n<meta property=\"og:type\" content=\"article\" \/>\n<meta property=\"og:title\" content=\"Moeda Malta 2020 - Templos Skorba - Mania das Moedas\" \/>\n<meta property=\"og:description\" content=\"Moeda de 2\u20ac alusiva aos templos skorba 2020. Moedas de 2\u20ac Espanha, Gr\u00e9cia, Malta, Portugal, Luxemburgo, Est\u00f3nia. Acess\u00f3rios. Low Cost\" \/>\n<meta property=\"og:url\" content=\"https:\/\/maniadasmoedas.pt\/?product=moeda-malta-2020-templos-skorba\" \/>\n<meta property=\"og:site_name\" content=\"Mania das Moedas\" \/>\n<meta property=\"article:modified_time\" content=\"2026-01-07T19:26:52+00:00\" \/>\n<meta property=\"og:image\" content=\"https:\/\/maniadasmoedas.pt\/wp-content\/uploads\/2020\/08\/malta-2020.fw_.png\" \/>\n\t<meta property=\"og:image:width\" content=\"600\" \/>\n\t<meta property=\"og:image:height\" content=\"600\" \/>\n\t<meta property=\"og:image:type\" content=\"image\/png\" \/>\n<meta name=\"twitter:card\" content=\"summary_large_image\" \/>\n<script type=\"application\/ld+json\" class=\"yoast-schema-graph\">{\"@context\":\"https:\\\/\\\/schema.org\",\"@graph\":[{\"@type\":\"WebPage\",\"@id\":\"https:\\\/\\\/maniadasmoedas.pt\\\/?product=moeda-malta-2020-templos-skorba\",\"url\":\"https:\\\/\\\/maniadasmoedas.pt\\\/?product=moeda-malta-2020-templos-skorba\",\"name\":\"Moeda Malta 2020 - Templos Skorba - Mania das Moedas\",\"isPartOf\":{\"@id\":\"https:\\\/\\\/maniadasmoedas.pt\\\/#website\"},\"primaryImageOfPage\":{\"@id\":\"https:\\\/\\\/maniadasmoedas.pt\\\/?product=moeda-malta-2020-templos-skorba#primaryimage\"},\"image\":{\"@id\":\"https:\\\/\\\/maniadasmoedas.pt\\\/?product=moeda-malta-2020-templos-skorba#primaryimage\"},\"thumbnailUrl\":\"https:\\\/\\\/maniadasmoedas.pt\\\/wp-content\\\/uploads\\\/2020\\\/08\\\/malta-2020.fw_.png\",\"datePublished\":\"2020-08-13T11:17:22+00:00\",\"dateModified\":\"2026-01-07T19:26:52+00:00\",\"description\":\"Moeda de 2\u20ac alusiva aos templos skorba 2020. Moedas de 2\u20ac Espanha, Gr\u00e9cia, Malta, Portugal, Luxemburgo, Est\u00f3nia. Acess\u00f3rios. Low Cost\",\"breadcrumb\":{\"@id\":\"https:\\\/\\\/maniadasmoedas.pt\\\/?product=moeda-malta-2020-templos-skorba#breadcrumb\"},\"inLanguage\":\"pt-PT\",\"potentialAction\":[{\"@type\":\"ReadAction\",\"target\":[\"https:\\\/\\\/maniadasmoedas.pt\\\/?product=moeda-malta-2020-templos-skorba\"]}]},{\"@type\":\"ImageObject\",\"inLanguage\":\"pt-PT\",\"@id\":\"https:\\\/\\\/maniadasmoedas.pt\\\/?product=moeda-malta-2020-templos-skorba#primaryimage\",\"url\":\"https:\\\/\\\/maniadasmoedas.pt\\\/wp-content\\\/uploads\\\/2020\\\/08\\\/malta-2020.fw_.png\",\"contentUrl\":\"https:\\\/\\\/maniadasmoedas.pt\\\/wp-content\\\/uploads\\\/2020\\\/08\\\/malta-2020.fw_.png\",\"width\":600,\"height\":600},{\"@type\":\"BreadcrumbList\",\"@id\":\"https:\\\/\\\/maniadasmoedas.pt\\\/?product=moeda-malta-2020-templos-skorba#breadcrumb\",\"itemListElement\":[{\"@type\":\"ListItem\",\"position\":1,\"name\":\"In\u00edcio\",\"item\":\"https:\\\/\\\/maniadasmoedas.pt\\\/\"},{\"@type\":\"ListItem\",\"position\":2,\"name\":\"Elementor #34262\",\"item\":\"https:\\\/\\\/maniadasmoedas.pt\\\/?page_id=34262\"},{\"@type\":\"ListItem\",\"position\":3,\"name\":\"Moeda Malta 2020 &#8211; Templos Skorba\"}]},{\"@type\":\"WebSite\",\"@id\":\"https:\\\/\\\/maniadasmoedas.pt\\\/#website\",\"url\":\"https:\\\/\\\/maniadasmoedas.pt\\\/\",\"name\":\"ManiaDasMoedas\",\"description\":\"Uma Moeda Nunca Vem S\u00f3!\",\"publisher\":{\"@id\":\"https:\\\/\\\/maniadasmoedas.pt\\\/#\\\/schema\\\/person\\\/489ba095c99ab0b617a4e66e2783b41f\"},\"potentialAction\":[{\"@type\":\"SearchAction\",\"target\":{\"@type\":\"EntryPoint\",\"urlTemplate\":\"https:\\\/\\\/maniadasmoedas.pt\\\/?s={search_term_string}\"},\"query-input\":{\"@type\":\"PropertyValueSpecification\",\"valueRequired\":true,\"valueName\":\"search_term_string\"}}],\"inLanguage\":\"pt-PT\"},{\"@type\":[\"Person\",\"Organization\"],\"@id\":\"https:\\\/\\\/maniadasmoedas.pt\\\/#\\\/schema\\\/person\\\/489ba095c99ab0b617a4e66e2783b41f\",\"name\":\"AGabriel\",\"image\":{\"@type\":\"ImageObject\",\"inLanguage\":\"pt-PT\",\"@id\":\"https:\\\/\\\/maniadasmoedas.pt\\\/wp-content\\\/uploads\\\/2020\\\/05\\\/cropped-logo-site.fw_-2-2.png\",\"url\":\"https:\\\/\\\/maniadasmoedas.pt\\\/wp-content\\\/uploads\\\/2020\\\/05\\\/cropped-logo-site.fw_-2-2.png\",\"contentUrl\":\"https:\\\/\\\/maniadasmoedas.pt\\\/wp-content\\\/uploads\\\/2020\\\/05\\\/cropped-logo-site.fw_-2-2.png\",\"width\":100,\"height\":100,\"caption\":\"AGabriel\"},\"logo\":{\"@id\":\"https:\\\/\\\/maniadasmoedas.pt\\\/wp-content\\\/uploads\\\/2020\\\/05\\\/cropped-logo-site.fw_-2-2.png\"}}]}<\/script>\n<!-- \/ Yoast SEO plugin. -->","yoast_head_json":{"title":"Moeda Malta 2020 - Templos Skorba - Mania das Moedas","description":"Moeda de 2\u20ac alusiva aos templos skorba 2020. Moedas de 2\u20ac Espanha, Gr\u00e9cia, Malta, Portugal, Luxemburgo, Est\u00f3nia. Acess\u00f3rios. Low Cost","robots":{"index":"index","follow":"follow","max-snippet":"max-snippet:-1","max-image-preview":"max-image-preview:large","max-video-preview":"max-video-preview:-1"},"canonical":"https:\/\/maniadasmoedas.pt\/?product=moeda-malta-2020-templos-skorba","og_locale":"pt_PT","og_type":"article","og_title":"Moeda Malta 2020 - Templos Skorba - Mania das Moedas","og_description":"Moeda de 2\u20ac alusiva aos templos skorba 2020. Moedas de 2\u20ac Espanha, Gr\u00e9cia, Malta, Portugal, Luxemburgo, Est\u00f3nia. Acess\u00f3rios. Low Cost","og_url":"https:\/\/maniadasmoedas.pt\/?product=moeda-malta-2020-templos-skorba","og_site_name":"Mania das Moedas","article_modified_time":"2026-01-07T19:26:52+00:00","og_image":[{"width":600,"height":600,"url":"https:\/\/maniadasmoedas.pt\/wp-content\/uploads\/2020\/08\/malta-2020.fw_.png","type":"image\/png"}],"twitter_card":"summary_large_image","schema":{"@context":"https:\/\/schema.org","@graph":[{"@type":"WebPage","@id":"https:\/\/maniadasmoedas.pt\/?product=moeda-malta-2020-templos-skorba","url":"https:\/\/maniadasmoedas.pt\/?product=moeda-malta-2020-templos-skorba","name":"Moeda Malta 2020 - Templos Skorba - Mania das Moedas","isPartOf":{"@id":"https:\/\/maniadasmoedas.pt\/#website"},"primaryImageOfPage":{"@id":"https:\/\/maniadasmoedas.pt\/?product=moeda-malta-2020-templos-skorba#primaryimage"},"image":{"@id":"https:\/\/maniadasmoedas.pt\/?product=moeda-malta-2020-templos-skorba#primaryimage"},"thumbnailUrl":"https:\/\/maniadasmoedas.pt\/wp-content\/uploads\/2020\/08\/malta-2020.fw_.png","datePublished":"2020-08-13T11:17:22+00:00","dateModified":"2026-01-07T19:26:52+00:00","description":"Moeda de 2\u20ac alusiva aos templos skorba 2020. Moedas de 2\u20ac Espanha, Gr\u00e9cia, Malta, Portugal, Luxemburgo, Est\u00f3nia. Acess\u00f3rios. Low Cost","breadcrumb":{"@id":"https:\/\/maniadasmoedas.pt\/?product=moeda-malta-2020-templos-skorba#breadcrumb"},"inLanguage":"pt-PT","potentialAction":[{"@type":"ReadAction","target":["https:\/\/maniadasmoedas.pt\/?product=moeda-malta-2020-templos-skorba"]}]},{"@type":"ImageObject","inLanguage":"pt-PT","@id":"https:\/\/maniadasmoedas.pt\/?product=moeda-malta-2020-templos-skorba#primaryimage","url":"https:\/\/maniadasmoedas.pt\/wp-content\/uploads\/2020\/08\/malta-2020.fw_.png","contentUrl":"https:\/\/maniadasmoedas.pt\/wp-content\/uploads\/2020\/08\/malta-2020.fw_.png","width":600,"height":600},{"@type":"BreadcrumbList","@id":"https:\/\/maniadasmoedas.pt\/?product=moeda-malta-2020-templos-skorba#breadcrumb","itemListElement":[{"@type":"ListItem","position":1,"name":"In\u00edcio","item":"https:\/\/maniadasmoedas.pt\/"},{"@type":"ListItem","position":2,"name":"Elementor #34262","item":"https:\/\/maniadasmoedas.pt\/?page_id=34262"},{"@type":"ListItem","position":3,"name":"Moeda Malta 2020 &#8211; Templos Skorba"}]},{"@type":"WebSite","@id":"https:\/\/maniadasmoedas.pt\/#website","url":"https:\/\/maniadasmoedas.pt\/","name":"ManiaDasMoedas","description":"Uma Moeda Nunca Vem S\u00f3!","publisher":{"@id":"https:\/\/maniadasmoedas.pt\/#\/schema\/person\/489ba095c99ab0b617a4e66e2783b41f"},"potentialAction":[{"@type":"SearchAction","target":{"@type":"EntryPoint","urlTemplate":"https:\/\/maniadasmoedas.pt\/?s={search_term_string}"},"query-input":{"@type":"PropertyValueSpecification","valueRequired":true,"valueName":"search_term_string"}}],"inLanguage":"pt-PT"},{"@type":["Person","Organization"],"@id":"https:\/\/maniadasmoedas.pt\/#\/schema\/person\/489ba095c99ab0b617a4e66e2783b41f","name":"AGabriel","image":{"@type":"ImageObject","inLanguage":"pt-PT","@id":"https:\/\/maniadasmoedas.pt\/wp-content\/uploads\/2020\/05\/cropped-logo-site.fw_-2-2.png","url":"https:\/\/maniadasmoedas.pt\/wp-content\/uploads\/2020\/05\/cropped-logo-site.fw_-2-2.png","contentUrl":"https:\/\/maniadasmoedas.pt\/wp-content\/uploads\/2020\/05\/cropped-logo-site.fw_-2-2.png","width":100,"height":100,"caption":"AGabriel"},"logo":{"@id":"https:\/\/maniadasmoedas.pt\/wp-content\/uploads\/2020\/05\/cropped-logo-site.fw_-2-2.png"}}]}},"uagb_featured_image_src":{"full":["https:\/\/maniadasmoedas.pt\/wp-content\/uploads\/2020\/08\/malta-2020.fw_.png",600,600,false],"thumbnail":["https:\/\/maniadasmoedas.pt\/wp-content\/uploads\/2020\/08\/malta-2020.fw_-150x150.png",150,150,true],"medium":["https:\/\/maniadasmoedas.pt\/wp-content\/uploads\/2020\/08\/malta-2020.fw_-300x300.png",300,300,true],"medium_large":["https:\/\/maniadasmoedas.pt\/wp-content\/uploads\/2020\/08\/malta-2020.fw_.png",600,600,false],"large":["https:\/\/maniadasmoedas.pt\/wp-content\/uploads\/2020\/08\/malta-2020.fw_.png",600,600,false],"rpg_gallery_admin_thumb":["https:\/\/maniadasmoedas.pt\/wp-content\/uploads\/2020\/08\/malta-2020.fw_-150x150.png",150,150,true],"rpg_gallery_thumb":["https:\/\/maniadasmoedas.pt\/wp-content\/uploads\/2020\/08\/malta-2020.fw_-150x150.png",150,150,true],"1536x1536":["https:\/\/maniadasmoedas.pt\/wp-content\/uploads\/2020\/08\/malta-2020.fw_.png",600,600,false],"2048x2048":["https:\/\/maniadasmoedas.pt\/wp-content\/uploads\/2020\/08\/malta-2020.fw_.png",600,600,false],"woocommerce_thumbnail":["https:\/\/maniadasmoedas.pt\/wp-content\/uploads\/2020\/08\/malta-2020.fw_-320x320.png",320,320,true],"woocommerce_single":["https:\/\/maniadasmoedas.pt\/wp-content\/uploads\/2020\/08\/malta-2020.fw_.png",600,600,false],"woocommerce_gallery_thumbnail":["https:\/\/maniadasmoedas.pt\/wp-content\/uploads\/2020\/08\/malta-2020.fw_-100x100.png",100,100,true],"thaps-thumb-img":["https:\/\/maniadasmoedas.pt\/wp-content\/uploads\/2020\/08\/malta-2020.fw_.png",48,48,false],"taiowc-thumb-img":["https:\/\/maniadasmoedas.pt\/wp-content\/uploads\/2020\/08\/malta-2020.fw_.png",48,48,false]},"uagb_author_info":{"display_name":"AGabriel","author_link":"https:\/\/maniadasmoedas.pt\/?author=0"},"uagb_comment_info":0,"uagb_excerpt":"Moeda de 2\u20ac alusiva aos Templos Skorba Pode escolher o acondicionamento, Alv\u00e9olo de agrafar, alv\u00e9olo autocolante ou em c\u00e1psula. Estado: UNC","jetpack_sharing_enabled":true,"_links":{"self":[{"href":"https:\/\/maniadasmoedas.pt\/index.php?rest_route=\/wp\/v2\/product\/32957","targetHints":{"allow":["GET"]}}],"collection":[{"href":"https:\/\/maniadasmoedas.pt\/index.php?rest_route=\/wp\/v2\/product"}],"about":[{"href":"https:\/\/maniadasmoedas.pt\/index.php?rest_route=\/wp\/v2\/types\/product"}],"replies":[{"embeddable":true,"href":"https:\/\/maniadasmoedas.pt\/index.php?rest_route=%2Fwp%2Fv2%2Fcomments&post=32957"}],"version-history":[{"count":0,"href":"https:\/\/maniadasmoedas.pt\/index.php?rest_route=\/wp\/v2\/product\/32957\/revisions"}],"wp:featuredmedia":[{"embeddable":true,"href":"https:\/\/maniadasmoedas.pt\/index.php?rest_route=\/wp\/v2\/media\/32960"}],"wp:attachment":[{"href":"https:\/\/maniadasmoedas.pt\/index.php?rest_route=%2Fwp%2Fv2%2Fmedia&parent=32957"}],"wp:term":[{"taxonomy":"product_brand","embeddable":true,"href":"https:\/\/maniadasmoedas.pt\/index.php?rest_route=%2Fwp%2Fv2%2Fproduct_brand&post=32957"},{"taxonomy":"product_cat","embeddable":true,"href":"https:\/\/maniadasmoedas.pt\/index.php?rest_route=%2Fwp%2Fv2%2Fproduct_cat&post=32957"},{"taxonomy":"product_tag","embeddable":true,"href":"https:\/\/maniadasmoedas.pt\/index.php?rest_route=%2Fwp%2Fv2%2Fproduct_tag&post=32957"}],"curies":[{"name":"wp","href":"https:\/\/api.w.org\/{rel}","templated":true}]}}